{"id":9896,"date":"2025-03-25T07:52:44","date_gmt":"2025-03-25T10:52:44","guid":{"rendered":"https:\/\/pscjslz.com.br\/?p=9896"},"modified":"2026-03-03T13:15:51","modified_gmt":"2026-03-03T16:15:51","slug":"escola-da-fe-comunicacao-nao-violenta-cnv","status":"publish","type":"page","link":"https:\/\/pscjslz.com.br\/?page_id=9896","title":{"rendered":"Fotos da Escola da F\u00e9 &#8211; Comunica\u00e7\u00e3o N\u00e3o-Violenta (CNV) &#8211; (25\/03\/2025)"},"content":{"rendered":"\n<figure class=\"wp-block-gallery has-nested-images columns-default is-cropped wp-block-gallery-1 is-layout-flex wp-block-gallery-is-layout-flex\">\n<figure class=\"wp-block-image size-large\"><img fetchpriority=\"high\" decoding=\"async\" width=\"1024\" height=\"576\" data-id=\"9897\" src=\"https:\/\/pscjslz.com.br\/wp-content\/uploads\/2025\/03\/9bfb0e86-374b-472c-a1f0-21c7a0c54621-1024x576.jpeg\" alt=\"\" class=\"wp-image-9897\" srcset=\"https:\/\/pscjslz.com.br\/wp-content\/uploads\/2025\/03\/9bfb0e86-374b-472c-a1f0-21c7a0c54621-1024x576.jpeg 1024w, https:\/\/pscjslz.com.br\/wp-content\/uploads\/2025\/03\/9bfb0e86-374b-472c-a1f0-21c7a0c54621-300x169.jpeg 300w, https:\/\/pscjslz.com.br\/wp-content\/uploads\/2025\/03\/9bfb0e86-374b-472c-a1f0-21c7a0c54621-768x432.jpeg 768w, https:\/\/pscjslz.com.br\/wp-content\/uploads\/2025\/03\/9bfb0e86-374b-472c-a1f0-21c7a0c54621-1536x864.jpeg 1536w, https:\/\/pscjslz.com.br\/wp-content\/uploads\/2025\/03\/9bfb0e86-374b-472c-a1f0-21c7a0c54621.jpeg 1600w\" sizes=\"(max-width: 1024px) 100vw, 1024px\" \/><\/figure>\n\n\n\n<figure class=\"wp-block-image size-large\"><img decoding=\"async\" width=\"576\" height=\"1024\" data-id=\"9898\" src=\"https:\/\/pscjslz.com.br\/wp-content\/uploads\/2025\/03\/6862cf76-d814-4628-a46a-a878ba8523bc-576x1024.jpeg\" alt=\"\" class=\"wp-image-9898\" srcset=\"https:\/\/pscjslz.com.br\/wp-content\/uploads\/2025\/03\/6862cf76-d814-4628-a46a-a878ba8523bc-576x1024.jpeg 576w, https:\/\/pscjslz.com.br\/wp-content\/uploads\/2025\/03\/6862cf76-d814-4628-a46a-a878ba8523bc-169x300.jpeg 169w, https:\/\/pscjslz.com.br\/wp-content\/uploads\/2025\/03\/6862cf76-d814-4628-a46a-a878ba8523bc.jpeg 720w\" sizes=\"(max-width: 576px) 100vw, 576px\" \/><\/figure>\n\n\n\n<figure class=\"wp-block-image size-large\"><img decoding=\"async\" width=\"1024\" height=\"576\" data-id=\"9899\" src=\"https:\/\/pscjslz.com.br\/wp-content\/uploads\/2025\/03\/b354419a-8d20-4fc3-83de-c234df955349-1024x576.jpeg\" alt=\"\" class=\"wp-image-9899\" srcset=\"https:\/\/pscjslz.com.br\/wp-content\/uploads\/2025\/03\/b354419a-8d20-4fc3-83de-c234df955349-1024x576.jpeg 1024w, https:\/\/pscjslz.com.br\/wp-content\/uploads\/2025\/03\/b354419a-8d20-4fc3-83de-c234df955349-300x169.jpeg 300w, https:\/\/pscjslz.com.br\/wp-content\/uploads\/2025\/03\/b354419a-8d20-4fc3-83de-c234df955349-768x432.jpeg 768w, https:\/\/pscjslz.com.br\/wp-content\/uploads\/2025\/03\/b354419a-8d20-4fc3-83de-c234df955349-1536x864.jpeg 1536w, https:\/\/pscjslz.com.br\/wp-content\/uploads\/2025\/03\/b354419a-8d20-4fc3-83de-c234df955349.jpeg 1600w\" sizes=\"(max-width: 1024px) 100vw, 1024px\" \/><\/figure>\n\n\n\n<figure class=\"wp-block-image size-large\"><img loading=\"lazy\" decoding=\"async\" width=\"576\" height=\"1024\" data-id=\"9900\" src=\"https:\/\/pscjslz.com.br\/wp-content\/uploads\/2025\/03\/fbf5ef03-d22b-4e78-9a86-81ee2f974af6-576x1024.jpeg\" alt=\"\" class=\"wp-image-9900\" srcset=\"https:\/\/pscjslz.com.br\/wp-content\/uploads\/2025\/03\/fbf5ef03-d22b-4e78-9a86-81ee2f974af6-576x1024.jpeg 576w, https:\/\/pscjslz.com.br\/wp-content\/uploads\/2025\/03\/fbf5ef03-d22b-4e78-9a86-81ee2f974af6-169x300.jpeg 169w, https:\/\/pscjslz.com.br\/wp-content\/uploads\/2025\/03\/fbf5ef03-d22b-4e78-9a86-81ee2f974af6.jpeg 720w\" sizes=\"(max-width: 576px) 100vw, 576px\" \/><\/figure>\n\n\n\n<figure class=\"wp-block-image size-large\"><img loading=\"lazy\" decoding=\"async\" width=\"576\" height=\"1024\" data-id=\"9901\" src=\"https:\/\/pscjslz.com.br\/wp-content\/uploads\/2025\/03\/17eaca03-48a9-4ab2-b23d-3583e5f7e032-576x1024.jpeg\" alt=\"\" class=\"wp-image-9901\" srcset=\"https:\/\/pscjslz.com.br\/wp-content\/uploads\/2025\/03\/17eaca03-48a9-4ab2-b23d-3583e5f7e032-576x1024.jpeg 576w, https:\/\/pscjslz.com.br\/wp-content\/uploads\/2025\/03\/17eaca03-48a9-4ab2-b23d-3583e5f7e032-169x300.jpeg 169w, https:\/\/pscjslz.com.br\/wp-content\/uploads\/2025\/03\/17eaca03-48a9-4ab2-b23d-3583e5f7e032.jpeg 720w\" sizes=\"(max-width: 576px) 100vw, 576px\" \/><\/figure>\n\n\n\n<figure class=\"wp-block-image size-large\"><img loading=\"lazy\" decoding=\"async\" width=\"1024\" height=\"576\" data-id=\"9902\" src=\"https:\/\/pscjslz.com.br\/wp-content\/uploads\/2025\/03\/bd4fff99-e403-45c5-9eb5-95fd480d4f09-1024x576.jpeg\" alt=\"\" class=\"wp-image-9902\" srcset=\"https:\/\/pscjslz.com.br\/wp-content\/uploads\/2025\/03\/bd4fff99-e403-45c5-9eb5-95fd480d4f09-1024x576.jpeg 1024w, https:\/\/pscjslz.com.br\/wp-content\/uploads\/2025\/03\/bd4fff99-e403-45c5-9eb5-95fd480d4f09-300x169.jpeg 300w, https:\/\/pscjslz.com.br\/wp-content\/uploads\/2025\/03\/bd4fff99-e403-45c5-9eb5-95fd480d4f09-768x432.jpeg 768w, https:\/\/pscjslz.com.br\/wp-content\/uploads\/2025\/03\/bd4fff99-e403-45c5-9eb5-95fd480d4f09-1536x864.jpeg 1536w, https:\/\/pscjslz.com.br\/wp-content\/uploads\/2025\/03\/bd4fff99-e403-45c5-9eb5-95fd480d4f09.jpeg 1600w\" sizes=\"(max-width: 1024px) 100vw, 1024px\" \/><\/figure>\n\n\n\n<figure class=\"wp-block-image size-large\"><img loading=\"lazy\" decoding=\"async\" width=\"576\" height=\"1024\" data-id=\"9903\" src=\"https:\/\/pscjslz.com.br\/wp-content\/uploads\/2025\/03\/955b9377-686f-4a3f-9c00-203eb6be6048-576x1024.jpeg\" alt=\"\" class=\"wp-image-9903\" srcset=\"https:\/\/pscjslz.com.br\/wp-content\/uploads\/2025\/03\/955b9377-686f-4a3f-9c00-203eb6be6048-576x1024.jpeg 576w, https:\/\/pscjslz.com.br\/wp-content\/uploads\/2025\/03\/955b9377-686f-4a3f-9c00-203eb6be6048-169x300.jpeg 169w, https:\/\/pscjslz.com.br\/wp-content\/uploads\/2025\/03\/955b9377-686f-4a3f-9c00-203eb6be6048.jpeg 720w\" sizes=\"(max-width: 576px) 100vw, 576px\" \/><\/figure>\n\n\n\n<figure class=\"wp-block-image size-large\"><img loading=\"lazy\" decoding=\"async\" width=\"1024\" height=\"576\" data-id=\"9904\" src=\"https:\/\/pscjslz.com.br\/wp-content\/uploads\/2025\/03\/a412def6-6f84-4952-9e82-7c9ccd22d61a-1024x576.jpeg\" alt=\"\" class=\"wp-image-9904\" srcset=\"https:\/\/pscjslz.com.br\/wp-content\/uploads\/2025\/03\/a412def6-6f84-4952-9e82-7c9ccd22d61a-1024x576.jpeg 1024w, https:\/\/pscjslz.com.br\/wp-content\/uploads\/2025\/03\/a412def6-6f84-4952-9e82-7c9ccd22d61a-300x169.jpeg 300w, https:\/\/pscjslz.com.br\/wp-content\/uploads\/2025\/03\/a412def6-6f84-4952-9e82-7c9ccd22d61a-768x432.jpeg 768w, https:\/\/pscjslz.com.br\/wp-content\/uploads\/2025\/03\/a412def6-6f84-4952-9e82-7c9ccd22d61a-1536x864.jpeg 1536w, https:\/\/pscjslz.com.br\/wp-content\/uploads\/2025\/03\/a412def6-6f84-4952-9e82-7c9ccd22d61a.jpeg 1600w\" sizes=\"(max-width: 1024px) 100vw, 1024px\" \/><\/figure>\n\n\n\n<figure class=\"wp-block-image size-large\"><img loading=\"lazy\" decoding=\"async\" width=\"1024\" height=\"576\" data-id=\"9905\" src=\"https:\/\/pscjslz.com.br\/wp-content\/uploads\/2025\/03\/d9dfe19f-03fd-48e7-97e6-2aab29ec6041-1024x576.jpeg\" alt=\"\" class=\"wp-image-9905\" srcset=\"https:\/\/pscjslz.com.br\/wp-content\/uploads\/2025\/03\/d9dfe19f-03fd-48e7-97e6-2aab29ec6041-1024x576.jpeg 1024w, https:\/\/pscjslz.com.br\/wp-content\/uploads\/2025\/03\/d9dfe19f-03fd-48e7-97e6-2aab29ec6041-300x169.jpeg 300w, https:\/\/pscjslz.com.br\/wp-content\/uploads\/2025\/03\/d9dfe19f-03fd-48e7-97e6-2aab29ec6041-768x432.jpeg 768w, https:\/\/pscjslz.com.br\/wp-content\/uploads\/2025\/03\/d9dfe19f-03fd-48e7-97e6-2aab29ec6041-1536x864.jpeg 1536w, https:\/\/pscjslz.com.br\/wp-content\/uploads\/2025\/03\/d9dfe19f-03fd-48e7-97e6-2aab29ec6041.jpeg 1600w\" sizes=\"(max-width: 1024px) 100vw, 1024px\" \/><\/figure>\n\n\n\n<figure class=\"wp-block-image size-large\"><img loading=\"lazy\" decoding=\"async\" width=\"1024\" height=\"576\" data-id=\"9906\" src=\"https:\/\/pscjslz.com.br\/wp-content\/uploads\/2025\/03\/f4d94e14-3cd6-4c2e-a656-fe512f85f7ba-1024x576.jpeg\" alt=\"\" class=\"wp-image-9906\" srcset=\"https:\/\/pscjslz.com.br\/wp-content\/uploads\/2025\/03\/f4d94e14-3cd6-4c2e-a656-fe512f85f7ba-1024x576.jpeg 1024w, https:\/\/pscjslz.com.br\/wp-content\/uploads\/2025\/03\/f4d94e14-3cd6-4c2e-a656-fe512f85f7ba-300x169.jpeg 300w, https:\/\/pscjslz.com.br\/wp-content\/uploads\/2025\/03\/f4d94e14-3cd6-4c2e-a656-fe512f85f7ba-768x432.jpeg 768w, https:\/\/pscjslz.com.br\/wp-content\/uploads\/2025\/03\/f4d94e14-3cd6-4c2e-a656-fe512f85f7ba-1536x864.jpeg 1536w, https:\/\/pscjslz.com.br\/wp-content\/uploads\/2025\/03\/f4d94e14-3cd6-4c2e-a656-fe512f85f7ba.jpeg 1600w\" sizes=\"(max-width: 1024px) 100vw, 1024px\" \/><\/figure>\n\n\n\n<figure class=\"wp-block-image size-large\"><img loading=\"lazy\" decoding=\"async\" width=\"1024\" height=\"576\" data-id=\"9907\" src=\"https:\/\/pscjslz.com.br\/wp-content\/uploads\/2025\/03\/4381c9c8-6978-4f90-8425-e13f7d5aa959-1024x576.jpeg\" alt=\"\" class=\"wp-image-9907\" srcset=\"https:\/\/pscjslz.com.br\/wp-content\/uploads\/2025\/03\/4381c9c8-6978-4f90-8425-e13f7d5aa959-1024x576.jpeg 1024w, https:\/\/pscjslz.com.br\/wp-content\/uploads\/2025\/03\/4381c9c8-6978-4f90-8425-e13f7d5aa959-300x169.jpeg 300w, https:\/\/pscjslz.com.br\/wp-content\/uploads\/2025\/03\/4381c9c8-6978-4f90-8425-e13f7d5aa959-768x432.jpeg 768w, https:\/\/pscjslz.com.br\/wp-content\/uploads\/2025\/03\/4381c9c8-6978-4f90-8425-e13f7d5aa959-1536x864.jpeg 1536w, https:\/\/pscjslz.com.br\/wp-content\/uploads\/2025\/03\/4381c9c8-6978-4f90-8425-e13f7d5aa959.jpeg 1600w\" sizes=\"(max-width: 1024px) 100vw, 1024px\" \/><\/figure>\n<\/figure>\n\n\n\n<p><\/p>\n","protected":false},"excerpt":{"rendered":"","protected":false},"author":1,"featured_media":0,"parent":0,"menu_order":0,"comment_status":"open","ping_status":"open","template":"","meta":{"site-sidebar-layout":"default","site-content-layout":"","ast-site-content-layout":"default","site-content-style":"default","site-sidebar-style":"default","ast-global-header-display":"","ast-banner-title-visibility":"","ast-main-header-display":"","ast-hfb-above-header-display":"","ast-hfb-below-header-display":"","ast-hfb-mobile-header-display":"","site-post-title":"","ast-breadcrumbs-content":"","ast-featured-img":"","footer-sml-layout":"","ast-disable-related-posts":"","theme-transparent-header-meta":"","adv-header-id-meta":"","stick-header-meta":"","header-above-stick-meta":"","header-main-stick-meta":"","header-below-stick-meta":"","astra-migrate-meta-layouts":"default","ast-page-background-enabled":"default","ast-page-background-meta":{"desktop":{"background-color":"var(--ast-global-color-5)","background-image":"","background-repeat":"repeat","background-position":"center center","background-size":"auto","background-attachment":"scroll","background-type":"","background-media":"","overlay-type":"","overlay-color":"","overlay-opacity":"","overlay-gradient":""},"tablet":{"background-color":"","background-image":"","background-repeat":"repeat","background-position":"center center","background-size":"auto","background-attachment":"scroll","background-type":"","background-media":"","overlay-type":"","overlay-color":"","overlay-opacity":"","overlay-gradient":""},"mobile":{"background-color":"","background-image":"","background-repeat":"repeat","background-position":"center center","background-size":"auto","background-attachment":"scroll","background-type":"","background-media":"","overlay-type":"","overlay-color":"","overlay-opacity":"","overlay-gradient":""}},"ast-content-background-meta":{"desktop":{"background-color":"var(--ast-global-color-4)","background-image":"","background-repeat":"repeat","background-position":"center center","background-size":"auto","background-attachment":"scroll","background-type":"","background-media":"","overlay-type":"","overlay-color":"","overlay-opacity":"","overlay-gradient":""},"tablet":{"background-color":"var(--ast-global-color-4)","background-image":"","background-repeat":"repeat","background-position":"center center","background-size":"auto","background-attachment":"scroll","background-type":"","background-media":"","overlay-type":"","overlay-color":"","overlay-opacity":"","overlay-gradient":""},"mobile":{"background-color":"var(--ast-global-color-4)","background-image":"","background-repeat":"repeat","background-position":"center center","background-size":"auto","background-attachment":"scroll","background-type":"","background-media":"","overlay-type":"","overlay-color":"","overlay-opacity":"","overlay-gradient":""}},"footnotes":""},"class_list":["post-9896","page","type-page","status-publish","hentry"],"_links":{"self":[{"href":"https:\/\/pscjslz.com.br\/index.php?rest_route=\/wp\/v2\/pages\/9896","targetHints":{"allow":["GET"]}}],"collection":[{"href":"https:\/\/pscjslz.com.br\/index.php?rest_route=\/wp\/v2\/pages"}],"about":[{"href":"https:\/\/pscjslz.com.br\/index.php?rest_route=\/wp\/v2\/types\/page"}],"author":[{"embeddable":true,"href":"https:\/\/pscjslz.com.br\/index.php?rest_route=\/wp\/v2\/users\/1"}],"replies":[{"embeddable":true,"href":"https:\/\/pscjslz.com.br\/index.php?rest_route=%2Fwp%2Fv2%2Fcomments&post=9896"}],"version-history":[{"count":2,"href":"https:\/\/pscjslz.com.br\/index.php?rest_route=\/wp\/v2\/pages\/9896\/revisions"}],"predecessor-version":[{"id":13901,"href":"https:\/\/pscjslz.com.br\/index.php?rest_route=\/wp\/v2\/pages\/9896\/revisions\/13901"}],"wp:attachment":[{"href":"https:\/\/pscjslz.com.br\/index.php?rest_route=%2Fwp%2Fv2%2Fmedia&parent=9896"}],"curies":[{"name":"wp","href":"https:\/\/api.w.org\/{rel}","templated":true}]}}