{"id":9367,"date":"2024-12-28T16:44:52","date_gmt":"2024-12-28T19:44:52","guid":{"rendered":"https:\/\/pscjslz.com.br\/?page_id=9367"},"modified":"2024-12-28T16:49:48","modified_gmt":"2024-12-28T19:49:48","slug":"sobriedade-feminina-2","status":"publish","type":"page","link":"https:\/\/pscjslz.com.br\/?page_id=9367","title":{"rendered":"Sobriedade Feminina"},"content":{"rendered":"\n<figure class=\"wp-block-image size-large\"><img fetchpriority=\"high\" decoding=\"async\" width=\"1024\" height=\"416\" src=\"https:\/\/pscjslz.com.br\/wp-content\/uploads\/2024\/12\/SOBRIEDADE-960-x-240-px-1600-x-650-px-1024x416.png\" alt=\"\" class=\"wp-image-9357\" srcset=\"https:\/\/pscjslz.com.br\/wp-content\/uploads\/2024\/12\/SOBRIEDADE-960-x-240-px-1600-x-650-px-1024x416.png 1024w, https:\/\/pscjslz.com.br\/wp-content\/uploads\/2024\/12\/SOBRIEDADE-960-x-240-px-1600-x-650-px-300x122.png 300w, https:\/\/pscjslz.com.br\/wp-content\/uploads\/2024\/12\/SOBRIEDADE-960-x-240-px-1600-x-650-px-768x312.png 768w, https:\/\/pscjslz.com.br\/wp-content\/uploads\/2024\/12\/SOBRIEDADE-960-x-240-px-1600-x-650-px-1536x624.png 1536w, https:\/\/pscjslz.com.br\/wp-content\/uploads\/2024\/12\/SOBRIEDADE-960-x-240-px-1600-x-650-px.png 1600w\" sizes=\"(max-width: 1024px) 100vw, 1024px\" \/><\/figure>\n\n\n\n<p>O Projeto \u201cSobriedade Feminina\u201d visa apoiar mulheres que desejam superar sua depend\u00eancia qu\u00edmica, oferecendo um espa\u00e7o seguro e acolhedor com encaminhamento ao atendimento psicol\u00f3gico e equipe multiprofissional, com psic\u00f3logos, nutricionistas, fisioterapeutas, conforme a necessidade de cada participante. Utilizando o trabalho de profissionais qualificados e volunt\u00e1rios da Igreja Cat\u00f3lica Sagrado Cora\u00e7\u00e3o de Jesus, a iniciativa busca proporcionar a recupera\u00e7\u00e3o emocional, mental e social dessas mulheres.<\/p>\n\n\n\n<p>Dedicado a mulheres que est\u00e3o em processo de recupera\u00e7\u00e3o de depend\u00eancia qu\u00edmica ou que desejam iniciar esse processo, atrav\u00e9s de apoio terap\u00eautico e espiritual, os encontros ser\u00e3o presenciais, todos os s\u00e1bados, das 18:00 \u00e0s 20:00,  no Centro de Acolhimento Sagrado Cora\u00e7\u00e3o de Jesus, em um ambiente preparado para oferecer acolhimento e conforto, com salas de reuni\u00f5es e espa\u00e7os adequados para as reuni\u00f5es terap\u00eauticas.<\/p>\n\n\n\n<p>O projeto &#8220;Sobriedade Feminina&#8221; visa ser um marco para o apoio e reintegra\u00e7\u00e3o de mulheres que enfrentam a depend\u00eancia qu\u00edmica, utilizando uma abordagem terap\u00eautica, espiritual e comunit\u00e1ria. O compromisso da Igreja Cat\u00f3lica Sagrado Cora\u00e7\u00e3o de Jesus\/Bequim\u00e3o e o suporte de profissionais qualificados ser\u00e3o fundamentais para o sucesso e impacto positivo na vida das participantes reconquistando sua sobriedade.<\/p>\n\n\n\n<p>Para fazer a inscri\u00e7\u00e3o, <a href=\"https:\/\/forms.gle\/S7PwuvyoVCtzu9A1A\">clique aqui<\/a>.<\/p>\n","protected":false},"excerpt":{"rendered":"<p>O Projeto \u201cSobriedade Feminina\u201d visa apoiar mulheres que desejam superar sua depend\u00eancia qu\u00edmica, oferecendo um espa\u00e7o seguro e acolhedor com encaminhamento ao atendimento psicol\u00f3gico e equipe multiprofissional, com psic\u00f3logos, nutricionistas, fisioterapeutas, conforme a necessidade de cada participante. Utilizando o trabalho de profissionais qualificados e volunt\u00e1rios da Igreja Cat\u00f3lica Sagrado Cora\u00e7\u00e3o de Jesus, a iniciativa busca proporcionar a recupera\u00e7\u00e3o emocional, mental e social dessas mulheres. Dedicado a mulheres que est\u00e3o em processo de recupera\u00e7\u00e3o de depend\u00eancia qu\u00edmica ou que desejam iniciar esse processo, atrav\u00e9s de apoio terap\u00eautico e espiritual, os encontros ser\u00e3o presenciais, todos os s\u00e1bados, das 18:00 \u00e0s 20:00, no Centro de Acolhimento Sagrado Cora\u00e7\u00e3o de Jesus, em um ambiente preparado para oferecer acolhimento e conforto, com salas de reuni\u00f5es e espa\u00e7os adequados para as reuni\u00f5es terap\u00eauticas. O projeto &#8220;Sobriedade Feminina&#8221; visa ser um marco para o apoio e reintegra\u00e7\u00e3o de mulheres que enfrentam a depend\u00eancia qu\u00edmica, utilizando uma abordagem terap\u00eautica, espiritual e comunit\u00e1ria. O compromisso da Igreja Cat\u00f3lica Sagrado Cora\u00e7\u00e3o de Jesus\/Bequim\u00e3o e o suporte de profissionais qualificados ser\u00e3o fundamentais para o sucesso e impacto positivo na vida das participantes reconquistando sua sobriedade. Para fazer a inscri\u00e7\u00e3o, clique aqui.<\/p>\n","protected":false},"author":1,"featured_media":9361,"parent":0,"menu_order":0,"comment_status":"closed","ping_status":"closed","template":"","meta":{"site-sidebar-layout":"default","site-content-layout":"","ast-site-content-layout":"default","site-content-style":"default","site-sidebar-style":"default","ast-global-header-display":"","ast-banner-title-visibility":"","ast-main-header-display":"","ast-hfb-above-header-display":"","ast-hfb-below-header-display":"","ast-hfb-mobile-header-display":"","site-post-title":"","ast-breadcrumbs-content":"","ast-featured-img":"","footer-sml-layout":"","ast-disable-related-posts":"","theme-transparent-header-meta":"","adv-header-id-meta":"","stick-header-meta":"","header-above-stick-meta":"","header-main-stick-meta":"","header-below-stick-meta":"","astra-migrate-meta-layouts":"default","ast-page-background-enabled":"default","ast-page-background-meta":{"desktop":{"background-color":"var(--ast-global-color-5)","background-image":"","background-repeat":"repeat","background-position":"center center","background-size":"auto","background-attachment":"scroll","background-type":"","background-media":"","overlay-type":"","overlay-color":"","overlay-opacity":"","overlay-gradient":""},"tablet":{"background-color":"","background-image":"","background-repeat":"repeat","background-position":"center center","background-size":"auto","background-attachment":"scroll","background-type":"","background-media":"","overlay-type":"","overlay-color":"","overlay-opacity":"","overlay-gradient":""},"mobile":{"background-color":"","background-image":"","background-repeat":"repeat","background-position":"center center","background-size":"auto","background-attachment":"scroll","background-type":"","background-media":"","overlay-type":"","overlay-color":"","overlay-opacity":"","overlay-gradient":""}},"ast-content-background-meta":{"desktop":{"background-color":"var(--ast-global-color-4)","background-image":"","background-repeat":"repeat","background-position":"center center","background-size":"auto","background-attachment":"scroll","background-type":"","background-media":"","overlay-type":"","overlay-color":"","overlay-opacity":"","overlay-gradient":""},"tablet":{"background-color":"var(--ast-global-color-4)","background-image":"","background-repeat":"repeat","background-position":"center center","background-size":"auto","background-attachment":"scroll","background-type":"","background-media":"","overlay-type":"","overlay-color":"","overlay-opacity":"","overlay-gradient":""},"mobile":{"background-color":"var(--ast-global-color-4)","background-image":"","background-repeat":"repeat","background-position":"center center","background-size":"auto","background-attachment":"scroll","background-type":"","background-media":"","overlay-type":"","overlay-color":"","overlay-opacity":"","overlay-gradient":""}},"footnotes":""},"class_list":["post-9367","page","type-page","status-publish","has-post-thumbnail","hentry"],"_links":{"self":[{"href":"https:\/\/pscjslz.com.br\/index.php?rest_route=\/wp\/v2\/pages\/9367","targetHints":{"allow":["GET"]}}],"collection":[{"href":"https:\/\/pscjslz.com.br\/index.php?rest_route=\/wp\/v2\/pages"}],"about":[{"href":"https:\/\/pscjslz.com.br\/index.php?rest_route=\/wp\/v2\/types\/page"}],"author":[{"embeddable":true,"href":"https:\/\/pscjslz.com.br\/index.php?rest_route=\/wp\/v2\/users\/1"}],"replies":[{"embeddable":true,"href":"https:\/\/pscjslz.com.br\/index.php?rest_route=%2Fwp%2Fv2%2Fcomments&post=9367"}],"version-history":[{"count":4,"href":"https:\/\/pscjslz.com.br\/index.php?rest_route=\/wp\/v2\/pages\/9367\/revisions"}],"predecessor-version":[{"id":11730,"href":"https:\/\/pscjslz.com.br\/index.php?rest_route=\/wp\/v2\/pages\/9367\/revisions\/11730"}],"wp:featuredmedia":[{"embeddable":true,"href":"https:\/\/pscjslz.com.br\/index.php?rest_route=\/wp\/v2\/media\/9361"}],"wp:attachment":[{"href":"https:\/\/pscjslz.com.br\/index.php?rest_route=%2Fwp%2Fv2%2Fmedia&parent=9367"}],"curies":[{"name":"wp","href":"https:\/\/api.w.org\/{rel}","templated":true}]}}