{"id":4190,"date":"2023-11-06T10:29:28","date_gmt":"2023-11-06T13:29:28","guid":{"rendered":"http:\/\/pscjslz.com.br\/?page_id=4190"},"modified":"2026-04-18T21:38:39","modified_gmt":"2026-04-19T00:38:39","slug":"vi-retiro-espiritual","status":"publish","type":"page","link":"https:\/\/pscjslz.com.br\/?page_id=4190","title":{"rendered":"EVENTOS E A\u00c7\u00d5ES DA PSCJ"},"content":{"rendered":"\n<h2 class=\"wp-block-heading has-text-align-left\"><em>Fique por dentro do que acontece em nossa Matriz e nas Capelas!<\/em><\/h2>\n\n\n\n<hr class=\"wp-block-separator has-alpha-channel-opacity\"\/>\n\n\n\n<p class=\"has-text-align-center has-white-color has-text-color has-background\" style=\"background:linear-gradient(135deg,rgb(6,147,227) 29%,rgb(155,81,224) 100%)\"><strong>INSCRI\u00c7\u00d5ES<\/strong> ABERTAS <\/p>\n\n\n\n<figure class=\"wp-block-image size-full\"><img fetchpriority=\"high\" decoding=\"async\" width=\"1024\" height=\"416\" src=\"https:\/\/pscjslz.com.br\/wp-content\/uploads\/2026\/04\/20260418_212921_0000.png\" alt=\"\" class=\"wp-image-13940\" srcset=\"https:\/\/pscjslz.com.br\/wp-content\/uploads\/2026\/04\/20260418_212921_0000.png 1024w, https:\/\/pscjslz.com.br\/wp-content\/uploads\/2026\/04\/20260418_212921_0000-300x122.png 300w, https:\/\/pscjslz.com.br\/wp-content\/uploads\/2026\/04\/20260418_212921_0000-768x312.png 768w\" sizes=\"(max-width: 1024px) 100vw, 1024px\" \/><\/figure>\n\n\n\n<p><strong>XVI &#8211; Retiro Espiritual Mariano. Para Inscri\u00e7\u00e3o, <a href=\"https:\/\/forms.gle\/zkrRYnbcrD3Wuxbe6\">clique aqui<\/a><a href=\"https:\/\/forms.gle\/8PGk3md5bJpeTWwXA\">.<\/a><\/strong><\/p>\n\n\n\n<p class=\"has-luminous-vivid-orange-background-color has-background has-small-font-size\"><\/p>\n\n\n\n<p class=\"has-text-align-center has-white-color has-text-color has-background\" style=\"background:linear-gradient(135deg,rgb(6,147,227) 29%,rgb(155,81,224) 100%)\"><strong>PROJETOS<\/strong><\/p>\n\n\n\n<p><strong>Novo projeto do Centro de Acolhimento. Para inscri\u00e7\u00e3o, <a href=\"https:\/\/forms.gle\/382iAAFrHGb9vFoQ8\">clique aqui<\/a>.<\/strong><\/p>\n\n\n\n<figure class=\"wp-block-image size-large\"><a href=\"https:\/\/pscjslz.com.br\/?p=9360\"><img decoding=\"async\" width=\"1024\" height=\"416\" src=\"https:\/\/pscjslz.com.br\/wp-content\/uploads\/2024\/12\/SOBRIEDADE-960-x-240-px-1600-x-650-px-1024x416.png\" alt=\"\" class=\"wp-image-9357\" srcset=\"https:\/\/pscjslz.com.br\/wp-content\/uploads\/2024\/12\/SOBRIEDADE-960-x-240-px-1600-x-650-px-1024x416.png 1024w, https:\/\/pscjslz.com.br\/wp-content\/uploads\/2024\/12\/SOBRIEDADE-960-x-240-px-1600-x-650-px-300x122.png 300w, https:\/\/pscjslz.com.br\/wp-content\/uploads\/2024\/12\/SOBRIEDADE-960-x-240-px-1600-x-650-px-768x312.png 768w, https:\/\/pscjslz.com.br\/wp-content\/uploads\/2024\/12\/SOBRIEDADE-960-x-240-px-1600-x-650-px-1536x624.png 1536w, https:\/\/pscjslz.com.br\/wp-content\/uploads\/2024\/12\/SOBRIEDADE-960-x-240-px-1600-x-650-px.png 1600w\" sizes=\"(max-width: 1024px) 100vw, 1024px\" \/><\/a><\/figure>\n\n\n\n<div style=\"height:9px\" aria-hidden=\"true\" class=\"wp-block-spacer\"><\/div>\n\n\n\n<div style=\"height:18px\" aria-hidden=\"true\" class=\"wp-block-spacer\"><\/div>\n\n\n\n<figure class=\"wp-block-gallery has-nested-images columns-default is-cropped wp-block-gallery-1 is-layout-flex wp-block-gallery-is-layout-flex\"><\/figure>\n\n\n\n<div style=\"height:27px\" aria-hidden=\"true\" class=\"wp-block-spacer\"><\/div>\n\n\n\n<p class=\"has-text-align-center has-black-color has-electric-grass-gradient-background has-text-color has-background\"><\/p>\n\n\n\n<div style=\"height:11px\" aria-hidden=\"true\" class=\"wp-block-spacer\"><\/div>\n\n\n\n<hr class=\"wp-block-separator has-alpha-channel-opacity\"\/>\n\n\n\n<div style=\"height:0px\" aria-hidden=\"true\" class=\"wp-block-spacer\"><\/div>\n\n\n\n<h2 class=\"wp-block-heading has-white-color has-vivid-cyan-blue-background-color has-text-color has-background has-medium-font-size\">FA\u00c7A PARTE DA MISS\u00c3O:<\/h2>\n\n\n\n<figure class=\"wp-block-image aligncenter size-large is-resized\"><a href=\"https:\/\/pscjslz.com.br\/?page_id=2119\"><img decoding=\"async\" width=\"819\" height=\"1024\" src=\"https:\/\/pscjslz.com.br\/wp-content\/uploads\/2024\/01\/a04abe86-eee4-4659-8997-b5b810dfeed3-819x1024.jpg\" alt=\"\" class=\"wp-image-5372\" style=\"width:631px;height:789px\" srcset=\"https:\/\/pscjslz.com.br\/wp-content\/uploads\/2024\/01\/a04abe86-eee4-4659-8997-b5b810dfeed3-819x1024.jpg 819w, https:\/\/pscjslz.com.br\/wp-content\/uploads\/2024\/01\/a04abe86-eee4-4659-8997-b5b810dfeed3-240x300.jpg 240w, https:\/\/pscjslz.com.br\/wp-content\/uploads\/2024\/01\/a04abe86-eee4-4659-8997-b5b810dfeed3-768x960.jpg 768w, https:\/\/pscjslz.com.br\/wp-content\/uploads\/2024\/01\/a04abe86-eee4-4659-8997-b5b810dfeed3.jpg 1080w\" sizes=\"(max-width: 819px) 100vw, 819px\" \/><\/a><\/figure>\n\n\n\n<hr class=\"wp-block-separator has-alpha-channel-opacity\"\/>\n\n\n\n<div class=\"wp-block-columns is-layout-flex wp-container-core-columns-is-layout-28f84493 wp-block-columns-is-layout-flex\">\n<div class=\"wp-block-column is-layout-flow wp-block-column-is-layout-flow\">\n<figure class=\"wp-block-image size-full\"><a href=\"https:\/\/pscjslz.com.br\/?page_id=2119\"><img loading=\"lazy\" decoding=\"async\" width=\"870\" height=\"881\" src=\"https:\/\/pscjslz.com.br\/wp-content\/uploads\/2023\/11\/fisio-1.jpg\" alt=\"\" class=\"wp-image-4684\" srcset=\"https:\/\/pscjslz.com.br\/wp-content\/uploads\/2023\/11\/fisio-1.jpg 870w, https:\/\/pscjslz.com.br\/wp-content\/uploads\/2023\/11\/fisio-1-296x300.jpg 296w, https:\/\/pscjslz.com.br\/wp-content\/uploads\/2023\/11\/fisio-1-768x778.jpg 768w\" sizes=\"(max-width: 870px) 100vw, 870px\" \/><\/a><\/figure>\n<\/div>\n\n\n\n<div class=\"wp-block-column is-layout-flow wp-block-column-is-layout-flow\">\n<figure class=\"wp-block-image size-full\"><a href=\"https:\/\/pscjslz.com.br\/?page_id=2119\"><img loading=\"lazy\" decoding=\"async\" width=\"867\" height=\"860\" src=\"https:\/\/pscjslz.com.br\/wp-content\/uploads\/2023\/11\/fisio-2.jpg\" alt=\"\" class=\"wp-image-4685\" srcset=\"https:\/\/pscjslz.com.br\/wp-content\/uploads\/2023\/11\/fisio-2.jpg 867w, https:\/\/pscjslz.com.br\/wp-content\/uploads\/2023\/11\/fisio-2-300x298.jpg 300w, https:\/\/pscjslz.com.br\/wp-content\/uploads\/2023\/11\/fisio-2-150x150.jpg 150w, https:\/\/pscjslz.com.br\/wp-content\/uploads\/2023\/11\/fisio-2-768x762.jpg 768w\" sizes=\"(max-width: 867px) 100vw, 867px\" \/><\/a><\/figure>\n<\/div>\n<\/div>\n\n\n\n<hr class=\"wp-block-separator has-alpha-channel-opacity\"\/>\n\n\n\n<div class=\"wp-block-columns is-layout-flex wp-container-core-columns-is-layout-28f84493 wp-block-columns-is-layout-flex\">\n<div class=\"wp-block-column is-layout-flow wp-block-column-is-layout-flow\">\n<figure class=\"wp-block-image size-full\"><a href=\"https:\/\/pscjslz.com.br\/?page_id=2119\"><img loading=\"lazy\" decoding=\"async\" width=\"868\" height=\"874\" src=\"https:\/\/pscjslz.com.br\/wp-content\/uploads\/2023\/11\/nutri-1.jpg\" alt=\"\" class=\"wp-image-4686\" srcset=\"https:\/\/pscjslz.com.br\/wp-content\/uploads\/2023\/11\/nutri-1.jpg 868w, https:\/\/pscjslz.com.br\/wp-content\/uploads\/2023\/11\/nutri-1-298x300.jpg 298w, https:\/\/pscjslz.com.br\/wp-content\/uploads\/2023\/11\/nutri-1-150x150.jpg 150w, https:\/\/pscjslz.com.br\/wp-content\/uploads\/2023\/11\/nutri-1-768x773.jpg 768w\" sizes=\"(max-width: 868px) 100vw, 868px\" \/><\/a><\/figure>\n<\/div>\n\n\n\n<div class=\"wp-block-column is-layout-flow wp-block-column-is-layout-flow\">\n<figure class=\"wp-block-image size-full\"><a href=\"https:\/\/pscjslz.com.br\/?page_id=2119\"><img loading=\"lazy\" decoding=\"async\" width=\"930\" height=\"933\" src=\"https:\/\/pscjslz.com.br\/wp-content\/uploads\/2023\/11\/nutri-2.jpg\" alt=\"\" class=\"wp-image-4687\" srcset=\"https:\/\/pscjslz.com.br\/wp-content\/uploads\/2023\/11\/nutri-2.jpg 930w, https:\/\/pscjslz.com.br\/wp-content\/uploads\/2023\/11\/nutri-2-300x300.jpg 300w, https:\/\/pscjslz.com.br\/wp-content\/uploads\/2023\/11\/nutri-2-150x150.jpg 150w, https:\/\/pscjslz.com.br\/wp-content\/uploads\/2023\/11\/nutri-2-768x770.jpg 768w\" sizes=\"(max-width: 930px) 100vw, 930px\" \/><\/a><\/figure>\n<\/div>\n<\/div>\n\n\n\n<hr class=\"wp-block-separator has-alpha-channel-opacity\"\/>\n\n\n\n<figure class=\"wp-block-image size-large\"><img loading=\"lazy\" decoding=\"async\" width=\"1024\" height=\"1024\" src=\"https:\/\/pscjslz.com.br\/wp-content\/uploads\/2024\/04\/grupodeidosos-1024x1024.jpg\" alt=\"\" class=\"wp-image-6737\" srcset=\"https:\/\/pscjslz.com.br\/wp-content\/uploads\/2024\/04\/grupodeidosos-1024x1024.jpg 1024w, https:\/\/pscjslz.com.br\/wp-content\/uploads\/2024\/04\/grupodeidosos-300x300.jpg 300w, https:\/\/pscjslz.com.br\/wp-content\/uploads\/2024\/04\/grupodeidosos-150x150.jpg 150w, https:\/\/pscjslz.com.br\/wp-content\/uploads\/2024\/04\/grupodeidosos-768x768.jpg 768w, https:\/\/pscjslz.com.br\/wp-content\/uploads\/2024\/04\/grupodeidosos.jpg 1080w\" sizes=\"(max-width: 1024px) 100vw, 1024px\" \/><\/figure>\n\n\n\n<div style=\"height:19px\" aria-hidden=\"true\" class=\"wp-block-spacer\"><\/div>\n\n\n\n<p class=\"has-text-align-center\"><strong><a href=\"https:\/\/pscjslz.com.br\/?page_id=6320\">CLIQUE AQUI, CONHE\u00c7A O PROJETO E FA\u00c7A SUA INSCRI\u00c7\u00c3O!<\/a><\/strong><\/p>\n\n\n\n<div style=\"height:19px\" aria-hidden=\"true\" class=\"wp-block-spacer\"><\/div>\n\n\n\n<p class=\"has-text-align-center has-white-color has-luminous-vivid-orange-to-vivid-red-gradient-background has-text-color has-background has-medium-font-size\"><strong><a href=\"https:\/\/pscjslz.com.br\/\" data-type=\"URL\" data-id=\"https:\/\/pscjslz.com.br\/\">P\u00c1GINA INICIAL<\/a><\/strong><\/p>\n\n\n\n<div style=\"height:0px\" aria-hidden=\"true\" class=\"wp-block-spacer\"><\/div>\n","protected":false},"excerpt":{"rendered":"<p>Fique por dentro do que acontece em nossa Matriz e nas Capelas! INSCRI\u00c7\u00d5ES ABERTAS XVI &#8211; Retiro Espiritual Mariano. Para Inscri\u00e7\u00e3o, clique aqui. PROJETOS Novo projeto do Centro de Acolhimento. Para inscri\u00e7\u00e3o, clique aqui. FA\u00c7A PARTE DA MISS\u00c3O: CLIQUE AQUI, CONHE\u00c7A O PROJETO E FA\u00c7A SUA INSCRI\u00c7\u00c3O! P\u00c1GINA INICIAL<\/p>\n","protected":false},"author":1,"featured_media":0,"parent":0,"menu_order":0,"comment_status":"closed","ping_status":"closed","template":"","meta":{"site-sidebar-layout":"default","site-content-layout":"","ast-site-content-layout":"default","site-content-style":"default","site-sidebar-style":"default","ast-global-header-display":"","ast-banner-title-visibility":"","ast-main-header-display":"","ast-hfb-above-header-display":"","ast-hfb-below-header-display":"","ast-hfb-mobile-header-display":"","site-post-title":"","ast-breadcrumbs-content":"","ast-featured-img":"","footer-sml-layout":"","ast-disable-related-posts":"","theme-transparent-header-meta":"","adv-header-id-meta":"","stick-header-meta":"","header-above-stick-meta":"","header-main-stick-meta":"","header-below-stick-meta":"","astra-migrate-meta-layouts":"default","ast-page-background-enabled":"default","ast-page-background-meta":{"desktop":{"background-color":"var(--ast-global-color-5)","background-image":"","background-repeat":"repeat","background-position":"center center","background-size":"auto","background-attachment":"scroll","background-type":"","background-media":"","overlay-type":"","overlay-color":"","overlay-opacity":"","overlay-gradient":""},"tablet":{"background-color":"","background-image":"","background-repeat":"repeat","background-position":"center center","background-size":"auto","background-attachment":"scroll","background-type":"","background-media":"","overlay-type":"","overlay-color":"","overlay-opacity":"","overlay-gradient":""},"mobile":{"background-color":"","background-image":"","background-repeat":"repeat","background-position":"center center","background-size":"auto","background-attachment":"scroll","background-type":"","background-media":"","overlay-type":"","overlay-color":"","overlay-opacity":"","overlay-gradient":""}},"ast-content-background-meta":{"desktop":{"background-color":"var(--ast-global-color-4)","background-image":"","background-repeat":"repeat","background-position":"center center","background-size":"auto","background-attachment":"scroll","background-type":"","background-media":"","overlay-type":"","overlay-color":"","overlay-opacity":"","overlay-gradient":""},"tablet":{"background-color":"var(--ast-global-color-4)","background-image":"","background-repeat":"repeat","background-position":"center center","background-size":"auto","background-attachment":"scroll","background-type":"","background-media":"","overlay-type":"","overlay-color":"","overlay-opacity":"","overlay-gradient":""},"mobile":{"background-color":"var(--ast-global-color-4)","background-image":"","background-repeat":"repeat","background-position":"center center","background-size":"auto","background-attachment":"scroll","background-type":"","background-media":"","overlay-type":"","overlay-color":"","overlay-opacity":"","overlay-gradient":""}},"footnotes":""},"class_list":["post-4190","page","type-page","status-publish","hentry"],"_links":{"self":[{"href":"https:\/\/pscjslz.com.br\/index.php?rest_route=\/wp\/v2\/pages\/4190","targetHints":{"allow":["GET"]}}],"collection":[{"href":"https:\/\/pscjslz.com.br\/index.php?rest_route=\/wp\/v2\/pages"}],"about":[{"href":"https:\/\/pscjslz.com.br\/index.php?rest_route=\/wp\/v2\/types\/page"}],"author":[{"embeddable":true,"href":"https:\/\/pscjslz.com.br\/index.php?rest_route=\/wp\/v2\/users\/1"}],"replies":[{"embeddable":true,"href":"https:\/\/pscjslz.com.br\/index.php?rest_route=%2Fwp%2Fv2%2Fcomments&post=4190"}],"version-history":[{"count":133,"href":"https:\/\/pscjslz.com.br\/index.php?rest_route=\/wp\/v2\/pages\/4190\/revisions"}],"predecessor-version":[{"id":13942,"href":"https:\/\/pscjslz.com.br\/index.php?rest_route=\/wp\/v2\/pages\/4190\/revisions\/13942"}],"wp:attachment":[{"href":"https:\/\/pscjslz.com.br\/index.php?rest_route=%2Fwp%2Fv2%2Fmedia&parent=4190"}],"curies":[{"name":"wp","href":"https:\/\/api.w.org\/{rel}","templated":true}]}}