{"id":2755,"date":"2023-09-06T09:41:07","date_gmt":"2023-09-06T12:41:07","guid":{"rendered":"http:\/\/pscjslz.com.br\/?page_id=2755"},"modified":"2026-03-02T15:27:48","modified_gmt":"2026-03-02T18:27:48","slug":"centro-de-acolhimento-7","status":"publish","type":"page","link":"https:\/\/pscjslz.com.br\/?page_id=2755","title":{"rendered":"Depoimentos dos pacientes do Centro de Acolhimento SCJ"},"content":{"rendered":"\n<h2 class=\"wp-block-heading has-text-align-center\">Depoimentos dos pacientes do Centro de Acolhimento SCJ<\/h2>\n\n\n\n<p>\u201cFoi uma experi\u00eancia \u00fanica e muito importante pra mim, agrade\u00e7o pela oportunidade e pelo acolhimento que tiveram comigo\u201d<\/p>\n\n\n\n<hr class=\"wp-block-separator has-alpha-channel-opacity\"\/>\n\n\n\n<p>\u201cGostaria de poder continuar o tratamento. Mas o servi\u00e7o prestado j\u00e1 foi de grande valia e tenho muito a agradecer\u201d<\/p>\n\n\n\n<hr class=\"wp-block-separator has-alpha-channel-opacity\"\/>\n\n\n\n<p>\u201cGratid\u00e3o pelo projeto que vem atendendo a popula\u00e7\u00e3o. Muito obrigado\u201d<\/p>\n\n\n\n<hr class=\"wp-block-separator has-alpha-channel-opacity\"\/>\n\n\n\n<p>\u201cGostei muito, agrade\u00e7o por tudo, fui muito bem tratada, espero voltar em breve\u201d<\/p>\n\n\n\n<hr class=\"wp-block-separator has-alpha-channel-opacity\"\/>\n\n\n\n<p>\u201cMeu muito obrigada, foi tudo perfeito\u201d<\/p>\n\n\n\n<hr class=\"wp-block-separator has-alpha-channel-opacity\"\/>\n\n\n\n<p>\u201cGostei muito do atendimento, voc\u00eas s\u00e3o incr\u00edveis, Parab\u00e9ns a equipe\u201d<\/p>\n\n\n\n<hr class=\"wp-block-separator has-alpha-channel-opacity\"\/>\n\n\n\n<p>\u201cTudo perfeito a parte ruim foi porque acabou\u201d<\/p>\n\n\n\n<hr class=\"wp-block-separator has-alpha-channel-opacity\"\/>\n\n\n\n<p>\u201cEquipe e profissional excelente!!!\u201d<\/p>\n\n\n\n<hr class=\"wp-block-separator has-alpha-channel-opacity\"\/>\n\n\n\n<p>\u201cParab\u00e9ns Par\u00f3quia pelo projeto, eu achei muito bom\u201d<\/p>\n\n\n\n<hr class=\"wp-block-separator has-alpha-channel-opacity\"\/>\n\n\n\n<p>\u201cS\u00f3 gratid\u00e3o a Deus e a todos que disponibilizam &nbsp;seu tempo pra servir de uma maneira \u00edmpar. Que Jesus continue iluminando n\u00e3o se os profissionais, como tamb\u00e9m os volunt\u00e1rios que dedicam um pouco do seu tempo para servir com tanto zelo e carinho. E ao Pe. J\u00e2nio, gratid\u00e3o, que Jesus continue aben\u00e7oando sua vida e guiando da melhor maneira poss\u00edvel para continuar miss\u00e3o com tanto amor e zelo\u201d<\/p>\n\n\n\n<hr class=\"wp-block-separator has-alpha-channel-opacity\"\/>\n\n\n\n<p>\u201cProfissional excepcional inteligente, competente, atencioso. Mostra respeito m\u00e1ximo ao seu paciente e \u00e9 super acolhedor. Recomendo, vale a pena ir, pois com certeza voc\u00ea sair\u00e1 satisfeito\u201d<\/p>\n\n\n\n<hr class=\"wp-block-separator has-alpha-channel-opacity\"\/>\n\n\n\n<p>\u201cAgradecer por esse espa\u00e7o que nos acolhe de forma satisfat\u00f3ria e que nos ouve, nos ajuda. Parab\u00e9ns pelo trabalho, j\u00e1 fiz atendimento algumas vezes com psic\u00f3logo e agora com a nutricionista Bruna, estou muito feliz em saber que existe pessoas maravilhosas como voc\u00eas\u201d<\/p>\n\n\n\n<hr class=\"wp-block-separator has-alpha-channel-opacity\"\/>\n\n\n\n<p>\u201cAgrade\u00e7o pela oportunidade de fazer terapia nesse Centro, me ajudou muito\u201d<\/p>\n\n\n\n<hr class=\"wp-block-separator has-alpha-channel-opacity\"\/>\n\n\n\n<p>\u201cExcelente atendimento, com uma profissional extremamente competente, super indico\u201d<\/p>\n","protected":false},"excerpt":{"rendered":"<p>Depoimentos dos pacientes do Centro de Acolhimento SCJ \u201cFoi uma experi\u00eancia \u00fanica e muito importante pra mim, agrade\u00e7o pela oportunidade e pelo acolhimento que tiveram comigo\u201d \u201cGostaria de poder continuar o tratamento. Mas o servi\u00e7o prestado j\u00e1 foi de grande valia e tenho muito a agradecer\u201d \u201cGratid\u00e3o pelo projeto que vem atendendo a popula\u00e7\u00e3o. Muito obrigado\u201d \u201cGostei muito, agrade\u00e7o por tudo, fui muito bem tratada, espero voltar em breve\u201d \u201cMeu muito obrigada, foi tudo perfeito\u201d \u201cGostei muito do atendimento, voc\u00eas s\u00e3o incr\u00edveis, Parab\u00e9ns a equipe\u201d \u201cTudo perfeito a parte ruim foi porque acabou\u201d \u201cEquipe e profissional excelente!!!\u201d \u201cParab\u00e9ns Par\u00f3quia pelo projeto, eu achei muito bom\u201d \u201cS\u00f3 gratid\u00e3o a Deus e a todos que disponibilizam &nbsp;seu tempo pra servir de uma maneira \u00edmpar. Que Jesus continue iluminando n\u00e3o se os profissionais, como tamb\u00e9m os volunt\u00e1rios que dedicam um pouco do seu tempo para servir com tanto zelo e carinho. E ao Pe. J\u00e2nio, gratid\u00e3o, que Jesus continue aben\u00e7oando sua vida e guiando da melhor maneira poss\u00edvel para continuar miss\u00e3o com tanto amor e zelo\u201d \u201cProfissional excepcional inteligente, competente, atencioso. Mostra respeito m\u00e1ximo ao seu paciente e \u00e9 super acolhedor. Recomendo, vale a pena ir, pois com certeza voc\u00ea sair\u00e1 satisfeito\u201d \u201cAgradecer por esse espa\u00e7o que nos acolhe de forma satisfat\u00f3ria e que nos ouve, nos ajuda. Parab\u00e9ns pelo trabalho, j\u00e1 fiz atendimento algumas vezes com psic\u00f3logo e agora com a nutricionista Bruna, estou muito feliz em saber que existe pessoas maravilhosas como voc\u00eas\u201d \u201cAgrade\u00e7o pela oportunidade de fazer terapia nesse Centro, me ajudou muito\u201d \u201cExcelente atendimento, com uma profissional extremamente competente, super indico\u201d<\/p>\n","protected":false},"author":1,"featured_media":0,"parent":0,"menu_order":0,"comment_status":"closed","ping_status":"closed","template":"","meta":{"site-sidebar-layout":"default","site-content-layout":"","ast-site-content-layout":"default","site-content-style":"default","site-sidebar-style":"default","ast-global-header-display":"","ast-banner-title-visibility":"","ast-main-header-display":"","ast-hfb-above-header-display":"","ast-hfb-below-header-display":"","ast-hfb-mobile-header-display":"","site-post-title":"disabled","ast-breadcrumbs-content":"","ast-featured-img":"","footer-sml-layout":"","ast-disable-related-posts":"","theme-transparent-header-meta":"","adv-header-id-meta":"","stick-header-meta":"","header-above-stick-meta":"","header-main-stick-meta":"","header-below-stick-meta":"","astra-migrate-meta-layouts":"default","ast-page-background-enabled":"default","ast-page-background-meta":{"desktop":{"background-color":"var(--ast-global-color-5)","background-image":"","background-repeat":"repeat","background-position":"center center","background-size":"auto","background-attachment":"scroll","background-type":"","background-media":"","overlay-type":"","overlay-color":"","overlay-opacity":"","overlay-gradient":""},"tablet":{"background-color":"","background-image":"","background-repeat":"repeat","background-position":"center center","background-size":"auto","background-attachment":"scroll","background-type":"","background-media":"","overlay-type":"","overlay-color":"","overlay-opacity":"","overlay-gradient":""},"mobile":{"background-color":"","background-image":"","background-repeat":"repeat","background-position":"center center","background-size":"auto","background-attachment":"scroll","background-type":"","background-media":"","overlay-type":"","overlay-color":"","overlay-opacity":"","overlay-gradient":""}},"ast-content-background-meta":{"desktop":{"background-color":"var(--ast-global-color-4)","background-image":"","background-repeat":"repeat","background-position":"center center","background-size":"auto","background-attachment":"scroll","background-type":"","background-media":"","overlay-type":"","overlay-color":"","overlay-opacity":"","overlay-gradient":""},"tablet":{"background-color":"var(--ast-global-color-4)","background-image":"","background-repeat":"repeat","background-position":"center center","background-size":"auto","background-attachment":"scroll","background-type":"","background-media":"","overlay-type":"","overlay-color":"","overlay-opacity":"","overlay-gradient":""},"mobile":{"background-color":"var(--ast-global-color-4)","background-image":"","background-repeat":"repeat","background-position":"center center","background-size":"auto","background-attachment":"scroll","background-type":"","background-media":"","overlay-type":"","overlay-color":"","overlay-opacity":"","overlay-gradient":""}},"footnotes":""},"class_list":["post-2755","page","type-page","status-publish","hentry"],"_links":{"self":[{"href":"https:\/\/pscjslz.com.br\/index.php?rest_route=\/wp\/v2\/pages\/2755","targetHints":{"allow":["GET"]}}],"collection":[{"href":"https:\/\/pscjslz.com.br\/index.php?rest_route=\/wp\/v2\/pages"}],"about":[{"href":"https:\/\/pscjslz.com.br\/index.php?rest_route=\/wp\/v2\/types\/page"}],"author":[{"embeddable":true,"href":"https:\/\/pscjslz.com.br\/index.php?rest_route=\/wp\/v2\/users\/1"}],"replies":[{"embeddable":true,"href":"https:\/\/pscjslz.com.br\/index.php?rest_route=%2Fwp%2Fv2%2Fcomments&post=2755"}],"version-history":[{"count":6,"href":"https:\/\/pscjslz.com.br\/index.php?rest_route=\/wp\/v2\/pages\/2755\/revisions"}],"predecessor-version":[{"id":13829,"href":"https:\/\/pscjslz.com.br\/index.php?rest_route=\/wp\/v2\/pages\/2755\/revisions\/13829"}],"wp:attachment":[{"href":"https:\/\/pscjslz.com.br\/index.php?rest_route=%2Fwp%2Fv2%2Fmedia&parent=2755"}],"curies":[{"name":"wp","href":"https:\/\/api.w.org\/{rel}","templated":true}]}}