{"id":2749,"date":"2023-09-06T09:35:39","date_gmt":"2023-09-06T12:35:39","guid":{"rendered":"http:\/\/pscjslz.com.br\/?page_id=2749"},"modified":"2026-03-02T15:25:45","modified_gmt":"2026-03-02T18:25:45","slug":"centro-de-acolhimento-6","status":"publish","type":"page","link":"https:\/\/pscjslz.com.br\/?page_id=2749","title":{"rendered":"Depoimentos dos volunt\u00e1rios do Centro de Acolhimento SCJ"},"content":{"rendered":"\n<h2 class=\"wp-block-heading has-text-align-center\">Depoimentos dos volunt\u00e1rios do Centro de Acolhimento SCJ<\/h2>\n\n\n\n<blockquote class=\"wp-block-quote is-layout-flow wp-block-quote-is-layout-flow\">\n<p>\u201cTenho muito orgulho de participar do Projeto do Centro de Acolhimento Sagrado Cora\u00e7\u00e3o de Jesus por seu uma oportunidade de servir \u00e0 comunidade com o conhecimento que adquiri. Como nosso mestre mesmo nos diz em Lucas 17, 7-10: \u2018<em>Somos simples servos, fizemos o que dever\u00edamos fazer\u2019<\/em>, n\u00e3o podemos ser indiferentes quando muitos precisam de n\u00f3s\u201d.<strong> (Waldelia dos Santos Castro Balata, Psic\u00f3loga colaboradora, CRP 22\/00195)<\/strong><\/p>\n<\/blockquote>\n\n\n\n<div style=\"height:15px\" aria-hidden=\"true\" class=\"wp-block-spacer\"><\/div>\n\n\n\n<blockquote class=\"wp-block-quote is-layout-flow wp-block-quote-is-layout-flow\">\n<p>\u201cQuando Pe. J\u00e2nio nos convocou para entrarmos na corrente do bem, ficamos felizes e entusiasmados pois vimos uma grande oportunidade de ajudar os irm\u00e3os sofridos e abatidos devido \u00e0 devasta\u00e7\u00e3o que a COVID-19 tem causado no Planeta Terra. O Centro de Acolhimento SCJ foi criado com o objetivo de ajudar e acolher os irm\u00e3os que sofrem com v\u00e1rios traumas e desconfortos psic\u00f3logos causados pela Pandemia. Como testemunho, posso dizer que com poucos meses de atendimento conseguimos aliviar a dor e a preocupa\u00e7\u00e3o de tantas fam\u00edlias. Neste contexto, a nossa maior satisfa\u00e7\u00e3o tem sido ver a alegria e felicidade estampada no rosto dos pacientes e a gratid\u00e3o de seus familiares\u201d. <strong>(Maria L\u00facia do N. Diniz, Psic\u00f3loga colaboradora, CRP: 22\/03737).<\/strong><\/p>\n<\/blockquote>\n\n\n\n<div style=\"height:15px\" aria-hidden=\"true\" class=\"wp-block-spacer\"><\/div>\n\n\n\n<blockquote class=\"wp-block-quote is-layout-flow wp-block-quote-is-layout-flow\">\n<p>\u201cTenho me sentido \u00fatil no atendimento em nosso Centro de Acolhimento. \u00c9 um momento em que, como agente de pastoral, servimos a comunidade de forma mais calorosa. Mesmo neste tempo de distanciamento, n\u00f3s estamos acolhendo com carinho e dedica\u00e7\u00e3o, pois atendemos as pessoas que chegam angustiadas e, ap\u00f3s o atendimento com os psic\u00f3logos, elas saem com um aspecto de esperan\u00e7a e de que tudo vai melhorar. Obrigada Padre J\u00e2nio por esta oportunidade e que Deus lhe d\u00ea muito discernimento para juntos levarmos este projeto\u201d. <strong>(Francisca Jansen, Voluntaria da Equipe de Acolhida)<\/strong><\/p>\n<\/blockquote>\n\n\n\n<div style=\"height:15px\" aria-hidden=\"true\" class=\"wp-block-spacer\"><\/div>\n\n\n\n<blockquote class=\"wp-block-quote is-layout-flow wp-block-quote-is-layout-flow\">\n<p>\u201cBem, meu ponto de vista a respeito do Centro de Acolhimento, \u00e9 que serve como um porto seguro, onde a pessoa que nos procura \u00e9 acolhida bem, sem perguntas e discretamente. \u00c9 um lugar onde o grito de ajuda \u00e9 ouvido por profissionais que se dispuseram com o cora\u00e7\u00e3o livre e aberto para acolher a um irm\u00e3o em momento t\u00e3o delicado que estamos passando, juntos com uma equipe plena em servir, dando tudo que \u00e9 o mais relevante que \u00e9 o amor pelo pr\u00f3ximo, sendo que isso jamais seria poss\u00edvel se n\u00e3o fosse o olhar discreto, mais muito cheio de amor do nosso p\u00e1roco Pe. J\u00e2nio, que em um momento onde tivemos que parar as celebra\u00e7\u00f5es e outras atividades da nossa par\u00f3quia. Que esse trabalho possou ajudar essas pessoas que gritavam mais n\u00e3o eram escutadas.&nbsp; Essa \u00e9 a miss\u00e3o da Par\u00f3quia do Sagrado Cora\u00e7\u00e3o de Jesus. Vida longa ao Centro de Acolhimento SCJ\u201d. <strong>(Gerson, Voluntario da Equipe de Acolhida)<\/strong><\/p>\n<\/blockquote>\n\n\n\n<div style=\"height:15px\" aria-hidden=\"true\" class=\"wp-block-spacer\"><\/div>\n\n\n\n<blockquote class=\"wp-block-quote is-layout-flow wp-block-quote-is-layout-flow\">\n<p>\u201cEste projeto de singular valia aos irm\u00e3os fragilizados, foi um projeto que em pouco ou posso dizer em curto tempo tomou corpo e tornou-se um servi\u00e7o essencial em nossa Par\u00f3quia do Sagrado Cora\u00e7\u00e3o de Jesus do Bequim\u00e3o e se estendeu a todos os irm\u00e3os, mantendo a sua neutralidade quanto a religi\u00e3o, \u00e9 um servi\u00e7o em prol do ser humano. Hoje formamos uma equipe de volunt\u00e1rios que abra\u00e7aram a causa ou a ideia trazida pelo ent\u00e3o P\u00e1roco e Psic\u00f3logo J\u00e2nio Reis. Em tempos de pandemia percebe-se o quanto este centro de acolhimento \u00e9 importante para a nossa comunidade e para a arquidiocese de S\u00e3o Lu\u00eds, enfim para todo aquele que procura este centro. Tudo que fa\u00e7o sempre tem uma pitada de amor e procurando sempre servir ao pr\u00f3ximo com dedica\u00e7\u00e3o, como diz Santo Agostinho &#8221; A medida do amor \u00e9 o amor sem medida&#8221;. <strong>(Terezinha, Voluntaria da Equipe de Acolhida)<\/strong><\/p>\n<\/blockquote>\n","protected":false},"excerpt":{"rendered":"<p>Depoimentos dos volunt\u00e1rios do Centro de Acolhimento SCJ \u201cTenho muito orgulho de participar do Projeto do Centro de Acolhimento Sagrado Cora\u00e7\u00e3o de Jesus por seu uma oportunidade de servir \u00e0 comunidade com o conhecimento que adquiri. Como nosso mestre mesmo nos diz em Lucas 17, 7-10: \u2018Somos simples servos, fizemos o que dever\u00edamos fazer\u2019, n\u00e3o podemos ser indiferentes quando muitos precisam de n\u00f3s\u201d. (Waldelia dos Santos Castro Balata, Psic\u00f3loga colaboradora, CRP 22\/00195) \u201cQuando Pe. J\u00e2nio nos convocou para entrarmos na corrente do bem, ficamos felizes e entusiasmados pois vimos uma grande oportunidade de ajudar os irm\u00e3os sofridos e abatidos devido \u00e0 devasta\u00e7\u00e3o que a COVID-19 tem causado no Planeta Terra. O Centro de Acolhimento SCJ foi criado com o objetivo de ajudar e acolher os irm\u00e3os que sofrem com v\u00e1rios traumas e desconfortos psic\u00f3logos causados pela Pandemia. Como testemunho, posso dizer que com poucos meses de atendimento conseguimos aliviar a dor e a preocupa\u00e7\u00e3o de tantas fam\u00edlias. Neste contexto, a nossa maior satisfa\u00e7\u00e3o tem sido ver a alegria e felicidade estampada no rosto dos pacientes e a gratid\u00e3o de seus familiares\u201d. (Maria L\u00facia do N. Diniz, Psic\u00f3loga colaboradora, CRP: 22\/03737). \u201cTenho me sentido \u00fatil no atendimento em nosso Centro de Acolhimento. \u00c9 um momento em que, como agente de pastoral, servimos a comunidade de forma mais calorosa. Mesmo neste tempo de distanciamento, n\u00f3s estamos acolhendo com carinho e dedica\u00e7\u00e3o, pois atendemos as pessoas que chegam angustiadas e, ap\u00f3s o atendimento com os psic\u00f3logos, elas saem com um aspecto de esperan\u00e7a e de que tudo vai melhorar. Obrigada Padre J\u00e2nio por esta oportunidade e que Deus lhe d\u00ea muito discernimento para juntos levarmos este projeto\u201d. (Francisca Jansen, Voluntaria da Equipe de Acolhida) \u201cBem, meu ponto de vista a respeito do Centro de Acolhimento, \u00e9 que serve como um porto seguro, onde a pessoa que nos procura \u00e9 acolhida bem, sem perguntas e discretamente. \u00c9 um lugar onde o grito de ajuda \u00e9 ouvido por profissionais que se dispuseram com o cora\u00e7\u00e3o livre e aberto para acolher a um irm\u00e3o em momento t\u00e3o delicado que estamos passando, juntos com uma equipe plena em servir, dando tudo que \u00e9 o mais relevante que \u00e9 o amor pelo pr\u00f3ximo, sendo que isso jamais seria poss\u00edvel se n\u00e3o fosse o olhar discreto, mais muito cheio de amor do nosso p\u00e1roco Pe. J\u00e2nio, que em um momento onde tivemos que parar as celebra\u00e7\u00f5es e outras atividades da nossa par\u00f3quia. Que esse trabalho possou ajudar essas pessoas que gritavam mais n\u00e3o eram escutadas.&nbsp; Essa \u00e9 a miss\u00e3o da Par\u00f3quia do Sagrado Cora\u00e7\u00e3o de Jesus. Vida longa ao Centro de Acolhimento SCJ\u201d. (Gerson, Voluntario da Equipe de Acolhida) \u201cEste projeto de singular valia aos irm\u00e3os fragilizados, foi um projeto que em pouco ou posso dizer em curto tempo tomou corpo e tornou-se um servi\u00e7o essencial em nossa Par\u00f3quia do Sagrado Cora\u00e7\u00e3o de Jesus do Bequim\u00e3o e se estendeu a todos os irm\u00e3os, mantendo a sua neutralidade quanto a religi\u00e3o, \u00e9 um servi\u00e7o em prol do ser humano. Hoje formamos uma equipe de volunt\u00e1rios que abra\u00e7aram a causa ou a ideia trazida pelo ent\u00e3o P\u00e1roco e Psic\u00f3logo J\u00e2nio Reis. Em tempos de pandemia percebe-se o quanto este centro de acolhimento \u00e9 importante para a nossa comunidade e para a arquidiocese de S\u00e3o Lu\u00eds, enfim para todo aquele que procura este centro. Tudo que fa\u00e7o sempre tem uma pitada de amor e procurando sempre servir ao pr\u00f3ximo com dedica\u00e7\u00e3o, como diz Santo Agostinho &#8221; A medida do amor \u00e9 o amor sem medida&#8221;. (Terezinha, Voluntaria da Equipe de Acolhida)<\/p>\n","protected":false},"author":1,"featured_media":0,"parent":0,"menu_order":0,"comment_status":"closed","ping_status":"closed","template":"","meta":{"site-sidebar-layout":"default","site-content-layout":"","ast-site-content-layout":"default","site-content-style":"default","site-sidebar-style":"default","ast-global-header-display":"","ast-banner-title-visibility":"","ast-main-header-display":"","ast-hfb-above-header-display":"","ast-hfb-below-header-display":"","ast-hfb-mobile-header-display":"","site-post-title":"disabled","ast-breadcrumbs-content":"","ast-featured-img":"","footer-sml-layout":"","ast-disable-related-posts":"","theme-transparent-header-meta":"","adv-header-id-meta":"","stick-header-meta":"","header-above-stick-meta":"","header-main-stick-meta":"","header-below-stick-meta":"","astra-migrate-meta-layouts":"default","ast-page-background-enabled":"default","ast-page-background-meta":{"desktop":{"background-color":"var(--ast-global-color-5)","background-image":"","background-repeat":"repeat","background-position":"center center","background-size":"auto","background-attachment":"scroll","background-type":"","background-media":"","overlay-type":"","overlay-color":"","overlay-opacity":"","overlay-gradient":""},"tablet":{"background-color":"","background-image":"","background-repeat":"repeat","background-position":"center center","background-size":"auto","background-attachment":"scroll","background-type":"","background-media":"","overlay-type":"","overlay-color":"","overlay-opacity":"","overlay-gradient":""},"mobile":{"background-color":"","background-image":"","background-repeat":"repeat","background-position":"center center","background-size":"auto","background-attachment":"scroll","background-type":"","background-media":"","overlay-type":"","overlay-color":"","overlay-opacity":"","overlay-gradient":""}},"ast-content-background-meta":{"desktop":{"background-color":"var(--ast-global-color-4)","background-image":"","background-repeat":"repeat","background-position":"center center","background-size":"auto","background-attachment":"scroll","background-type":"","background-media":"","overlay-type":"","overlay-color":"","overlay-opacity":"","overlay-gradient":""},"tablet":{"background-color":"var(--ast-global-color-4)","background-image":"","background-repeat":"repeat","background-position":"center center","background-size":"auto","background-attachment":"scroll","background-type":"","background-media":"","overlay-type":"","overlay-color":"","overlay-opacity":"","overlay-gradient":""},"mobile":{"background-color":"var(--ast-global-color-4)","background-image":"","background-repeat":"repeat","background-position":"center center","background-size":"auto","background-attachment":"scroll","background-type":"","background-media":"","overlay-type":"","overlay-color":"","overlay-opacity":"","overlay-gradient":""}},"footnotes":""},"class_list":["post-2749","page","type-page","status-publish","hentry"],"_links":{"self":[{"href":"https:\/\/pscjslz.com.br\/index.php?rest_route=\/wp\/v2\/pages\/2749","targetHints":{"allow":["GET"]}}],"collection":[{"href":"https:\/\/pscjslz.com.br\/index.php?rest_route=\/wp\/v2\/pages"}],"about":[{"href":"https:\/\/pscjslz.com.br\/index.php?rest_route=\/wp\/v2\/types\/page"}],"author":[{"embeddable":true,"href":"https:\/\/pscjslz.com.br\/index.php?rest_route=\/wp\/v2\/users\/1"}],"replies":[{"embeddable":true,"href":"https:\/\/pscjslz.com.br\/index.php?rest_route=%2Fwp%2Fv2%2Fcomments&post=2749"}],"version-history":[{"count":5,"href":"https:\/\/pscjslz.com.br\/index.php?rest_route=\/wp\/v2\/pages\/2749\/revisions"}],"predecessor-version":[{"id":13826,"href":"https:\/\/pscjslz.com.br\/index.php?rest_route=\/wp\/v2\/pages\/2749\/revisions\/13826"}],"wp:attachment":[{"href":"https:\/\/pscjslz.com.br\/index.php?rest_route=%2Fwp%2Fv2%2Fmedia&parent=2749"}],"curies":[{"name":"wp","href":"https:\/\/api.w.org\/{rel}","templated":true}]}}