{"id":2740,"date":"2023-09-06T08:00:29","date_gmt":"2023-09-06T11:00:29","guid":{"rendered":"http:\/\/pscjslz.com.br\/?page_id=2740"},"modified":"2023-10-25T21:02:07","modified_gmt":"2023-10-26T00:02:07","slug":"centro-de-acolhimento-4","status":"publish","type":"page","link":"https:\/\/pscjslz.com.br\/?page_id=2740","title":{"rendered":"Qual a import\u00e2ncia do Projeto para a comunidade"},"content":{"rendered":"\n<h2 class=\"wp-block-heading\">Qual a import\u00e2ncia do Projeto para a comunidade<\/h2>\n\n\n\n<p>Para mensurar o alcance do projeto e sua import\u00e2ncia na vida das pessoas, cada paciente passa por 08 (oito) a 10 (dez) sess\u00f5es terap\u00eauticas, na frequ\u00eancia de uma sess\u00e3o semanal. Portanto, desde setembro de 2020 j\u00e1 foram oferecidas pelo projeto em torno de 8.000 (oito mil) sess\u00f5es terap\u00eauticas. Se considerarmos o custo m\u00e9dio de R$ 150,00 por sess\u00e3o, chegar\u00edamos a uma cifra de R$ 1.200.000,00 (Um milh\u00e3o e duzentos mil reais). Ou seja, esse seria o valor gasto por todos os pacientes que fizeram as 8.000 sess\u00f5es. Todavia, devido \u00e0 grandeza e o espirito samaritano de nossos volunt\u00e1rios leigos e profissionais: <em>\u201cViu, sentiu compaix\u00e3o e cuidou dele\u201d<\/em> (Lc 10,33), as despesas foram praticamente zero para cada paciente.<\/p>\n\n\n\n<p>Do ponto de vista da din\u00e2mica pastoral, dir\u00edamos que o projeto tem gerado um ganho imensur\u00e1vel, primeiro, por ter aproximado as pessoas, j\u00e1 que as equipes de acolhida s\u00e3o compostas por leigos de diversas pastorais, como tamb\u00e9m por pessoas n\u00e3o engajadas, que agora est\u00e3o mais pr\u00f3ximas n\u00e3o s\u00f3 f\u00edsica, mas afetivamente. Segundo, a satisfa\u00e7\u00e3o estampada no semblante de muitos paroquianos em saberem que podemos ajudar tantos irm\u00e3os necessitados n\u00e3o s\u00f3 de nossa circunscri\u00e7\u00e3o eclesi\u00e1stica, mas de outras regi\u00f5es de S\u00e3o Lu\u00eds, at\u00e9 mesmo de outros credos.<\/p>\n\n\n\n<p>Esse \u00e9 um ingrediente que alavanca a autoestima das pessoas, em tempos de dor, de sofrimento, como \u00e9 esse tempo de pandemia. Tal ingrediente pode fazer toda diferen\u00e7a na sa\u00fade mental de cada indiv\u00edduo. Al\u00e9m do mais, tem-se ainda a consci\u00eancia do dever cumprido ao realizar a m\u00e1xima da religi\u00e3o crist\u00e3:<\/p>\n\n\n\n<p class=\"has-text-align-center has-white-color has-vivid-red-background-color has-text-color has-background has-medium-font-size\"> <em>\u201ca f\u00e9 sem as obras \u00e9 morta\u201d<\/em> (Tg 2,26).<\/p>\n","protected":false},"excerpt":{"rendered":"<p>Qual a import\u00e2ncia do Projeto para a comunidade Para mensurar o alcance do projeto e sua import\u00e2ncia na vida das pessoas, cada paciente passa por 08 (oito) a 10 (dez) sess\u00f5es terap\u00eauticas, na frequ\u00eancia de uma sess\u00e3o semanal. Portanto, desde setembro de 2020 j\u00e1 foram oferecidas pelo projeto em torno de 8.000 (oito mil) sess\u00f5es terap\u00eauticas. Se considerarmos o custo m\u00e9dio de R$ 150,00 por sess\u00e3o, chegar\u00edamos a uma cifra de R$ 1.200.000,00 (Um milh\u00e3o e duzentos mil reais). Ou seja, esse seria o valor gasto por todos os pacientes que fizeram as 8.000 sess\u00f5es. Todavia, devido \u00e0 grandeza e o espirito samaritano de nossos volunt\u00e1rios leigos e profissionais: \u201cViu, sentiu compaix\u00e3o e cuidou dele\u201d (Lc 10,33), as despesas foram praticamente zero para cada paciente. Do ponto de vista da din\u00e2mica pastoral, dir\u00edamos que o projeto tem gerado um ganho imensur\u00e1vel, primeiro, por ter aproximado as pessoas, j\u00e1 que as equipes de acolhida s\u00e3o compostas por leigos de diversas pastorais, como tamb\u00e9m por pessoas n\u00e3o engajadas, que agora est\u00e3o mais pr\u00f3ximas n\u00e3o s\u00f3 f\u00edsica, mas afetivamente. Segundo, a satisfa\u00e7\u00e3o estampada no semblante de muitos paroquianos em saberem que podemos ajudar tantos irm\u00e3os necessitados n\u00e3o s\u00f3 de nossa circunscri\u00e7\u00e3o eclesi\u00e1stica, mas de outras regi\u00f5es de S\u00e3o Lu\u00eds, at\u00e9 mesmo de outros credos. Esse \u00e9 um ingrediente que alavanca a autoestima das pessoas, em tempos de dor, de sofrimento, como \u00e9 esse tempo de pandemia. Tal ingrediente pode fazer toda diferen\u00e7a na sa\u00fade mental de cada indiv\u00edduo. Al\u00e9m do mais, tem-se ainda a consci\u00eancia do dever cumprido ao realizar a m\u00e1xima da religi\u00e3o crist\u00e3: \u201ca f\u00e9 sem as obras \u00e9 morta\u201d (Tg 2,26).<\/p>\n","protected":false},"author":1,"featured_media":0,"parent":0,"menu_order":0,"comment_status":"closed","ping_status":"closed","template":"","meta":{"site-sidebar-layout":"default","site-content-layout":"","ast-site-content-layout":"default","site-content-style":"default","site-sidebar-style":"default","ast-global-header-display":"","ast-banner-title-visibility":"","ast-main-header-display":"","ast-hfb-above-header-display":"","ast-hfb-below-header-display":"","ast-hfb-mobile-header-display":"","site-post-title":"","ast-breadcrumbs-content":"","ast-featured-img":"","footer-sml-layout":"","ast-disable-related-posts":"","theme-transparent-header-meta":"","adv-header-id-meta":"","stick-header-meta":"","header-above-stick-meta":"","header-main-stick-meta":"","header-below-stick-meta":"","astra-migrate-meta-layouts":"default","ast-page-background-enabled":"default","ast-page-background-meta":{"desktop":{"background-color":"var(--ast-global-color-5)","background-image":"","background-repeat":"repeat","background-position":"center center","background-size":"auto","background-attachment":"scroll","background-type":"","background-media":"","overlay-type":"","overlay-color":"","overlay-opacity":"","overlay-gradient":""},"tablet":{"background-color":"","background-image":"","background-repeat":"repeat","background-position":"center center","background-size":"auto","background-attachment":"scroll","background-type":"","background-media":"","overlay-type":"","overlay-color":"","overlay-opacity":"","overlay-gradient":""},"mobile":{"background-color":"","background-image":"","background-repeat":"repeat","background-position":"center center","background-size":"auto","background-attachment":"scroll","background-type":"","background-media":"","overlay-type":"","overlay-color":"","overlay-opacity":"","overlay-gradient":""}},"ast-content-background-meta":{"desktop":{"background-color":"var(--ast-global-color-4)","background-image":"","background-repeat":"repeat","background-position":"center center","background-size":"auto","background-attachment":"scroll","background-type":"","background-media":"","overlay-type":"","overlay-color":"","overlay-opacity":"","overlay-gradient":""},"tablet":{"background-color":"var(--ast-global-color-4)","background-image":"","background-repeat":"repeat","background-position":"center center","background-size":"auto","background-attachment":"scroll","background-type":"","background-media":"","overlay-type":"","overlay-color":"","overlay-opacity":"","overlay-gradient":""},"mobile":{"background-color":"var(--ast-global-color-4)","background-image":"","background-repeat":"repeat","background-position":"center center","background-size":"auto","background-attachment":"scroll","background-type":"","background-media":"","overlay-type":"","overlay-color":"","overlay-opacity":"","overlay-gradient":""}},"footnotes":""},"class_list":["post-2740","page","type-page","status-publish","hentry"],"_links":{"self":[{"href":"https:\/\/pscjslz.com.br\/index.php?rest_route=\/wp\/v2\/pages\/2740","targetHints":{"allow":["GET"]}}],"collection":[{"href":"https:\/\/pscjslz.com.br\/index.php?rest_route=\/wp\/v2\/pages"}],"about":[{"href":"https:\/\/pscjslz.com.br\/index.php?rest_route=\/wp\/v2\/types\/page"}],"author":[{"embeddable":true,"href":"https:\/\/pscjslz.com.br\/index.php?rest_route=\/wp\/v2\/users\/1"}],"replies":[{"embeddable":true,"href":"https:\/\/pscjslz.com.br\/index.php?rest_route=%2Fwp%2Fv2%2Fcomments&post=2740"}],"version-history":[{"count":3,"href":"https:\/\/pscjslz.com.br\/index.php?rest_route=\/wp\/v2\/pages\/2740\/revisions"}],"predecessor-version":[{"id":3757,"href":"https:\/\/pscjslz.com.br\/index.php?rest_route=\/wp\/v2\/pages\/2740\/revisions\/3757"}],"wp:attachment":[{"href":"https:\/\/pscjslz.com.br\/index.php?rest_route=%2Fwp%2Fv2%2Fmedia&parent=2740"}],"curies":[{"name":"wp","href":"https:\/\/api.w.org\/{rel}","templated":true}]}}