{"id":2589,"date":"2023-08-13T20:24:13","date_gmt":"2023-08-13T23:24:13","guid":{"rendered":"http:\/\/pscjslz.com.br\/?page_id=2589"},"modified":"2026-02-26T16:12:20","modified_gmt":"2026-02-26T19:12:20","slug":"movimento-de-jesus-peregrino","status":"publish","type":"page","link":"https:\/\/pscjslz.com.br\/?page_id=2589","title":{"rendered":"Sobre o Movimento de Jesus Peregrino"},"content":{"rendered":"\n<h1 class=\"wp-block-heading has-text-align-center\"><strong>Movimento de Jesus Peregrino<\/strong><\/h1>\n\n\n\n<p>O Movimento de Jesus Peregrino teve origem na Par\u00f3quia Sagrado Cora\u00e7\u00e3o de Jesus&nbsp;quando o P\u00e1roco Luiz Henrique e a coordenadora do apostolado da ora\u00e7\u00e3o sentiram a necessidade de Jesus ser mais vivenciado nas fam\u00edlias das comunidades, uma vez que a par\u00f3quia tem como padroeiro o Sagrado Cora\u00e7\u00e3o de Jesus.<\/p>\n\n\n\n<p>O movimento visa a evangeliza\u00e7\u00e3o das fam\u00edlias atrav\u00e9s dos mission\u00e1rios. Cada mission\u00e1rio tem como responsabilidade o zelo por 30 fam\u00edlias, fazendo com que as fam\u00edlias se tornassem mais conhecidas entre si.<\/p>\n\n\n\n<p>Atualmente o Movimento de Jesus Peregrino atua em todas as comunidades da Par\u00f3quia.<\/p>\n","protected":false},"excerpt":{"rendered":"<p>Movimento de Jesus Peregrino O Movimento de Jesus Peregrino teve origem na Par\u00f3quia Sagrado Cora\u00e7\u00e3o de Jesus&nbsp;quando o P\u00e1roco Luiz Henrique e a coordenadora do apostolado da ora\u00e7\u00e3o sentiram a necessidade de Jesus ser mais vivenciado nas fam\u00edlias das comunidades, uma vez que a par\u00f3quia tem como padroeiro o Sagrado Cora\u00e7\u00e3o de Jesus. O movimento visa a evangeliza\u00e7\u00e3o das fam\u00edlias atrav\u00e9s dos mission\u00e1rios. Cada mission\u00e1rio tem como responsabilidade o zelo por 30 fam\u00edlias, fazendo com que as fam\u00edlias se tornassem mais conhecidas entre si. Atualmente o Movimento de Jesus Peregrino atua em todas as comunidades da Par\u00f3quia.<\/p>\n","protected":false},"author":1,"featured_media":0,"parent":0,"menu_order":0,"comment_status":"closed","ping_status":"closed","template":"","meta":{"site-sidebar-layout":"default","site-content-layout":"","ast-site-content-layout":"default","site-content-style":"default","site-sidebar-style":"default","ast-global-header-display":"","ast-banner-title-visibility":"","ast-main-header-display":"","ast-hfb-above-header-display":"","ast-hfb-below-header-display":"","ast-hfb-mobile-header-display":"","site-post-title":"disabled","ast-breadcrumbs-content":"","ast-featured-img":"","footer-sml-layout":"","ast-disable-related-posts":"","theme-transparent-header-meta":"","adv-header-id-meta":"","stick-header-meta":"","header-above-stick-meta":"","header-main-stick-meta":"","header-below-stick-meta":"","astra-migrate-meta-layouts":"default","ast-page-background-enabled":"default","ast-page-background-meta":{"desktop":{"background-color":"var(--ast-global-color-5)","background-image":"","background-repeat":"repeat","background-position":"center center","background-size":"auto","background-attachment":"scroll","background-type":"","background-media":"","overlay-type":"","overlay-color":"","overlay-opacity":"","overlay-gradient":""},"tablet":{"background-color":"","background-image":"","background-repeat":"repeat","background-position":"center center","background-size":"auto","background-attachment":"scroll","background-type":"","background-media":"","overlay-type":"","overlay-color":"","overlay-opacity":"","overlay-gradient":""},"mobile":{"background-color":"","background-image":"","background-repeat":"repeat","background-position":"center center","background-size":"auto","background-attachment":"scroll","background-type":"","background-media":"","overlay-type":"","overlay-color":"","overlay-opacity":"","overlay-gradient":""}},"ast-content-background-meta":{"desktop":{"background-color":"var(--ast-global-color-4)","background-image":"","background-repeat":"repeat","background-position":"center center","background-size":"auto","background-attachment":"scroll","background-type":"","background-media":"","overlay-type":"","overlay-color":"","overlay-opacity":"","overlay-gradient":""},"tablet":{"background-color":"var(--ast-global-color-4)","background-image":"","background-repeat":"repeat","background-position":"center center","background-size":"auto","background-attachment":"scroll","background-type":"","background-media":"","overlay-type":"","overlay-color":"","overlay-opacity":"","overlay-gradient":""},"mobile":{"background-color":"var(--ast-global-color-4)","background-image":"","background-repeat":"repeat","background-position":"center center","background-size":"auto","background-attachment":"scroll","background-type":"","background-media":"","overlay-type":"","overlay-color":"","overlay-opacity":"","overlay-gradient":""}},"footnotes":""},"class_list":["post-2589","page","type-page","status-publish","hentry"],"_links":{"self":[{"href":"https:\/\/pscjslz.com.br\/index.php?rest_route=\/wp\/v2\/pages\/2589","targetHints":{"allow":["GET"]}}],"collection":[{"href":"https:\/\/pscjslz.com.br\/index.php?rest_route=\/wp\/v2\/pages"}],"about":[{"href":"https:\/\/pscjslz.com.br\/index.php?rest_route=\/wp\/v2\/types\/page"}],"author":[{"embeddable":true,"href":"https:\/\/pscjslz.com.br\/index.php?rest_route=\/wp\/v2\/users\/1"}],"replies":[{"embeddable":true,"href":"https:\/\/pscjslz.com.br\/index.php?rest_route=%2Fwp%2Fv2%2Fcomments&post=2589"}],"version-history":[{"count":3,"href":"https:\/\/pscjslz.com.br\/index.php?rest_route=\/wp\/v2\/pages\/2589\/revisions"}],"predecessor-version":[{"id":13571,"href":"https:\/\/pscjslz.com.br\/index.php?rest_route=\/wp\/v2\/pages\/2589\/revisions\/13571"}],"wp:attachment":[{"href":"https:\/\/pscjslz.com.br\/index.php?rest_route=%2Fwp%2Fv2%2Fmedia&parent=2589"}],"curies":[{"name":"wp","href":"https:\/\/api.w.org\/{rel}","templated":true}]}}