{"id":2528,"date":"2023-08-13T16:41:00","date_gmt":"2023-08-13T19:41:00","guid":{"rendered":"http:\/\/pscjslz.com.br\/?page_id=2528"},"modified":"2023-08-13T16:45:40","modified_gmt":"2023-08-13T19:45:40","slug":"oficinas-de-oracao-e-vida","status":"publish","type":"page","link":"https:\/\/pscjslz.com.br\/?page_id=2528","title":{"rendered":"Oficinas de Ora\u00e7\u00e3o e Vida"},"content":{"rendered":"\n<h2 class=\"wp-block-heading\">Oficinas de Ora\u00e7\u00e3o e Vida (<strong>TOV<\/strong>)<\/h2>\n\n\n\n<p>Oficina de Ora\u00e7\u00e3o e Vida (TOV) \u00e9 um m\u00e9todo de evangeliza\u00e7\u00e3o integralmente baseado na Palavra. O nosso objetivo principal \u00e9 ensinar a orar e a viver crist\u00e3mente. Com medita\u00e7\u00e3o da Palavra de Deus, ora\u00e7\u00e3o intensiva, reflex\u00e3o comunit\u00e1ria e exerc\u00edcio de silenciamento. \u00c9 um servi\u00e7o eminentemente experimental e pr\u00e1tico. Fundamentalmente os TOV entregam aos fi\u00e9is um m\u00e9todo pr\u00e1tico para aprender a orar, e orar de uma maneira ordenada, variada e progressiva: desde os primeiros passos at\u00e9 \u00e0s profundidades da contempla\u00e7\u00e3o.<\/p>\n\n\n\n<div style=\"height:24px\" aria-hidden=\"true\" class=\"wp-block-spacer\"><\/div>\n\n\n\n<p>\u00a0Na Oficina de Ora\u00e7\u00e3o, aprende-se a entrar, passo a passo, numa rela\u00e7\u00e3o pessoal com o Senhor, a estabelecer uma aten\u00e7\u00e3o emocional e unitiva com um Tu, na f\u00e9, no amor. E isto, come\u00e7ando pelos primeiros passos, continuando por uma variada gama de modalidade ou diversas maneiras de relacionamento com o Senhor, at\u00e9 mergulhar nos insond\u00e1veis abismos da contempla\u00e7\u00e3o. Isso tudo ocorre em um curso que consta de quinze Sess\u00f5es, que se realizam uma vez por semana e dura\u00e7\u00e3o de duas horas; n\u00e3o se trata de um curso te\u00f3rico, mas concreto e pr\u00e1tico.<\/p>\n\n\n\n<p class=\"has-text-align-center has-white-color has-vivid-red-background-color has-text-color has-background has-medium-font-size\">Todo o servi\u00e7o das Oficinas de Ora\u00e7\u00e3o e Vida se resumem em duas palavras: f\u00e9 e humanismo. As duas coisas est\u00e3o de m\u00e3os dadas. N\u00f3s Guias que aplicam as Oficinas, como almas de ora\u00e7\u00e3o, ensinamos a orar para que o povo de Deus aprenda a viver. <\/p>\n\n\n\n<p>Eis os nossos servi\u00e7os:<\/p>\n\n\n\n<ul class=\"wp-block-list\">\n<li>Oficina de Ora\u00e7\u00e3o e Vida para Adultos;<\/li>\n\n\n\n<li>Oficina de Ora\u00e7\u00e3o e Vida para Jovens;<\/li>\n\n\n\n<li>Oficina de Ora\u00e7\u00e3o e Vida para Adolescentes;<\/li>\n\n\n\n<li>Oficina de Ora\u00e7\u00e3o e Vida para Crian\u00e7as;<\/li>\n\n\n\n<li>Curso para Casais;<\/li>\n\n\n\n<li>Curso B\u00edblico;<\/li>\n\n\n\n<li>Encontro de Experi\u00eancia de Deus (EED) \u2013 Retiro de 5 dias;<\/li>\n\n\n\n<li>Retiros de um dia com temas como Transfigura\u00e7\u00e3o, A arte de ser feliz, Vida com Maria e outros;<\/li>\n\n\n\n<li>Palestras de uma a duas horas, com temas atuais, fundamentados nos livros de Frei Ignacio Larran\u00e3ga.<\/li>\n<\/ul>\n\n\n\n<div style=\"height:24px\" aria-hidden=\"true\" class=\"wp-block-spacer\"><\/div>\n\n\n\n<p>Os nossos servi\u00e7os abrangem os lugares onde existem grupos necessitando de aprofundar na pr\u00e1tica da ora\u00e7\u00e3o e criar uma intimidade maior com o Pai. Na maioria das Par\u00f3quias s\u00e3o oferecidos os servi\u00e7os das Oficinas de Ora\u00e7\u00e3o e Vida, que se realizam duas vezes por ano. Uma no primeiro semestre, que se inicia a partir da segunda semana de mar\u00e7o e a outra, no segundo semestre, que se inicia na segunda semana de agosto. S\u00e3o Luis possui tr\u00eas coordena\u00e7\u00f5es das Oficinas de Ora\u00e7\u00e3o e Vida:<\/p>\n\n\n\n<ul class=\"wp-block-list\">\n<li>S\u00e3o Luis II, na Par\u00f3quia Sagrado Cora\u00e7\u00e3o de Jesus, no Bequim\u00e3o, com 05 guias;<\/li>\n\n\n\n<li>S\u00e3o Luis III, na Par\u00f3quia S\u00e3o Francisco;<\/li>\n\n\n\n<li>Maiob\u00e3o-Pa\u00e7o do Lumiar, na Par\u00f3quia Sagrada Fam\u00edlia.<\/li>\n<\/ul>\n","protected":false},"excerpt":{"rendered":"<p>Oficinas de Ora\u00e7\u00e3o e Vida (TOV) Oficina de Ora\u00e7\u00e3o e Vida (TOV) \u00e9 um m\u00e9todo de evangeliza\u00e7\u00e3o integralmente baseado na Palavra. O nosso objetivo principal \u00e9 ensinar a orar e a viver crist\u00e3mente. Com medita\u00e7\u00e3o da Palavra de Deus, ora\u00e7\u00e3o intensiva, reflex\u00e3o comunit\u00e1ria e exerc\u00edcio de silenciamento. \u00c9 um servi\u00e7o eminentemente experimental e pr\u00e1tico. Fundamentalmente os TOV entregam aos fi\u00e9is um m\u00e9todo pr\u00e1tico para aprender a orar, e orar de uma maneira ordenada, variada e progressiva: desde os primeiros passos at\u00e9 \u00e0s profundidades da contempla\u00e7\u00e3o. \u00a0Na Oficina de Ora\u00e7\u00e3o, aprende-se a entrar, passo a passo, numa rela\u00e7\u00e3o pessoal com o Senhor, a estabelecer uma aten\u00e7\u00e3o emocional e unitiva com um Tu, na f\u00e9, no amor. E isto, come\u00e7ando pelos primeiros passos, continuando por uma variada gama de modalidade ou diversas maneiras de relacionamento com o Senhor, at\u00e9 mergulhar nos insond\u00e1veis abismos da contempla\u00e7\u00e3o. Isso tudo ocorre em um curso que consta de quinze Sess\u00f5es, que se realizam uma vez por semana e dura\u00e7\u00e3o de duas horas; n\u00e3o se trata de um curso te\u00f3rico, mas concreto e pr\u00e1tico. Todo o servi\u00e7o das Oficinas de Ora\u00e7\u00e3o e Vida se resumem em duas palavras: f\u00e9 e humanismo. As duas coisas est\u00e3o de m\u00e3os dadas. N\u00f3s Guias que aplicam as Oficinas, como almas de ora\u00e7\u00e3o, ensinamos a orar para que o povo de Deus aprenda a viver. Eis os nossos servi\u00e7os: Os nossos servi\u00e7os abrangem os lugares onde existem grupos necessitando de aprofundar na pr\u00e1tica da ora\u00e7\u00e3o e criar uma intimidade maior com o Pai. Na maioria das Par\u00f3quias s\u00e3o oferecidos os servi\u00e7os das Oficinas de Ora\u00e7\u00e3o e Vida, que se realizam duas vezes por ano. Uma no primeiro semestre, que se inicia a partir da segunda semana de mar\u00e7o e a outra, no segundo semestre, que se inicia na segunda semana de agosto. S\u00e3o Luis possui tr\u00eas coordena\u00e7\u00f5es das Oficinas de Ora\u00e7\u00e3o e Vida:<\/p>\n","protected":false},"author":1,"featured_media":0,"parent":0,"menu_order":0,"comment_status":"closed","ping_status":"closed","template":"","meta":{"site-sidebar-layout":"default","site-content-layout":"","ast-site-content-layout":"default","site-content-style":"default","site-sidebar-style":"default","ast-global-header-display":"","ast-banner-title-visibility":"","ast-main-header-display":"","ast-hfb-above-header-display":"","ast-hfb-below-header-display":"","ast-hfb-mobile-header-display":"","site-post-title":"","ast-breadcrumbs-content":"","ast-featured-img":"","footer-sml-layout":"","ast-disable-related-posts":"","theme-transparent-header-meta":"","adv-header-id-meta":"","stick-header-meta":"","header-above-stick-meta":"","header-main-stick-meta":"","header-below-stick-meta":"","astra-migrate-meta-layouts":"default","ast-page-background-enabled":"default","ast-page-background-meta":{"desktop":{"background-color":"var(--ast-global-color-5)","background-image":"","background-repeat":"repeat","background-position":"center center","background-size":"auto","background-attachment":"scroll","background-type":"","background-media":"","overlay-type":"","overlay-color":"","overlay-opacity":"","overlay-gradient":""},"tablet":{"background-color":"","background-image":"","background-repeat":"repeat","background-position":"center center","background-size":"auto","background-attachment":"scroll","background-type":"","background-media":"","overlay-type":"","overlay-color":"","overlay-opacity":"","overlay-gradient":""},"mobile":{"background-color":"","background-image":"","background-repeat":"repeat","background-position":"center center","background-size":"auto","background-attachment":"scroll","background-type":"","background-media":"","overlay-type":"","overlay-color":"","overlay-opacity":"","overlay-gradient":""}},"ast-content-background-meta":{"desktop":{"background-color":"var(--ast-global-color-4)","background-image":"","background-repeat":"repeat","background-position":"center center","background-size":"auto","background-attachment":"scroll","background-type":"","background-media":"","overlay-type":"","overlay-color":"","overlay-opacity":"","overlay-gradient":""},"tablet":{"background-color":"var(--ast-global-color-4)","background-image":"","background-repeat":"repeat","background-position":"center center","background-size":"auto","background-attachment":"scroll","background-type":"","background-media":"","overlay-type":"","overlay-color":"","overlay-opacity":"","overlay-gradient":""},"mobile":{"background-color":"var(--ast-global-color-4)","background-image":"","background-repeat":"repeat","background-position":"center center","background-size":"auto","background-attachment":"scroll","background-type":"","background-media":"","overlay-type":"","overlay-color":"","overlay-opacity":"","overlay-gradient":""}},"footnotes":""},"class_list":["post-2528","page","type-page","status-publish","hentry"],"_links":{"self":[{"href":"https:\/\/pscjslz.com.br\/index.php?rest_route=\/wp\/v2\/pages\/2528","targetHints":{"allow":["GET"]}}],"collection":[{"href":"https:\/\/pscjslz.com.br\/index.php?rest_route=\/wp\/v2\/pages"}],"about":[{"href":"https:\/\/pscjslz.com.br\/index.php?rest_route=\/wp\/v2\/types\/page"}],"author":[{"embeddable":true,"href":"https:\/\/pscjslz.com.br\/index.php?rest_route=\/wp\/v2\/users\/1"}],"replies":[{"embeddable":true,"href":"https:\/\/pscjslz.com.br\/index.php?rest_route=%2Fwp%2Fv2%2Fcomments&post=2528"}],"version-history":[{"count":3,"href":"https:\/\/pscjslz.com.br\/index.php?rest_route=\/wp\/v2\/pages\/2528\/revisions"}],"predecessor-version":[{"id":2534,"href":"https:\/\/pscjslz.com.br\/index.php?rest_route=\/wp\/v2\/pages\/2528\/revisions\/2534"}],"wp:attachment":[{"href":"https:\/\/pscjslz.com.br\/index.php?rest_route=%2Fwp%2Fv2%2Fmedia&parent=2528"}],"curies":[{"name":"wp","href":"https:\/\/api.w.org\/{rel}","templated":true}]}}