{"id":2503,"date":"2023-08-13T09:39:25","date_gmt":"2023-08-13T12:39:25","guid":{"rendered":"http:\/\/pscjslz.com.br\/?page_id=2503"},"modified":"2023-08-13T09:40:28","modified_gmt":"2023-08-13T12:40:28","slug":"dia-dos-pais","status":"publish","type":"page","link":"https:\/\/pscjslz.com.br\/?page_id=2503","title":{"rendered":"Dia dos Pais"},"content":{"rendered":"\n<h2 class=\"wp-block-heading\">Dia dos Pais<\/h2>\n\n\n\n<p>O Papa Francisco deixou para a Igreja e para os pais dire\u00e7\u00f5es. Neste Dia dos Pais, confira:<\/p>\n\n\n\n<h3 class=\"wp-block-heading\">Pai presente<\/h3>\n\n\n\n<p>\u201cA primeira necessidade \u00e9 precisamente esta: que o pai esteja presente na fam\u00edlia. Que esteja junto da sua mulher, para partilhar tudo, alegrias e dores, trabalhos e esperan\u00e7as. E que esteja junto dos seus filhos no seu crescimento: quando jogam e quando se empenham, quando est\u00e3o sem preocupa\u00e7\u00f5es e quando est\u00e3o angustiados, quando se exprimem e quando est\u00e3o taciturnos, quando ousam e quando t\u00eam medo, quando fazem um passo errado e quando reencontram o caminho. Pai presente sempre.\u201d<\/p>\n\n\n\n<p>\u201cOs pais devem saber ser pacientes. \u00c0s vezes, n\u00e3o h\u00e1 outra coisa a fazer que n\u00e3o seja esperar, rezar e esperar com paci\u00eancia, do\u00e7ura, magnanimidade, miseric\u00f3rdia. Um bom pai sabe esperar e sabe perdoar.\u201d<\/p>\n\n\n\n<figure class=\"wp-block-image size-large\"><img fetchpriority=\"high\" decoding=\"async\" width=\"1024\" height=\"1024\" src=\"https:\/\/pscjslz.com.br\/wp-content\/uploads\/2023\/08\/693663F5-C5E4-4D8C-B24C-012D75A10465-1024x1024.png\" alt=\"\" class=\"wp-image-2504\" srcset=\"https:\/\/pscjslz.com.br\/wp-content\/uploads\/2023\/08\/693663F5-C5E4-4D8C-B24C-012D75A10465-1024x1024.png 1024w, https:\/\/pscjslz.com.br\/wp-content\/uploads\/2023\/08\/693663F5-C5E4-4D8C-B24C-012D75A10465-300x300.png 300w, https:\/\/pscjslz.com.br\/wp-content\/uploads\/2023\/08\/693663F5-C5E4-4D8C-B24C-012D75A10465-150x150.png 150w, https:\/\/pscjslz.com.br\/wp-content\/uploads\/2023\/08\/693663F5-C5E4-4D8C-B24C-012D75A10465-768x768.png 768w, https:\/\/pscjslz.com.br\/wp-content\/uploads\/2023\/08\/693663F5-C5E4-4D8C-B24C-012D75A10465.png 1080w\" sizes=\"(max-width: 1024px) 100vw, 1024px\" \/><\/figure>\n\n\n\n<h3 class=\"wp-block-heading\">S\u00e3o Jos\u00e9: modelo de pai<\/h3>\n\n\n\n<p>\u201cS\u00e3o Jos\u00e9 \u00e9 o modelo do educador e do pai. Portanto, confio \u00e0 sua salvaguarda todos os pais, os sacerdotes \u2014 que s\u00e3o pais \u2014 e aqueles que desempenham uma tarefa educativa na Igreja e na sociedade. De modo especial, gostaria de saudar hoje, dia dos pais, todos os pais: sa\u00fado-vos de cora\u00e7\u00e3o! (\u20260 Pe\u00e7o para v\u00f3s a gra\u00e7a de permanecer sempre muito pr\u00f3ximos dos vossos filhos, deixando-os crescer, mas pr\u00f3ximos, pr\u00f3ximos! Eles t\u00eam necessidade de v\u00f3s, da vossa presen\u00e7a, da vossa proximidade e do vosso amor. Sede para eles como s\u00e3o Jos\u00e9: guardi\u00f5es do seu crescimento em idade, sabedoria e gra\u00e7a. Guardi\u00f5es do seu caminho, educadores; e caminhai com eles. E com esta proximidade, sereis verdadeiros educadores. Obrigado por tudo aquilo que v\u00f3s fazeis pelos vossos filhos: obrigado! (\u2026)<br>E muitos parab\u00e9ns aos pais!<\/p>\n\n\n\n<h3 class=\"wp-block-heading\">Pai terreno \u00e0 luz do Pai celeste<\/h3>\n\n\n\n<p>\u201cA miseric\u00f3rdia do pai \u00e9 transbordante, incondicional, e se manifesta ainda antes de o filho falar. Certo, o filho saber que errou e o reconhece: \u201cPequei\u2026 trata-me com um de teus empregados\u201d (v. 19). Mas estas palavras se dissolvem diante do perd\u00e3o do pai. O abra\u00e7o e o beijo de seu papai os fazem entender que sempre foi considerado filho, apesar de tudo. \u00c9 importante este ensinamento de Jesus: a nossa condi\u00e7\u00e3o de filhos de Deus \u00e9 fruto do amor do cora\u00e7\u00e3o do Pai; n\u00e3o depende de nossos m\u00e9ritos ou de nossas a\u00e7\u00f5es, e portanto ningu\u00e9m pode tir\u00e1-la, nem mesmo o diabo! Ningu\u00e9m pode nos tirar esta dignidade.\u201d<\/p>\n\n\n\n<div style=\"height:21px\" aria-hidden=\"true\" class=\"wp-block-spacer\"><\/div>\n\n\n\n<p class=\"has-small-font-size\">Fonte: cancaonova<\/p>\n","protected":false},"excerpt":{"rendered":"<p>Dia dos Pais O Papa Francisco deixou para a Igreja e para os pais dire\u00e7\u00f5es. Neste Dia dos Pais, confira: Pai presente \u201cA primeira necessidade \u00e9 precisamente esta: que o pai esteja presente na fam\u00edlia. Que esteja junto da sua mulher, para partilhar tudo, alegrias e dores, trabalhos e esperan\u00e7as. E que esteja junto dos seus filhos no seu crescimento: quando jogam e quando se empenham, quando est\u00e3o sem preocupa\u00e7\u00f5es e quando est\u00e3o angustiados, quando se exprimem e quando est\u00e3o taciturnos, quando ousam e quando t\u00eam medo, quando fazem um passo errado e quando reencontram o caminho. Pai presente sempre.\u201d \u201cOs pais devem saber ser pacientes. \u00c0s vezes, n\u00e3o h\u00e1 outra coisa a fazer que n\u00e3o seja esperar, rezar e esperar com paci\u00eancia, do\u00e7ura, magnanimidade, miseric\u00f3rdia. Um bom pai sabe esperar e sabe perdoar.\u201d S\u00e3o Jos\u00e9: modelo de pai \u201cS\u00e3o Jos\u00e9 \u00e9 o modelo do educador e do pai. Portanto, confio \u00e0 sua salvaguarda todos os pais, os sacerdotes \u2014 que s\u00e3o pais \u2014 e aqueles que desempenham uma tarefa educativa na Igreja e na sociedade. De modo especial, gostaria de saudar hoje, dia dos pais, todos os pais: sa\u00fado-vos de cora\u00e7\u00e3o! (\u20260 Pe\u00e7o para v\u00f3s a gra\u00e7a de permanecer sempre muito pr\u00f3ximos dos vossos filhos, deixando-os crescer, mas pr\u00f3ximos, pr\u00f3ximos! Eles t\u00eam necessidade de v\u00f3s, da vossa presen\u00e7a, da vossa proximidade e do vosso amor. Sede para eles como s\u00e3o Jos\u00e9: guardi\u00f5es do seu crescimento em idade, sabedoria e gra\u00e7a. Guardi\u00f5es do seu caminho, educadores; e caminhai com eles. E com esta proximidade, sereis verdadeiros educadores. Obrigado por tudo aquilo que v\u00f3s fazeis pelos vossos filhos: obrigado! (\u2026)E muitos parab\u00e9ns aos pais! Pai terreno \u00e0 luz do Pai celeste \u201cA miseric\u00f3rdia do pai \u00e9 transbordante, incondicional, e se manifesta ainda antes de o filho falar. Certo, o filho saber que errou e o reconhece: \u201cPequei\u2026 trata-me com um de teus empregados\u201d (v. 19). Mas estas palavras se dissolvem diante do perd\u00e3o do pai. O abra\u00e7o e o beijo de seu papai os fazem entender que sempre foi considerado filho, apesar de tudo. \u00c9 importante este ensinamento de Jesus: a nossa condi\u00e7\u00e3o de filhos de Deus \u00e9 fruto do amor do cora\u00e7\u00e3o do Pai; n\u00e3o depende de nossos m\u00e9ritos ou de nossas a\u00e7\u00f5es, e portanto ningu\u00e9m pode tir\u00e1-la, nem mesmo o diabo! Ningu\u00e9m pode nos tirar esta dignidade.\u201d Fonte: cancaonova<\/p>\n","protected":false},"author":1,"featured_media":2504,"parent":0,"menu_order":0,"comment_status":"closed","ping_status":"closed","template":"","meta":{"site-sidebar-layout":"default","site-content-layout":"","ast-site-content-layout":"default","site-content-style":"default","site-sidebar-style":"default","ast-global-header-display":"","ast-banner-title-visibility":"","ast-main-header-display":"","ast-hfb-above-header-display":"","ast-hfb-below-header-display":"","ast-hfb-mobile-header-display":"","site-post-title":"","ast-breadcrumbs-content":"","ast-featured-img":"","footer-sml-layout":"","ast-disable-related-posts":"","theme-transparent-header-meta":"","adv-header-id-meta":"","stick-header-meta":"","header-above-stick-meta":"","header-main-stick-meta":"","header-below-stick-meta":"","astra-migrate-meta-layouts":"default","ast-page-background-enabled":"default","ast-page-background-meta":{"desktop":{"background-color":"var(--ast-global-color-5)","background-image":"","background-repeat":"repeat","background-position":"center center","background-size":"auto","background-attachment":"scroll","background-type":"","background-media":"","overlay-type":"","overlay-color":"","overlay-opacity":"","overlay-gradient":""},"tablet":{"background-color":"","background-image":"","background-repeat":"repeat","background-position":"center center","background-size":"auto","background-attachment":"scroll","background-type":"","background-media":"","overlay-type":"","overlay-color":"","overlay-opacity":"","overlay-gradient":""},"mobile":{"background-color":"","background-image":"","background-repeat":"repeat","background-position":"center center","background-size":"auto","background-attachment":"scroll","background-type":"","background-media":"","overlay-type":"","overlay-color":"","overlay-opacity":"","overlay-gradient":""}},"ast-content-background-meta":{"desktop":{"background-color":"var(--ast-global-color-4)","background-image":"","background-repeat":"repeat","background-position":"center center","background-size":"auto","background-attachment":"scroll","background-type":"","background-media":"","overlay-type":"","overlay-color":"","overlay-opacity":"","overlay-gradient":""},"tablet":{"background-color":"var(--ast-global-color-4)","background-image":"","background-repeat":"repeat","background-position":"center center","background-size":"auto","background-attachment":"scroll","background-type":"","background-media":"","overlay-type":"","overlay-color":"","overlay-opacity":"","overlay-gradient":""},"mobile":{"background-color":"var(--ast-global-color-4)","background-image":"","background-repeat":"repeat","background-position":"center center","background-size":"auto","background-attachment":"scroll","background-type":"","background-media":"","overlay-type":"","overlay-color":"","overlay-opacity":"","overlay-gradient":""}},"footnotes":""},"class_list":["post-2503","page","type-page","status-publish","has-post-thumbnail","hentry"],"_links":{"self":[{"href":"https:\/\/pscjslz.com.br\/index.php?rest_route=\/wp\/v2\/pages\/2503","targetHints":{"allow":["GET"]}}],"collection":[{"href":"https:\/\/pscjslz.com.br\/index.php?rest_route=\/wp\/v2\/pages"}],"about":[{"href":"https:\/\/pscjslz.com.br\/index.php?rest_route=\/wp\/v2\/types\/page"}],"author":[{"embeddable":true,"href":"https:\/\/pscjslz.com.br\/index.php?rest_route=\/wp\/v2\/users\/1"}],"replies":[{"embeddable":true,"href":"https:\/\/pscjslz.com.br\/index.php?rest_route=%2Fwp%2Fv2%2Fcomments&post=2503"}],"version-history":[{"count":2,"href":"https:\/\/pscjslz.com.br\/index.php?rest_route=\/wp\/v2\/pages\/2503\/revisions"}],"predecessor-version":[{"id":2506,"href":"https:\/\/pscjslz.com.br\/index.php?rest_route=\/wp\/v2\/pages\/2503\/revisions\/2506"}],"wp:featuredmedia":[{"embeddable":true,"href":"https:\/\/pscjslz.com.br\/index.php?rest_route=\/wp\/v2\/media\/2504"}],"wp:attachment":[{"href":"https:\/\/pscjslz.com.br\/index.php?rest_route=%2Fwp%2Fv2%2Fmedia&parent=2503"}],"curies":[{"name":"wp","href":"https:\/\/api.w.org\/{rel}","templated":true}]}}