{"id":2153,"date":"2023-07-12T16:19:40","date_gmt":"2023-07-12T19:19:40","guid":{"rendered":"http:\/\/pscjslz.com.br\/?page_id=2153"},"modified":"2023-10-25T20:02:05","modified_gmt":"2023-10-25T23:02:05","slug":"capela-sao-francisco-xavier","status":"publish","type":"page","link":"https:\/\/pscjslz.com.br\/?page_id=2153","title":{"rendered":"Capela S\u00e3o Francisco Xavier"},"content":{"rendered":"\n<h2 class=\"wp-block-heading\">Capela S\u00e3o Francisco Xavier<\/h2>\n\n\n\n<p><strong>Celebra\u00e7\u00e3o da Missa:<\/strong><\/p>\n\n\n\n<ul class=\"wp-block-list\">\n<li>S\u00e1bado, \u00e0s 19h30.<\/li>\n<\/ul>\n\n\n\n<p><strong>Coordena\u00e7\u00e3o do Conselho Comunit\u00e1rio<\/strong>: Josete Ribeiro (98) 99604-7968<\/p>\n\n\n\n<p><strong>Endere\u00e7o<\/strong>: Rua S\u00e3o Jos\u00e9, s\/n, em frente a Pra\u00e7a, Bequim\u00e3o, S\u00e3o Lu\u00eds \u2013 MA, 65066-620.<\/p>\n\n\n\n<p><\/p>\n\n\n\n<blockquote class=\"wp-block-quote is-layout-flow wp-block-quote-is-layout-flow\">\n<p class=\"has-text-align-center\"><strong>MEM\u00d3RIAS<\/strong><\/p>\n<\/blockquote>\n\n\n\n<p>Em 01 de janeiro de 1980, deu-se o in\u00edcio da constru\u00e7\u00e3o das primeiras casas da comunidade Padre Xavier.<\/p>\n\n\n\n<div class=\"wp-block-columns is-layout-flex wp-container-core-columns-is-layout-28f84493 wp-block-columns-is-layout-flex\">\n<div class=\"wp-block-column is-layout-flow wp-block-column-is-layout-flow\">\n<figure class=\"wp-block-image size-full\"><img fetchpriority=\"high\" decoding=\"async\" width=\"678\" height=\"496\" src=\"https:\/\/pscjslz.com.br\/wp-content\/uploads\/2023\/09\/image-29.png\" alt=\"\" class=\"wp-image-2951\" srcset=\"https:\/\/pscjslz.com.br\/wp-content\/uploads\/2023\/09\/image-29.png 678w, https:\/\/pscjslz.com.br\/wp-content\/uploads\/2023\/09\/image-29-300x219.png 300w\" sizes=\"(max-width: 678px) 100vw, 678px\" \/><\/figure>\n<\/div>\n\n\n\n<div class=\"wp-block-column is-layout-flow wp-block-column-is-layout-flow\">\n<figure class=\"wp-block-image size-full\"><img decoding=\"async\" width=\"669\" height=\"496\" src=\"https:\/\/pscjslz.com.br\/wp-content\/uploads\/2023\/09\/image-30.png\" alt=\"\" class=\"wp-image-2952\" srcset=\"https:\/\/pscjslz.com.br\/wp-content\/uploads\/2023\/09\/image-30.png 669w, https:\/\/pscjslz.com.br\/wp-content\/uploads\/2023\/09\/image-30-300x222.png 300w\" sizes=\"(max-width: 669px) 100vw, 669px\" \/><\/figure>\n<\/div>\n<\/div>\n\n\n\n<p>No dia 6 de janeiro de 1980, ocorreu a primeira derrubada.<\/p>\n\n\n\n<div class=\"wp-block-columns is-layout-flex wp-container-core-columns-is-layout-28f84493 wp-block-columns-is-layout-flex\">\n<div class=\"wp-block-column is-layout-flow wp-block-column-is-layout-flow\">\n<figure class=\"wp-block-image size-full\"><img decoding=\"async\" width=\"691\" height=\"472\" src=\"https:\/\/pscjslz.com.br\/wp-content\/uploads\/2023\/09\/image-31.png\" alt=\"\" class=\"wp-image-2953\" srcset=\"https:\/\/pscjslz.com.br\/wp-content\/uploads\/2023\/09\/image-31.png 691w, https:\/\/pscjslz.com.br\/wp-content\/uploads\/2023\/09\/image-31-300x205.png 300w\" sizes=\"(max-width: 691px) 100vw, 691px\" \/><\/figure>\n<\/div>\n\n\n\n<div class=\"wp-block-column is-layout-flow wp-block-column-is-layout-flow\">\n<figure class=\"wp-block-image size-full\"><img loading=\"lazy\" decoding=\"async\" width=\"848\" height=\"548\" src=\"https:\/\/pscjslz.com.br\/wp-content\/uploads\/2023\/09\/image-32.png\" alt=\"\" class=\"wp-image-2954\" srcset=\"https:\/\/pscjslz.com.br\/wp-content\/uploads\/2023\/09\/image-32.png 848w, https:\/\/pscjslz.com.br\/wp-content\/uploads\/2023\/09\/image-32-300x194.png 300w, https:\/\/pscjslz.com.br\/wp-content\/uploads\/2023\/09\/image-32-768x496.png 768w\" sizes=\"(max-width: 848px) 100vw, 848px\" \/><\/figure>\n<\/div>\n<\/div>\n\n\n\n<p>A primeira missa na comunidade ocorreu na uni\u00e3o de moradores, no dia 22 de fevereiro de 1982&nbsp; ou 1983.<\/p>\n\n\n\n<figure class=\"wp-block-image size-large\"><img loading=\"lazy\" decoding=\"async\" width=\"1024\" height=\"709\" src=\"https:\/\/pscjslz.com.br\/wp-content\/uploads\/2023\/09\/image-33-1024x709.png\" alt=\"\" class=\"wp-image-2955\" srcset=\"https:\/\/pscjslz.com.br\/wp-content\/uploads\/2023\/09\/image-33-1024x709.png 1024w, https:\/\/pscjslz.com.br\/wp-content\/uploads\/2023\/09\/image-33-300x208.png 300w, https:\/\/pscjslz.com.br\/wp-content\/uploads\/2023\/09\/image-33-768x532.png 768w, https:\/\/pscjslz.com.br\/wp-content\/uploads\/2023\/09\/image-33-1536x1064.png 1536w, https:\/\/pscjslz.com.br\/wp-content\/uploads\/2023\/09\/image-33.png 1624w\" sizes=\"(max-width: 1024px) 100vw, 1024px\" \/><\/figure>\n","protected":false},"excerpt":{"rendered":"<p>Capela S\u00e3o Francisco Xavier Celebra\u00e7\u00e3o da Missa: Coordena\u00e7\u00e3o do Conselho Comunit\u00e1rio: Josete Ribeiro (98) 99604-7968 Endere\u00e7o: Rua S\u00e3o Jos\u00e9, s\/n, em frente a Pra\u00e7a, Bequim\u00e3o, S\u00e3o Lu\u00eds \u2013 MA, 65066-620. MEM\u00d3RIAS Em 01 de janeiro de 1980, deu-se o in\u00edcio da constru\u00e7\u00e3o das primeiras casas da comunidade Padre Xavier. No dia 6 de janeiro de 1980, ocorreu a primeira derrubada. A primeira missa na comunidade ocorreu na uni\u00e3o de moradores, no dia 22 de fevereiro de 1982&nbsp; ou 1983.<\/p>\n","protected":false},"author":1,"featured_media":2414,"parent":0,"menu_order":0,"comment_status":"closed","ping_status":"closed","template":"","meta":{"site-sidebar-layout":"default","site-content-layout":"","ast-site-content-layout":"default","site-content-style":"default","site-sidebar-style":"default","ast-global-header-display":"","ast-banner-title-visibility":"","ast-main-header-display":"","ast-hfb-above-header-display":"","ast-hfb-below-header-display":"","ast-hfb-mobile-header-display":"","site-post-title":"","ast-breadcrumbs-content":"","ast-featured-img":"","footer-sml-layout":"","ast-disable-related-posts":"","theme-transparent-header-meta":"","adv-header-id-meta":"","stick-header-meta":"","header-above-stick-meta":"","header-main-stick-meta":"","header-below-stick-meta":"","astra-migrate-meta-layouts":"default","ast-page-background-enabled":"default","ast-page-background-meta":{"desktop":{"background-color":"var(--ast-global-color-5)","background-image":"","background-repeat":"repeat","background-position":"center center","background-size":"auto","background-attachment":"scroll","background-type":"","background-media":"","overlay-type":"","overlay-color":"","overlay-opacity":"","overlay-gradient":""},"tablet":{"background-color":"","background-image":"","background-repeat":"repeat","background-position":"center center","background-size":"auto","background-attachment":"scroll","background-type":"","background-media":"","overlay-type":"","overlay-color":"","overlay-opacity":"","overlay-gradient":""},"mobile":{"background-color":"","background-image":"","background-repeat":"repeat","background-position":"center center","background-size":"auto","background-attachment":"scroll","background-type":"","background-media":"","overlay-type":"","overlay-color":"","overlay-opacity":"","overlay-gradient":""}},"ast-content-background-meta":{"desktop":{"background-color":"var(--ast-global-color-4)","background-image":"","background-repeat":"repeat","background-position":"center center","background-size":"auto","background-attachment":"scroll","background-type":"","background-media":"","overlay-type":"","overlay-color":"","overlay-opacity":"","overlay-gradient":""},"tablet":{"background-color":"var(--ast-global-color-4)","background-image":"","background-repeat":"repeat","background-position":"center center","background-size":"auto","background-attachment":"scroll","background-type":"","background-media":"","overlay-type":"","overlay-color":"","overlay-opacity":"","overlay-gradient":""},"mobile":{"background-color":"var(--ast-global-color-4)","background-image":"","background-repeat":"repeat","background-position":"center center","background-size":"auto","background-attachment":"scroll","background-type":"","background-media":"","overlay-type":"","overlay-color":"","overlay-opacity":"","overlay-gradient":""}},"footnotes":""},"class_list":["post-2153","page","type-page","status-publish","has-post-thumbnail","hentry"],"_links":{"self":[{"href":"https:\/\/pscjslz.com.br\/index.php?rest_route=\/wp\/v2\/pages\/2153","targetHints":{"allow":["GET"]}}],"collection":[{"href":"https:\/\/pscjslz.com.br\/index.php?rest_route=\/wp\/v2\/pages"}],"about":[{"href":"https:\/\/pscjslz.com.br\/index.php?rest_route=\/wp\/v2\/types\/page"}],"author":[{"embeddable":true,"href":"https:\/\/pscjslz.com.br\/index.php?rest_route=\/wp\/v2\/users\/1"}],"replies":[{"embeddable":true,"href":"https:\/\/pscjslz.com.br\/index.php?rest_route=%2Fwp%2Fv2%2Fcomments&post=2153"}],"version-history":[{"count":5,"href":"https:\/\/pscjslz.com.br\/index.php?rest_route=\/wp\/v2\/pages\/2153\/revisions"}],"predecessor-version":[{"id":3719,"href":"https:\/\/pscjslz.com.br\/index.php?rest_route=\/wp\/v2\/pages\/2153\/revisions\/3719"}],"wp:featuredmedia":[{"embeddable":true,"href":"https:\/\/pscjslz.com.br\/index.php?rest_route=\/wp\/v2\/media\/2414"}],"wp:attachment":[{"href":"https:\/\/pscjslz.com.br\/index.php?rest_route=%2Fwp%2Fv2%2Fmedia&parent=2153"}],"curies":[{"name":"wp","href":"https:\/\/api.w.org\/{rel}","templated":true}]}}