{"id":2119,"date":"2023-07-12T15:39:08","date_gmt":"2023-07-12T18:39:08","guid":{"rendered":"http:\/\/pscjslz.com.br\/?page_id=2119"},"modified":"2026-03-02T16:32:02","modified_gmt":"2026-03-02T19:32:02","slug":"centro-de-acolhimento-3","status":"publish","type":"page","link":"https:\/\/pscjslz.com.br\/?page_id=2119","title":{"rendered":"Centro de Acolhimento SCJ"},"content":{"rendered":"\t\t<div data-elementor-type=\"wp-page\" data-elementor-id=\"2119\" class=\"elementor elementor-2119\">\n\t\t\t\t\t\t<section class=\"elementor-section elementor-top-section elementor-element elementor-element-aa795ce elementor-section-boxed elementor-section-height-default elementor-section-height-default wpr-particle-no wpr-jarallax-no wpr-parallax-no wpr-sticky-section-no\" data-id=\"aa795ce\" data-element_type=\"section\" data-e-type=\"section\">\n\t\t\t\t\t\t<div class=\"elementor-container elementor-column-gap-default\">\n\t\t\t\t\t<div class=\"elementor-column elementor-col-100 elementor-top-column elementor-element elementor-element-47a6a02\" data-id=\"47a6a02\" data-element_type=\"column\" data-e-type=\"column\">\n\t\t\t<div class=\"elementor-widget-wrap elementor-element-populated\">\n\t\t\t\t\t\t<div class=\"elementor-element elementor-element-67a6882 elementor-widget elementor-widget-image\" data-id=\"67a6882\" data-element_type=\"widget\" data-e-type=\"widget\" data-widget_type=\"image.default\">\n\t\t\t\t<div class=\"elementor-widget-container\">\n\t\t\t\t\t\t\t\t\t\t\t\t\t\t\t<img fetchpriority=\"high\" decoding=\"async\" width=\"1024\" height=\"256\" src=\"https:\/\/pscjslz.com.br\/wp-content\/uploads\/2023\/07\/imagem_centro_acolhimento-1024x256.png\" class=\"attachment-large size-large wp-image-2120\" alt=\"\" srcset=\"https:\/\/pscjslz.com.br\/wp-content\/uploads\/2023\/07\/imagem_centro_acolhimento-1024x256.png 1024w, https:\/\/pscjslz.com.br\/wp-content\/uploads\/2023\/07\/imagem_centro_acolhimento-300x75.png 300w, https:\/\/pscjslz.com.br\/wp-content\/uploads\/2023\/07\/imagem_centro_acolhimento-768x192.png 768w, https:\/\/pscjslz.com.br\/wp-content\/uploads\/2023\/07\/imagem_centro_acolhimento-1536x384.png 1536w, https:\/\/pscjslz.com.br\/wp-content\/uploads\/2023\/07\/imagem_centro_acolhimento.png 2000w\" sizes=\"(max-width: 1024px) 100vw, 1024px\" \/>\t\t\t\t\t\t\t\t\t\t\t\t\t\t\t<\/div>\n\t\t\t\t<\/div>\n\t\t\t\t\t<\/div>\n\t\t<\/div>\n\t\t\t\t\t<\/div>\n\t\t<\/section>\n\t\t\t\t<section class=\"elementor-section elementor-top-section elementor-element elementor-element-9c6bb23 elementor-section-boxed elementor-section-height-default elementor-section-height-default wpr-particle-no wpr-jarallax-no wpr-parallax-no wpr-sticky-section-no\" data-id=\"9c6bb23\" data-element_type=\"section\" data-e-type=\"section\">\n\t\t\t\t\t\t<div class=\"elementor-container elementor-column-gap-default\">\n\t\t\t\t\t<div class=\"elementor-column elementor-col-100 elementor-top-column elementor-element elementor-element-1031301\" data-id=\"1031301\" data-element_type=\"column\" data-e-type=\"column\">\n\t\t\t<div class=\"elementor-widget-wrap elementor-element-populated\">\n\t\t\t\t\t\t<div class=\"elementor-element elementor-element-40aef9b elementor-widget elementor-widget-heading\" data-id=\"40aef9b\" data-element_type=\"widget\" data-e-type=\"widget\" data-widget_type=\"heading.default\">\n\t\t\t\t<div class=\"elementor-widget-container\">\n\t\t\t\t\t<h2 class=\"elementor-heading-title elementor-size-default\">Centro de Acolhimento SCJ<\/h2>\t\t\t\t<\/div>\n\t\t\t\t<\/div>\n\t\t\t\t\t<\/div>\n\t\t<\/div>\n\t\t\t\t\t<\/div>\n\t\t<\/section>\n\t\t\t\t<section class=\"elementor-section elementor-top-section elementor-element elementor-element-b44cea9 elementor-section-boxed elementor-section-height-default elementor-section-height-default wpr-particle-no wpr-jarallax-no wpr-parallax-no wpr-sticky-section-no\" data-id=\"b44cea9\" data-element_type=\"section\" data-e-type=\"section\">\n\t\t\t\t\t\t<div class=\"elementor-container elementor-column-gap-default\">\n\t\t\t\t\t<div class=\"elementor-column elementor-col-100 elementor-top-column elementor-element elementor-element-edc45ff\" data-id=\"edc45ff\" data-element_type=\"column\" data-e-type=\"column\">\n\t\t\t<div class=\"elementor-widget-wrap elementor-element-populated\">\n\t\t\t\t\t\t<div class=\"elementor-element elementor-element-995a2e1 elementor-widget elementor-widget-image\" data-id=\"995a2e1\" data-element_type=\"widget\" data-e-type=\"widget\" data-widget_type=\"image.default\">\n\t\t\t\t<div class=\"elementor-widget-container\">\n\t\t\t\t\t\t\t\t\t\t\t\t\t\t\t<img decoding=\"async\" width=\"1024\" height=\"341\" src=\"https:\/\/pscjslz.com.br\/wp-content\/uploads\/2023\/09\/BDFF8E42-C72B-48E4-83C5-DA7BFD0ABF9E-1024x341.png\" class=\"attachment-large size-large wp-image-2725\" alt=\"\" srcset=\"https:\/\/pscjslz.com.br\/wp-content\/uploads\/2023\/09\/BDFF8E42-C72B-48E4-83C5-DA7BFD0ABF9E-1024x341.png 1024w, https:\/\/pscjslz.com.br\/wp-content\/uploads\/2023\/09\/BDFF8E42-C72B-48E4-83C5-DA7BFD0ABF9E-300x100.png 300w, https:\/\/pscjslz.com.br\/wp-content\/uploads\/2023\/09\/BDFF8E42-C72B-48E4-83C5-DA7BFD0ABF9E-768x256.png 768w, https:\/\/pscjslz.com.br\/wp-content\/uploads\/2023\/09\/BDFF8E42-C72B-48E4-83C5-DA7BFD0ABF9E-1536x512.png 1536w, https:\/\/pscjslz.com.br\/wp-content\/uploads\/2023\/09\/BDFF8E42-C72B-48E4-83C5-DA7BFD0ABF9E.png 1620w\" sizes=\"(max-width: 1024px) 100vw, 1024px\" \/>\t\t\t\t\t\t\t\t\t\t\t\t\t\t\t<\/div>\n\t\t\t\t<\/div>\n\t\t\t\t\t<\/div>\n\t\t<\/div>\n\t\t\t\t\t<\/div>\n\t\t<\/section>\n\t\t\t\t<section class=\"elementor-section elementor-top-section elementor-element elementor-element-632ebca elementor-section-boxed elementor-section-height-default elementor-section-height-default wpr-particle-no wpr-jarallax-no wpr-parallax-no wpr-sticky-section-no\" data-id=\"632ebca\" data-element_type=\"section\" data-e-type=\"section\">\n\t\t\t\t\t\t<div class=\"elementor-container elementor-column-gap-default\">\n\t\t\t\t\t<div class=\"elementor-column elementor-col-100 elementor-top-column elementor-element elementor-element-36e81e4\" data-id=\"36e81e4\" data-element_type=\"column\" data-e-type=\"column\">\n\t\t\t<div class=\"elementor-widget-wrap elementor-element-populated\">\n\t\t\t\t\t\t<div class=\"elementor-element elementor-element-0e90254 elementor-widget elementor-widget-text-editor\" data-id=\"0e90254\" data-element_type=\"widget\" data-e-type=\"widget\" data-widget_type=\"text-editor.default\">\n\t\t\t\t<div class=\"elementor-widget-container\">\n\t\t\t\t\t\t\t\t\t<p class=\"has-text-align-left\">O\u00a0<span style=\"color: #ff0000;\"><strong>Centro de Acolhimento da Par\u00f3quia Sagrado Cora\u00e7\u00e3o de Jesus<\/strong><\/span> come\u00e7ou suas atividades em 16 de setembro de 2020 com a dimens\u00e3o psicol\u00f3gica, e, atualmente \u00e9 composto por 81 volunt\u00e1rios\/mission\u00e1rios, oferecendo seis dimens\u00f5es de servi\u00e7os assim distribu\u00eddas: 19 psic\u00f3logos; 1 psicanalista; 8 fisioterapeutas; 4 nutricionistas; 1 fonoaudi\u00f3loga; 1 psiquiatra; 10 profissionais da \u00e1rea de odontologia (com in\u00edcio previsto em breve); e 38 volunt\u00e1rios\/mission\u00e1rios organizados em 15 equipes de acolhida (dados atualizados em jan\/2026).<\/p>\n<p class=\"has-text-align-left\">Desde sua cria\u00e7\u00e3o, o Centro de Acolhimento j\u00e1 chegou a atender cerca de 200 bairros do munic\u00edpio de S\u00e3o Lu\u00eds, incluindo as quatro cidades que comp\u00f5em a Grande Ilha, bem como cidades circunvizinhas, ampliando de forma cont\u00ednua o alcance de sua a\u00e7\u00e3o pastoral, social e humanit\u00e1ria.<\/p>\n<p><span style=\"color: #ff0000;\"><strong>O Centro funciona de segunda a sexta-feira das 8h \u00e0s 11h e das 14h \u00e0s 20h30.<\/strong><\/span><\/p>\n<p>Todos os atendimentos s\u00e3o feitos por agendamento pr\u00e9vio, mediante preenchimento de uma ficha cadastral de acordo com a especialidade buscada:<\/p>\n<p class=\"has-text-align-center\"><strong><a href=\"https:\/\/forms.gle\/m4Jchoq1xhxkRHEQA\" data-type=\"URL\" data-id=\"https:\/\/forms.gle\/m4Jchoq1xhxkRHEQA\">ESTIMULA\u00c7\u00c3O COGNITIVA PARA IDOSOS<\/a><\/strong><\/p>\n<p><!-- \/wp:paragraph --><!-- wp:paragraph {\"align\":\"center\"} --><\/p>\n<p class=\"has-text-align-center\"><a href=\"https:\/\/pscjslz.com.br\/?page_id=9367\"><strong>SOBRIEDADE FEMININA<\/strong><\/a><\/p>\n<p><!-- \/wp:paragraph --><!-- wp:paragraph {\"align\":\"center\"} --><\/p>\n<p class=\"has-text-align-center\"><a href=\"https:\/\/docs.google.com\/forms\/d\/e\/1FAIpQLScf2nmY-j0NHuCb4IbO0d0hxvEkVR37JpikfHkD-3ynYa8amA\/viewform\" data-type=\"URL\" data-id=\"https:\/\/docs.google.com\/forms\/d\/e\/1FAIpQLScf2nmY-j0NHuCb4IbO0d0hxvEkVR37JpikfHkD-3ynYa8amA\/viewform\"><strong>PSICOLOGIA<\/strong><\/a><\/p>\n<p><!-- \/wp:paragraph --><!-- wp:paragraph {\"align\":\"center\"} --><\/p>\n<p class=\"has-text-align-center\"><a href=\"https:\/\/docs.google.com\/forms\/d\/e\/1FAIpQLScIubid1JJOnLOe2Uq8twhRWQnUETxoqV-6owPs_N9lbassTA\/viewform\" data-type=\"URL\" data-id=\"https:\/\/docs.google.com\/forms\/d\/e\/1FAIpQLScIubid1JJOnLOe2Uq8twhRWQnUETxoqV-6owPs_N9lbassTA\/viewform\"><strong>FISIOTERAPIA<\/strong><\/a><\/p>\n<p><!-- \/wp:paragraph --><!-- wp:paragraph {\"align\":\"center\"} --><\/p>\n<p class=\"has-text-align-center\"><a href=\"https:\/\/docs.google.com\/forms\/d\/e\/1FAIpQLSdgbzUaLyNX9eGUFv1y-_dh3UjlnYHYQhYwcFP1RHg0Qig5XQ\/viewform\" data-type=\"URL\" data-id=\"https:\/\/docs.google.com\/forms\/d\/e\/1FAIpQLSdgbzUaLyNX9eGUFv1y-_dh3UjlnYHYQhYwcFP1RHg0Qig5XQ\/viewform\"><strong>NUTRI\u00c7\u00c3O<\/strong><\/a><\/p>\n<p><!-- \/wp:paragraph --><!-- wp:paragraph {\"align\":\"center\"} --><\/p>\n<p class=\"has-text-align-center\"><strong><a href=\"https:\/\/docs.google.com\/forms\/d\/e\/1FAIpQLSdL390zHVDIUUN0aLJHiHIseN7JvqDtL3wFh5yfzFLlvyEVPw\/viewform\">FONOAUDIOLOGIA<\/a><\/strong><\/p>\n<p>Ap\u00f3s a realiza\u00e7\u00e3o do cadastro o nosso setor de secretaria entrar\u00e1 em contato marcando o dia a hora da primeira sess\u00e3o e consequentemente do processo de tratamento.\u00a0<\/p>\n<p><!-- \/wp:paragraph --><!-- wp:paragraph --><\/p>\n<p>Para uma melhor valoriza\u00e7\u00e3o dos servi\u00e7os oferecidos, \u00e9 solicitado por cada sess\u00e3o, um valor simb\u00f3lico de R$ 10,00 (dez reais) ou 1 (um) kg de alimento n\u00e3o perec\u00edvel, todavia, caso o atendido esteja com grande dificuldade de arcar com essa contribui\u00e7\u00e3o simb\u00f3lica solicitada, ela ser\u00e1 totalmente isentada.\u00a0 Tanto os alimentos quanto o valor arrecado em esp\u00e9cie, ser\u00e3o destinados \u00e0 forma\u00e7\u00e3o de cestas b\u00e1sicas para atender \u00e0 segunda dimens\u00e3o do projeto, ou seja, dimens\u00e3o Samaritana. Ou seja, ao ser ajudada, a pessoa se compromete com a sua doa\u00e7\u00e3o a ajudar outras pessoas.<\/p>\n<p><!-- \/wp:paragraph --><!-- wp:paragraph --><\/p>\n<p>At\u00e9 o momento j\u00e1 foram realizadas mais de 800 solicita\u00e7\u00f5es\/cadastros de atendimento, sendo que desses, 700 pessoas j\u00e1 foram atendidas ou est\u00e3o em tratamento.<\/p>\t\t\t\t\t\t\t\t<\/div>\n\t\t\t\t<\/div>\n\t\t\t\t<div class=\"elementor-element elementor-element-b543922 elementor-widget elementor-widget-heading\" data-id=\"b543922\" data-element_type=\"widget\" data-e-type=\"widget\" data-widget_type=\"heading.default\">\n\t\t\t\t<div class=\"elementor-widget-container\">\n\t\t\t\t\t<h2 class=\"elementor-heading-title elementor-size-default\">Quem pode se beneficiar do Projeto?<\/h2>\t\t\t\t<\/div>\n\t\t\t\t<\/div>\n\t\t\t\t<div class=\"elementor-element elementor-element-5c1cfe8 elementor-widget elementor-widget-text-editor\" data-id=\"5c1cfe8\" data-element_type=\"widget\" data-e-type=\"widget\" data-widget_type=\"text-editor.default\">\n\t\t\t\t<div class=\"elementor-widget-container\">\n\t\t\t\t\t\t\t\t\t<p>O Centro de Acolhimento SCJ \u00e9 um projeto que nasceu pra oferecer ajuda ao ser humano necessitado: esse \u00e9 o crit\u00e9rio, independente do seu credo, sua op\u00e7\u00e3o afetiva, ou mesmo do seu bairro ou cidade.<\/p>\n<p><!-- \/wp:paragraph --><!-- wp:paragraph --><\/p>\n<p>At\u00e9 o momento j\u00e1 foram atendidas pessoas de 170 bairros e cidades da grande Ilha S\u00e3o Lu\u00eds. Como tamb\u00e9m, algumas cidades situadas fora a Ilha.<\/p>\t\t\t\t\t\t\t\t<\/div>\n\t\t\t\t<\/div>\n\t\t\t\t\t<\/div>\n\t\t<\/div>\n\t\t\t\t\t<\/div>\n\t\t<\/section>\n\t\t\t\t<section class=\"elementor-section elementor-top-section elementor-element elementor-element-7d252a1 elementor-section-boxed elementor-section-height-default elementor-section-height-default wpr-particle-no wpr-jarallax-no wpr-parallax-no wpr-sticky-section-no\" data-id=\"7d252a1\" data-element_type=\"section\" data-e-type=\"section\">\n\t\t\t\t\t\t<div class=\"elementor-container elementor-column-gap-default\">\n\t\t\t\t\t<div class=\"elementor-column elementor-col-50 elementor-top-column elementor-element elementor-element-41c8354\" data-id=\"41c8354\" data-element_type=\"column\" data-e-type=\"column\">\n\t\t\t<div class=\"elementor-widget-wrap elementor-element-populated\">\n\t\t\t\t\t\t<div class=\"elementor-element elementor-element-6f80413 elementor-widget elementor-widget-image\" data-id=\"6f80413\" data-element_type=\"widget\" data-e-type=\"widget\" data-widget_type=\"image.default\">\n\t\t\t\t<div class=\"elementor-widget-container\">\n\t\t\t\t\t\t\t\t\t\t\t\t\t\t\t<img decoding=\"async\" width=\"598\" height=\"398\" src=\"https:\/\/pscjslz.com.br\/wp-content\/uploads\/2023\/09\/IMG_5090.jpeg\" class=\"attachment-large size-large wp-image-2720\" alt=\"\" srcset=\"https:\/\/pscjslz.com.br\/wp-content\/uploads\/2023\/09\/IMG_5090.jpeg 598w, https:\/\/pscjslz.com.br\/wp-content\/uploads\/2023\/09\/IMG_5090-300x200.jpeg 300w\" sizes=\"(max-width: 598px) 100vw, 598px\" \/>\t\t\t\t\t\t\t\t\t\t\t\t\t\t\t<\/div>\n\t\t\t\t<\/div>\n\t\t\t\t\t<\/div>\n\t\t<\/div>\n\t\t\t\t<div class=\"elementor-column elementor-col-50 elementor-top-column elementor-element elementor-element-3c4b876\" data-id=\"3c4b876\" data-element_type=\"column\" data-e-type=\"column\">\n\t\t\t<div class=\"elementor-widget-wrap elementor-element-populated\">\n\t\t\t\t\t\t<div class=\"elementor-element elementor-element-25feb86 elementor-widget elementor-widget-text-editor\" data-id=\"25feb86\" data-element_type=\"widget\" data-e-type=\"widget\" data-widget_type=\"text-editor.default\">\n\t\t\t\t<div class=\"elementor-widget-container\">\n\t\t\t\t\t\t\t\t\t<p><span style=\"font-size: 16px;\">A m\u00edstica que nos move \u00e9 a m\u00edstica da par\u00e1bola do Samaritano: <\/span><em style=\"font-size: 16px;\">&#8220;Mas um samaritano que viajava, chegando \u00e0quele lugar, viu-o e moveu-se de compaix\u00e3o&#8221;<\/em><span style=\"font-size: 16px;\"> (Lc 10,24), quando este socorre o ca\u00eddo a beira do caminho, n\u00e3o o questionou qual era sua religi\u00e3o, onde morava, qual sua classe social, se era uma pessoa boa. Simplesmente o ajudou.<\/span><\/p>\t\t\t\t\t\t\t\t<\/div>\n\t\t\t\t<\/div>\n\t\t\t\t\t<\/div>\n\t\t<\/div>\n\t\t\t\t\t<\/div>\n\t\t<\/section>\n\t\t\t\t<section class=\"elementor-section elementor-top-section elementor-element elementor-element-af7621f elementor-section-boxed elementor-section-height-default elementor-section-height-default wpr-particle-no wpr-jarallax-no wpr-parallax-no wpr-sticky-section-no\" data-id=\"af7621f\" data-element_type=\"section\" data-e-type=\"section\">\n\t\t\t\t\t\t<div class=\"elementor-container elementor-column-gap-default\">\n\t\t\t\t\t<div class=\"elementor-column elementor-col-100 elementor-top-column elementor-element elementor-element-3b4a69a\" data-id=\"3b4a69a\" data-element_type=\"column\" data-e-type=\"column\">\n\t\t\t<div class=\"elementor-widget-wrap elementor-element-populated\">\n\t\t\t\t\t\t<div class=\"elementor-element elementor-element-571f12e elementor-widget elementor-widget-text-editor\" data-id=\"571f12e\" data-element_type=\"widget\" data-e-type=\"widget\" data-widget_type=\"text-editor.default\">\n\t\t\t\t<div class=\"elementor-widget-container\">\n\t\t\t\t\t\t\t\t\t<p><span style=\"color: #ff0000;\"><em><strong>Quando a vida est\u00e1 amea\u00e7ada todas as outras quest\u00f5es tornam-se irrelevantes.<\/strong><\/em><\/span><\/p>\t\t\t\t\t\t\t\t<\/div>\n\t\t\t\t<\/div>\n\t\t\t\t\t<\/div>\n\t\t<\/div>\n\t\t\t\t\t<\/div>\n\t\t<\/section>\n\t\t\t\t<section class=\"elementor-section elementor-top-section elementor-element elementor-element-84f4dc9 elementor-section-boxed elementor-section-height-default elementor-section-height-default wpr-particle-no wpr-jarallax-no wpr-parallax-no wpr-sticky-section-no\" data-id=\"84f4dc9\" data-element_type=\"section\" data-e-type=\"section\">\n\t\t\t\t\t\t<div class=\"elementor-container elementor-column-gap-default\">\n\t\t\t\t\t<div class=\"elementor-column elementor-col-100 elementor-top-column elementor-element elementor-element-5e59ec2\" data-id=\"5e59ec2\" data-element_type=\"column\" data-e-type=\"column\">\n\t\t\t<div class=\"elementor-widget-wrap elementor-element-populated\">\n\t\t\t\t\t\t<div class=\"elementor-element elementor-element-13101ec elementor-widget elementor-widget-text-editor\" data-id=\"13101ec\" data-element_type=\"widget\" data-e-type=\"widget\" data-widget_type=\"text-editor.default\">\n\t\t\t\t<div class=\"elementor-widget-container\">\n\t\t\t\t\t\t\t\t\t<p><strong>Saiba mais:<\/strong><\/p>\n<p><!-- \/wp:paragraph --><!-- wp:list --><\/p>\n<ul class=\"wp-block-list\"><!-- wp:list-item -->\n<li><a href=\"https:\/\/pscjslz.com.br\/?page_id=1587\"><em>Como tudo come\u00e7ou<\/em><\/a><\/li>\n<!-- \/wp:list-item --><!-- wp:list-item -->\n<li><a href=\"https:\/\/pscjslz.com.br\/?page_id=2740\"><em>Qual a import\u00e2ncia do Projeto para a comunidade<\/em><\/a><\/li>\n<\/ul>\t\t\t\t\t\t\t\t<\/div>\n\t\t\t\t<\/div>\n\t\t\t\t\t<\/div>\n\t\t<\/div>\n\t\t\t\t\t<\/div>\n\t\t<\/section>\n\t\t\t\t<\/div>\n\t\t","protected":false},"excerpt":{"rendered":"<p>Centro de Acolhimento SCJ O\u00a0Centro de Acolhimento da Par\u00f3quia Sagrado Cora\u00e7\u00e3o de Jesus come\u00e7ou suas atividades em 16 de setembro de 2020 com a dimens\u00e3o psicol\u00f3gica, e, atualmente \u00e9 composto por 81 volunt\u00e1rios\/mission\u00e1rios, oferecendo seis dimens\u00f5es de servi\u00e7os assim distribu\u00eddas: 19 psic\u00f3logos; 1 psicanalista; 8 fisioterapeutas; 4 nutricionistas; 1 fonoaudi\u00f3loga; 1 psiquiatra; 10 profissionais da \u00e1rea de odontologia (com in\u00edcio previsto em breve); e 38 volunt\u00e1rios\/mission\u00e1rios organizados em 15 equipes de acolhida (dados atualizados em jan\/2026). Desde sua cria\u00e7\u00e3o, o Centro de Acolhimento j\u00e1 chegou a atender cerca de 200 bairros do munic\u00edpio de S\u00e3o Lu\u00eds, incluindo as quatro cidades que comp\u00f5em a Grande Ilha, bem como cidades circunvizinhas, ampliando de forma cont\u00ednua o alcance de sua a\u00e7\u00e3o pastoral, social e humanit\u00e1ria. O Centro funciona de segunda a sexta-feira das 8h \u00e0s 11h e das 14h \u00e0s 20h30. Todos os atendimentos s\u00e3o feitos por agendamento pr\u00e9vio, mediante preenchimento de uma ficha cadastral de acordo com a especialidade buscada: ESTIMULA\u00c7\u00c3O COGNITIVA PARA IDOSOS SOBRIEDADE FEMININA PSICOLOGIA FISIOTERAPIA NUTRI\u00c7\u00c3O FONOAUDIOLOGIA Ap\u00f3s a realiza\u00e7\u00e3o do cadastro o nosso setor de secretaria entrar\u00e1 em contato marcando o dia a hora da primeira sess\u00e3o e consequentemente do processo de tratamento.\u00a0 Para uma melhor valoriza\u00e7\u00e3o dos servi\u00e7os oferecidos, \u00e9 solicitado por cada sess\u00e3o, um valor simb\u00f3lico de R$ 10,00 (dez reais) ou 1 (um) kg de alimento n\u00e3o perec\u00edvel, todavia, caso o atendido esteja com grande dificuldade de arcar com essa contribui\u00e7\u00e3o simb\u00f3lica solicitada, ela ser\u00e1 totalmente isentada.\u00a0 Tanto os alimentos quanto o valor arrecado em esp\u00e9cie, ser\u00e3o destinados \u00e0 forma\u00e7\u00e3o de cestas b\u00e1sicas para atender \u00e0 segunda dimens\u00e3o do projeto, ou seja, dimens\u00e3o Samaritana. Ou seja, ao ser ajudada, a pessoa se compromete com a sua doa\u00e7\u00e3o a ajudar outras pessoas. At\u00e9 o momento j\u00e1 foram realizadas mais de 800 solicita\u00e7\u00f5es\/cadastros de atendimento, sendo que desses, 700 pessoas j\u00e1 foram atendidas ou est\u00e3o em tratamento. Quem pode se beneficiar do Projeto? O Centro de Acolhimento SCJ \u00e9 um projeto que nasceu pra oferecer ajuda ao ser humano necessitado: esse \u00e9 o crit\u00e9rio, independente do seu credo, sua op\u00e7\u00e3o afetiva, ou mesmo do seu bairro ou cidade. At\u00e9 o momento j\u00e1 foram atendidas pessoas de 170 bairros e cidades da grande Ilha S\u00e3o Lu\u00eds. Como tamb\u00e9m, algumas cidades situadas fora a Ilha. A m\u00edstica que nos move \u00e9 a m\u00edstica da par\u00e1bola do Samaritano: &#8220;Mas um samaritano que viajava, chegando \u00e0quele lugar, viu-o e moveu-se de compaix\u00e3o&#8221; (Lc 10,24), quando este socorre o ca\u00eddo a beira do caminho, n\u00e3o o questionou qual era sua religi\u00e3o, onde morava, qual sua classe social, se era uma pessoa boa. Simplesmente o ajudou. Quando a vida est\u00e1 amea\u00e7ada todas as outras quest\u00f5es tornam-se irrelevantes. Saiba mais: Como tudo come\u00e7ou Qual a import\u00e2ncia do Projeto para a comunidade<\/p>\n","protected":false},"author":1,"featured_media":0,"parent":0,"menu_order":0,"comment_status":"closed","ping_status":"closed","template":"","meta":{"site-sidebar-layout":"default","site-content-layout":"","ast-site-content-layout":"default","site-content-style":"default","site-sidebar-style":"default","ast-global-header-display":"","ast-banner-title-visibility":"","ast-main-header-display":"","ast-hfb-above-header-display":"","ast-hfb-below-header-display":"","ast-hfb-mobile-header-display":"","site-post-title":"disabled","ast-breadcrumbs-content":"","ast-featured-img":"","footer-sml-layout":"","ast-disable-related-posts":"","theme-transparent-header-meta":"","adv-header-id-meta":"","stick-header-meta":"","header-above-stick-meta":"","header-main-stick-meta":"","header-below-stick-meta":"","astra-migrate-meta-layouts":"default","ast-page-background-enabled":"default","ast-page-background-meta":{"desktop":{"background-color":"var(--ast-global-color-5)","background-image":"","background-repeat":"repeat","background-position":"center center","background-size":"auto","background-attachment":"scroll","background-type":"","background-media":"","overlay-type":"","overlay-color":"","overlay-opacity":"","overlay-gradient":""},"tablet":{"background-color":"","background-image":"","background-repeat":"repeat","background-position":"center center","background-size":"auto","background-attachment":"scroll","background-type":"","background-media":"","overlay-type":"","overlay-color":"","overlay-opacity":"","overlay-gradient":""},"mobile":{"background-color":"","background-image":"","background-repeat":"repeat","background-position":"center center","background-size":"auto","background-attachment":"scroll","background-type":"","background-media":"","overlay-type":"","overlay-color":"","overlay-opacity":"","overlay-gradient":""}},"ast-content-background-meta":{"desktop":{"background-color":"var(--ast-global-color-4)","background-image":"","background-repeat":"repeat","background-position":"center center","background-size":"auto","background-attachment":"scroll","background-type":"","background-media":"","overlay-type":"","overlay-color":"","overlay-opacity":"","overlay-gradient":""},"tablet":{"background-color":"var(--ast-global-color-4)","background-image":"","background-repeat":"repeat","background-position":"center center","background-size":"auto","background-attachment":"scroll","background-type":"","background-media":"","overlay-type":"","overlay-color":"","overlay-opacity":"","overlay-gradient":""},"mobile":{"background-color":"var(--ast-global-color-4)","background-image":"","background-repeat":"repeat","background-position":"center center","background-size":"auto","background-attachment":"scroll","background-type":"","background-media":"","overlay-type":"","overlay-color":"","overlay-opacity":"","overlay-gradient":""}},"footnotes":""},"class_list":["post-2119","page","type-page","status-publish","hentry"],"_links":{"self":[{"href":"https:\/\/pscjslz.com.br\/index.php?rest_route=\/wp\/v2\/pages\/2119","targetHints":{"allow":["GET"]}}],"collection":[{"href":"https:\/\/pscjslz.com.br\/index.php?rest_route=\/wp\/v2\/pages"}],"about":[{"href":"https:\/\/pscjslz.com.br\/index.php?rest_route=\/wp\/v2\/types\/page"}],"author":[{"embeddable":true,"href":"https:\/\/pscjslz.com.br\/index.php?rest_route=\/wp\/v2\/users\/1"}],"replies":[{"embeddable":true,"href":"https:\/\/pscjslz.com.br\/index.php?rest_route=%2Fwp%2Fv2%2Fcomments&post=2119"}],"version-history":[{"count":52,"href":"https:\/\/pscjslz.com.br\/index.php?rest_route=\/wp\/v2\/pages\/2119\/revisions"}],"predecessor-version":[{"id":13872,"href":"https:\/\/pscjslz.com.br\/index.php?rest_route=\/wp\/v2\/pages\/2119\/revisions\/13872"}],"wp:attachment":[{"href":"https:\/\/pscjslz.com.br\/index.php?rest_route=%2Fwp%2Fv2%2Fmedia&parent=2119"}],"curies":[{"name":"wp","href":"https:\/\/api.w.org\/{rel}","templated":true}]}}