{"id":1835,"date":"2023-07-01T20:22:33","date_gmt":"2023-07-01T23:22:33","guid":{"rendered":"http:\/\/pscjslz.com.br\/?page_id=1835"},"modified":"2023-07-01T20:35:48","modified_gmt":"2023-07-01T23:35:48","slug":"acao-samaritana-de-entrega-de-cestas-basicas-e-evangelizacao","status":"publish","type":"page","link":"https:\/\/pscjslz.com.br\/?page_id=1835","title":{"rendered":"A\u00c7\u00c3O SAMARITANA DE ENTREGA DE CESTAS B\u00c1SICAS E EVANGELIZA\u00c7\u00c3O"},"content":{"rendered":"\n<figure class=\"wp-block-image size-large\"><img fetchpriority=\"high\" decoding=\"async\" width=\"1024\" height=\"768\" src=\"https:\/\/pscjslz.com.br\/wp-content\/uploads\/2023\/07\/WhatsApp-Image-2023-07-01-at-18.51.37-1024x768.jpeg\" alt=\"\" class=\"wp-image-1794\" srcset=\"https:\/\/pscjslz.com.br\/wp-content\/uploads\/2023\/07\/WhatsApp-Image-2023-07-01-at-18.51.37-1024x768.jpeg 1024w, https:\/\/pscjslz.com.br\/wp-content\/uploads\/2023\/07\/WhatsApp-Image-2023-07-01-at-18.51.37-300x225.jpeg 300w, https:\/\/pscjslz.com.br\/wp-content\/uploads\/2023\/07\/WhatsApp-Image-2023-07-01-at-18.51.37-768x576.jpeg 768w, https:\/\/pscjslz.com.br\/wp-content\/uploads\/2023\/07\/WhatsApp-Image-2023-07-01-at-18.51.37-1536x1152.jpeg 1536w, https:\/\/pscjslz.com.br\/wp-content\/uploads\/2023\/07\/WhatsApp-Image-2023-07-01-at-18.51.37.jpeg 1600w\" sizes=\"(max-width: 1024px) 100vw, 1024px\" \/><\/figure>\n\n\n\n<p><\/p>\n\n\n\n<p><\/p>\n\n\n\n<p><strong>A\u00c7\u00c3O SAMARITANA DE ENTREGA DE CESTAS B\u00c1SICAS E EVANGELIZA\u00c7\u00c3O<\/strong><\/p>\n\n\n\n<p>Por cerca de 2 anos, a Par\u00f3quia Sagrado Cora\u00e7\u00e3o de Jesus entregou cestas b\u00e1sicas para fam\u00edlias carentes da nossa comunidade.<\/p>\n\n\n\n<p>Essa a\u00e7\u00e3o samaritana iniciou modesta, atendendo poucas fam\u00edlias, mas cresceu e, no m\u00eas passado, cerca de 70 fam\u00edlias foram beneficiadas: com cestas b\u00e1sicas, uma lindo caf\u00e9 da manh\u00e3 e, principalmente, a partilha do evangelho.<\/p>\n\n\n\n<p>Esse m\u00eas, por\u00e9m, diante das dificuldades enfrentadas para manter a a\u00e7\u00e3o, e, hoje, apenas 40 fam\u00edlias foram beneficiadas.<\/p>\n\n\n\n<p>Por conta dessas mesmas dificuldades e com os cora\u00e7\u00f5es apertados, anunciamos a parada nessa a\u00e7\u00e3o, para que o projeto seja repensado, reestruturado.<\/p>\n\n\n\n<p>Agradecemos todos que colaboraram com o projeto, ajudando na aquisi\u00e7\u00e3o das cestas, doando seu tempo para fazer o caf\u00e9 da manh\u00e3 e a espiritualidade com as fam\u00edlias.<\/p>\n\n\n\n<p>Pedimos \u00e0 Deus que aben\u00e7oe todos os benfeitores do Sagrado Cora\u00e7\u00e3o de Jesus e demais crist\u00e3os que apoiaram o projeto at\u00e9 aqui.<\/p>\n\n\n\n<p>Que Deus proteja as fam\u00edlias carentes da nossa comunidade, que possamos voltar a ajud\u00e1-las o quanto antes.<\/p>\n\n\n\n<figure class=\"wp-block-gallery has-nested-images columns-default is-cropped wp-block-gallery-1 is-layout-flex wp-block-gallery-is-layout-flex\">\n<figure class=\"wp-block-image size-large\"><a href=\"https:\/\/pscjslz.com.br\/wp-content\/uploads\/2023\/07\/WhatsApp-Image-2023-07-01-at-18.51.36-2.jpeg\"><img decoding=\"async\" width=\"1024\" height=\"768\" data-id=\"1796\" src=\"https:\/\/pscjslz.com.br\/wp-content\/uploads\/2023\/07\/WhatsApp-Image-2023-07-01-at-18.51.36-2-1024x768.jpeg\" alt=\"\" class=\"wp-image-1796\" srcset=\"https:\/\/pscjslz.com.br\/wp-content\/uploads\/2023\/07\/WhatsApp-Image-2023-07-01-at-18.51.36-2-1024x768.jpeg 1024w, https:\/\/pscjslz.com.br\/wp-content\/uploads\/2023\/07\/WhatsApp-Image-2023-07-01-at-18.51.36-2-300x225.jpeg 300w, https:\/\/pscjslz.com.br\/wp-content\/uploads\/2023\/07\/WhatsApp-Image-2023-07-01-at-18.51.36-2-768x576.jpeg 768w, https:\/\/pscjslz.com.br\/wp-content\/uploads\/2023\/07\/WhatsApp-Image-2023-07-01-at-18.51.36-2-1536x1152.jpeg 1536w, https:\/\/pscjslz.com.br\/wp-content\/uploads\/2023\/07\/WhatsApp-Image-2023-07-01-at-18.51.36-2.jpeg 1600w\" sizes=\"(max-width: 1024px) 100vw, 1024px\" \/><\/a><\/figure>\n\n\n\n<figure class=\"wp-block-image size-large\"><a href=\"https:\/\/pscjslz.com.br\/wp-content\/uploads\/2023\/07\/WhatsApp-Image-2023-07-01-at-18.51.36-1.jpeg\"><img decoding=\"async\" width=\"1024\" height=\"765\" data-id=\"1797\" src=\"https:\/\/pscjslz.com.br\/wp-content\/uploads\/2023\/07\/WhatsApp-Image-2023-07-01-at-18.51.36-1-1024x765.jpeg\" alt=\"\" class=\"wp-image-1797\" srcset=\"https:\/\/pscjslz.com.br\/wp-content\/uploads\/2023\/07\/WhatsApp-Image-2023-07-01-at-18.51.36-1-1024x765.jpeg 1024w, https:\/\/pscjslz.com.br\/wp-content\/uploads\/2023\/07\/WhatsApp-Image-2023-07-01-at-18.51.36-1-300x224.jpeg 300w, https:\/\/pscjslz.com.br\/wp-content\/uploads\/2023\/07\/WhatsApp-Image-2023-07-01-at-18.51.36-1-768x574.jpeg 768w, https:\/\/pscjslz.com.br\/wp-content\/uploads\/2023\/07\/WhatsApp-Image-2023-07-01-at-18.51.36-1.jpeg 1296w\" sizes=\"(max-width: 1024px) 100vw, 1024px\" \/><\/a><\/figure>\n\n\n\n<figure class=\"wp-block-image size-large\"><a href=\"https:\/\/pscjslz.com.br\/wp-content\/uploads\/2023\/07\/WhatsApp-Image-2023-07-01-at-18.51.36.jpeg\"><img loading=\"lazy\" decoding=\"async\" width=\"1024\" height=\"768\" data-id=\"1798\" src=\"https:\/\/pscjslz.com.br\/wp-content\/uploads\/2023\/07\/WhatsApp-Image-2023-07-01-at-18.51.36-1024x768.jpeg\" alt=\"\" class=\"wp-image-1798\" srcset=\"https:\/\/pscjslz.com.br\/wp-content\/uploads\/2023\/07\/WhatsApp-Image-2023-07-01-at-18.51.36-1024x768.jpeg 1024w, https:\/\/pscjslz.com.br\/wp-content\/uploads\/2023\/07\/WhatsApp-Image-2023-07-01-at-18.51.36-300x225.jpeg 300w, https:\/\/pscjslz.com.br\/wp-content\/uploads\/2023\/07\/WhatsApp-Image-2023-07-01-at-18.51.36-768x576.jpeg 768w, https:\/\/pscjslz.com.br\/wp-content\/uploads\/2023\/07\/WhatsApp-Image-2023-07-01-at-18.51.36-1536x1152.jpeg 1536w, https:\/\/pscjslz.com.br\/wp-content\/uploads\/2023\/07\/WhatsApp-Image-2023-07-01-at-18.51.36.jpeg 1600w\" sizes=\"(max-width: 1024px) 100vw, 1024px\" \/><\/a><\/figure>\n\n\n\n<figure class=\"wp-block-image size-large\"><a href=\"https:\/\/pscjslz.com.br\/wp-content\/uploads\/2023\/07\/WhatsApp-Image-2023-07-01-at-18.51.36-3.jpeg\"><img loading=\"lazy\" decoding=\"async\" width=\"1024\" height=\"768\" data-id=\"1795\" src=\"https:\/\/pscjslz.com.br\/wp-content\/uploads\/2023\/07\/WhatsApp-Image-2023-07-01-at-18.51.36-3-1024x768.jpeg\" alt=\"\" class=\"wp-image-1795\" srcset=\"https:\/\/pscjslz.com.br\/wp-content\/uploads\/2023\/07\/WhatsApp-Image-2023-07-01-at-18.51.36-3-1024x768.jpeg 1024w, https:\/\/pscjslz.com.br\/wp-content\/uploads\/2023\/07\/WhatsApp-Image-2023-07-01-at-18.51.36-3-300x225.jpeg 300w, https:\/\/pscjslz.com.br\/wp-content\/uploads\/2023\/07\/WhatsApp-Image-2023-07-01-at-18.51.36-3-768x576.jpeg 768w, https:\/\/pscjslz.com.br\/wp-content\/uploads\/2023\/07\/WhatsApp-Image-2023-07-01-at-18.51.36-3-1536x1152.jpeg 1536w, https:\/\/pscjslz.com.br\/wp-content\/uploads\/2023\/07\/WhatsApp-Image-2023-07-01-at-18.51.36-3.jpeg 1600w\" sizes=\"(max-width: 1024px) 100vw, 1024px\" \/><\/a><\/figure>\n\n\n\n<figure class=\"wp-block-image size-large\"><a href=\"https:\/\/pscjslz.com.br\/wp-content\/uploads\/2023\/07\/WhatsApp-Image-2023-07-01-at-18.51.37.jpeg\"><img loading=\"lazy\" decoding=\"async\" width=\"1024\" height=\"768\" data-id=\"1794\" src=\"https:\/\/pscjslz.com.br\/wp-content\/uploads\/2023\/07\/WhatsApp-Image-2023-07-01-at-18.51.37-1024x768.jpeg\" alt=\"\" class=\"wp-image-1794\" srcset=\"https:\/\/pscjslz.com.br\/wp-content\/uploads\/2023\/07\/WhatsApp-Image-2023-07-01-at-18.51.37-1024x768.jpeg 1024w, https:\/\/pscjslz.com.br\/wp-content\/uploads\/2023\/07\/WhatsApp-Image-2023-07-01-at-18.51.37-300x225.jpeg 300w, https:\/\/pscjslz.com.br\/wp-content\/uploads\/2023\/07\/WhatsApp-Image-2023-07-01-at-18.51.37-768x576.jpeg 768w, https:\/\/pscjslz.com.br\/wp-content\/uploads\/2023\/07\/WhatsApp-Image-2023-07-01-at-18.51.37-1536x1152.jpeg 1536w, https:\/\/pscjslz.com.br\/wp-content\/uploads\/2023\/07\/WhatsApp-Image-2023-07-01-at-18.51.37.jpeg 1600w\" sizes=\"(max-width: 1024px) 100vw, 1024px\" \/><\/a><\/figure>\n\n\n\n<figure class=\"wp-block-image size-large\"><a href=\"https:\/\/pscjslz.com.br\/wp-content\/uploads\/2023\/07\/WhatsApp-Image-2023-07-01-at-18.51.37-1.jpeg\"><img loading=\"lazy\" decoding=\"async\" width=\"1024\" height=\"768\" data-id=\"1793\" src=\"https:\/\/pscjslz.com.br\/wp-content\/uploads\/2023\/07\/WhatsApp-Image-2023-07-01-at-18.51.37-1-1024x768.jpeg\" alt=\"\" class=\"wp-image-1793\" srcset=\"https:\/\/pscjslz.com.br\/wp-content\/uploads\/2023\/07\/WhatsApp-Image-2023-07-01-at-18.51.37-1-1024x768.jpeg 1024w, https:\/\/pscjslz.com.br\/wp-content\/uploads\/2023\/07\/WhatsApp-Image-2023-07-01-at-18.51.37-1-300x225.jpeg 300w, https:\/\/pscjslz.com.br\/wp-content\/uploads\/2023\/07\/WhatsApp-Image-2023-07-01-at-18.51.37-1-768x576.jpeg 768w, https:\/\/pscjslz.com.br\/wp-content\/uploads\/2023\/07\/WhatsApp-Image-2023-07-01-at-18.51.37-1-1536x1152.jpeg 1536w, https:\/\/pscjslz.com.br\/wp-content\/uploads\/2023\/07\/WhatsApp-Image-2023-07-01-at-18.51.37-1.jpeg 1600w\" sizes=\"(max-width: 1024px) 100vw, 1024px\" \/><\/a><\/figure>\n<\/figure>\n","protected":false},"excerpt":{"rendered":"<p>A\u00c7\u00c3O SAMARITANA DE ENTREGA DE CESTAS B\u00c1SICAS E EVANGELIZA\u00c7\u00c3O Por cerca de 2 anos, a Par\u00f3quia Sagrado Cora\u00e7\u00e3o de Jesus entregou cestas b\u00e1sicas para fam\u00edlias carentes da nossa comunidade. Essa a\u00e7\u00e3o samaritana iniciou modesta, atendendo poucas fam\u00edlias, mas cresceu e, no m\u00eas passado, cerca de 70 fam\u00edlias foram beneficiadas: com cestas b\u00e1sicas, uma lindo caf\u00e9 da manh\u00e3 e, principalmente, a partilha do evangelho. Esse m\u00eas, por\u00e9m, diante das dificuldades enfrentadas para manter a a\u00e7\u00e3o, e, hoje, apenas 40 fam\u00edlias foram beneficiadas. Por conta dessas mesmas dificuldades e com os cora\u00e7\u00f5es apertados, anunciamos a parada nessa a\u00e7\u00e3o, para que o projeto seja repensado, reestruturado. Agradecemos todos que colaboraram com o projeto, ajudando na aquisi\u00e7\u00e3o das cestas, doando seu tempo para fazer o caf\u00e9 da manh\u00e3 e a espiritualidade com as fam\u00edlias. Pedimos \u00e0 Deus que aben\u00e7oe todos os benfeitores do Sagrado Cora\u00e7\u00e3o de Jesus e demais crist\u00e3os que apoiaram o projeto at\u00e9 aqui. Que Deus proteja as fam\u00edlias carentes da nossa comunidade, que possamos voltar a ajud\u00e1-las o quanto antes.<\/p>\n","protected":false},"author":1,"featured_media":1794,"parent":0,"menu_order":0,"comment_status":"open","ping_status":"closed","template":"","meta":{"site-sidebar-layout":"default","site-content-layout":"","ast-site-content-layout":"default","site-content-style":"default","site-sidebar-style":"default","ast-global-header-display":"","ast-banner-title-visibility":"","ast-main-header-display":"","ast-hfb-above-header-display":"","ast-hfb-below-header-display":"","ast-hfb-mobile-header-display":"","site-post-title":"","ast-breadcrumbs-content":"","ast-featured-img":"","footer-sml-layout":"","ast-disable-related-posts":"","theme-transparent-header-meta":"","adv-header-id-meta":"","stick-header-meta":"","header-above-stick-meta":"","header-main-stick-meta":"","header-below-stick-meta":"","astra-migrate-meta-layouts":"default","ast-page-background-enabled":"default","ast-page-background-meta":{"desktop":{"background-color":"var(--ast-global-color-5)","background-image":"","background-repeat":"repeat","background-position":"center center","background-size":"auto","background-attachment":"scroll","background-type":"","background-media":"","overlay-type":"","overlay-color":"","overlay-opacity":"","overlay-gradient":""},"tablet":{"background-color":"","background-image":"","background-repeat":"repeat","background-position":"center center","background-size":"auto","background-attachment":"scroll","background-type":"","background-media":"","overlay-type":"","overlay-color":"","overlay-opacity":"","overlay-gradient":""},"mobile":{"background-color":"","background-image":"","background-repeat":"repeat","background-position":"center center","background-size":"auto","background-attachment":"scroll","background-type":"","background-media":"","overlay-type":"","overlay-color":"","overlay-opacity":"","overlay-gradient":""}},"ast-content-background-meta":{"desktop":{"background-color":"var(--ast-global-color-4)","background-image":"","background-repeat":"repeat","background-position":"center center","background-size":"auto","background-attachment":"scroll","background-type":"","background-media":"","overlay-type":"","overlay-color":"","overlay-opacity":"","overlay-gradient":""},"tablet":{"background-color":"var(--ast-global-color-4)","background-image":"","background-repeat":"repeat","background-position":"center center","background-size":"auto","background-attachment":"scroll","background-type":"","background-media":"","overlay-type":"","overlay-color":"","overlay-opacity":"","overlay-gradient":""},"mobile":{"background-color":"var(--ast-global-color-4)","background-image":"","background-repeat":"repeat","background-position":"center center","background-size":"auto","background-attachment":"scroll","background-type":"","background-media":"","overlay-type":"","overlay-color":"","overlay-opacity":"","overlay-gradient":""}},"footnotes":""},"class_list":["post-1835","page","type-page","status-publish","has-post-thumbnail","hentry"],"_links":{"self":[{"href":"https:\/\/pscjslz.com.br\/index.php?rest_route=\/wp\/v2\/pages\/1835","targetHints":{"allow":["GET"]}}],"collection":[{"href":"https:\/\/pscjslz.com.br\/index.php?rest_route=\/wp\/v2\/pages"}],"about":[{"href":"https:\/\/pscjslz.com.br\/index.php?rest_route=\/wp\/v2\/types\/page"}],"author":[{"embeddable":true,"href":"https:\/\/pscjslz.com.br\/index.php?rest_route=\/wp\/v2\/users\/1"}],"replies":[{"embeddable":true,"href":"https:\/\/pscjslz.com.br\/index.php?rest_route=%2Fwp%2Fv2%2Fcomments&post=1835"}],"version-history":[{"count":7,"href":"https:\/\/pscjslz.com.br\/index.php?rest_route=\/wp\/v2\/pages\/1835\/revisions"}],"predecessor-version":[{"id":1849,"href":"https:\/\/pscjslz.com.br\/index.php?rest_route=\/wp\/v2\/pages\/1835\/revisions\/1849"}],"wp:featuredmedia":[{"embeddable":true,"href":"https:\/\/pscjslz.com.br\/index.php?rest_route=\/wp\/v2\/media\/1794"}],"wp:attachment":[{"href":"https:\/\/pscjslz.com.br\/index.php?rest_route=%2Fwp%2Fv2%2Fmedia&parent=1835"}],"curies":[{"name":"wp","href":"https:\/\/api.w.org\/{rel}","templated":true}]}}