{"id":1761,"date":"2023-06-25T18:45:48","date_gmt":"2023-06-25T21:45:48","guid":{"rendered":"http:\/\/pscjslz.com.br\/?page_id=1761"},"modified":"2026-02-26T16:14:58","modified_gmt":"2026-02-26T19:14:58","slug":"mej-movimento-eucaristico-jovem","status":"publish","type":"page","link":"https:\/\/pscjslz.com.br\/?page_id=1761","title":{"rendered":"Sobre o Movimento Eucar\u00edstico Jovem &#8211; MEJ"},"content":{"rendered":"\n<p class=\"has-text-align-center has-ast-global-color-0-color has-text-color has-link-color has-large-font-size wp-elements-3a8ec8a3b97a41b823b886f4d5e2ae34\">Movimento Eucar\u00edstico Jovem &#8211; MEJ<\/p>\n\n\n\n<p>O Movimento Eucar\u00edstico Jovem \u00e9 um movimento internacional de adolescentes e jovens de 07 a 25 anos que est\u00e1 presente em mais de 50 pa\u00edses. \u00c9 a ramifica\u00e7\u00e3o juvenil do Apostolado da Ora\u00e7\u00e3o que busca ensinar a juventude a ter uma rela\u00e7\u00e3o amorosa, amiga, de cora\u00e7\u00e3o a cora\u00e7\u00e3o, com Jesus. <\/p>\n\n\n\n<div style=\"height:29px\" aria-hidden=\"true\" class=\"wp-block-spacer\"><\/div>\n\n\n\n<figure class=\"wp-block-table is-style-stripes\"><table><tbody><tr><td><img fetchpriority=\"high\" decoding=\"async\" width=\"1600\" height=\"1200\" class=\"wp-image-2166\" style=\"width: 1600px;\" src=\"https:\/\/pscjslz.com.br\/wp-content\/uploads\/2023\/07\/formacao_1600x1200-cancaonova-o-que-a-eucaristia-nos-ensina.jpg\" alt=\"\" srcset=\"https:\/\/pscjslz.com.br\/wp-content\/uploads\/2023\/07\/formacao_1600x1200-cancaonova-o-que-a-eucaristia-nos-ensina.jpg 1600w, https:\/\/pscjslz.com.br\/wp-content\/uploads\/2023\/07\/formacao_1600x1200-cancaonova-o-que-a-eucaristia-nos-ensina-300x225.jpg 300w, https:\/\/pscjslz.com.br\/wp-content\/uploads\/2023\/07\/formacao_1600x1200-cancaonova-o-que-a-eucaristia-nos-ensina-1024x768.jpg 1024w, https:\/\/pscjslz.com.br\/wp-content\/uploads\/2023\/07\/formacao_1600x1200-cancaonova-o-que-a-eucaristia-nos-ensina-768x576.jpg 768w, https:\/\/pscjslz.com.br\/wp-content\/uploads\/2023\/07\/formacao_1600x1200-cancaonova-o-que-a-eucaristia-nos-ensina-1536x1152.jpg 1536w\" sizes=\"(max-width: 1600px) 100vw, 1600px\" \/><\/td><td>Sua espiritualidade est\u00e1 centrada na Eucaristia, preparando e formando jovens comprometidos no servi\u00e7o aos irm\u00e3os mais necessitados. Fazer mem\u00f3ria desse sacrif\u00edcio \u00e9, antes de tudo, celebrar a alegria de receber tanto amor gratuito. Cristo convida a cada um de n\u00f3s a fazer o mesmo que Ele: \u201cFa\u00e7am isto em minha mem\u00f3ria\u201d (conf. Lc 22,19); portanto, celebrar a Eucaristia \u00e9 fazer mem\u00f3ria de Cristo e dar a vida em favor dos outros (dar nossos cora\u00e7\u00f5es).<\/td><\/tr><\/tbody><\/table><\/figure>\n\n\n\n<div style=\"height:29px\" aria-hidden=\"true\" class=\"wp-block-spacer\"><\/div>\n\n\n\n<p>O jovem \u00e9 chamado a se identificar com este estilo de vida, com esta atitude radical de entrega e de oferta atrav\u00e9s dos pilares de sustenta\u00e7\u00e3o: Eucaristia, Evangelho e Miss\u00e3o. Viver da Eucaristia, Sacramento do Amor, \u00e9 estar de cora\u00e7\u00e3o aberto a tudo e a todos. N\u00e3o h\u00e1 fronteiras para o Amor! Os mejistas (membros do MEJ) vivem esta miss\u00e3o ao estilo mais simples e completo: o de Jesus!<\/p>\n\n\n\n<figure class=\"wp-block-image aligncenter size-large\"><img decoding=\"async\" width=\"1024\" height=\"680\" src=\"https:\/\/pscjslz.com.br\/wp-content\/uploads\/2023\/07\/seguindo-os-passos-de-jesus-1024x680.jpg\" alt=\"\" class=\"wp-image-2167\" srcset=\"https:\/\/pscjslz.com.br\/wp-content\/uploads\/2023\/07\/seguindo-os-passos-de-jesus-1024x680.jpg 1024w, https:\/\/pscjslz.com.br\/wp-content\/uploads\/2023\/07\/seguindo-os-passos-de-jesus-300x199.jpg 300w, https:\/\/pscjslz.com.br\/wp-content\/uploads\/2023\/07\/seguindo-os-passos-de-jesus-768x510.jpg 768w, https:\/\/pscjslz.com.br\/wp-content\/uploads\/2023\/07\/seguindo-os-passos-de-jesus-1536x1019.jpg 1536w, https:\/\/pscjslz.com.br\/wp-content\/uploads\/2023\/07\/seguindo-os-passos-de-jesus.jpg 1701w\" sizes=\"(max-width: 1024px) 100vw, 1024px\" \/><\/figure>\n\n\n\n<div style=\"height:29px\" aria-hidden=\"true\" class=\"wp-block-spacer\"><\/div>\n\n\n\n<p class=\"has-text-align-center has-white-color has-vivid-cyan-blue-background-color has-text-color has-background has-medium-font-size\">Na Par\u00f3quia Sagrado Cora\u00e7\u00e3o de Jesus, o MEJ se re\u00fane semanalmente, todos os s\u00e1bados, \u00e0s 17h, com encontros formativos, sendo o 4\u00b0 s\u00e1bado do m\u00eas destinado a Adora\u00e7\u00e3o ao Sant\u00edssimo Sacramento. <\/p>\n\n\n\n<div style=\"height:33px\" aria-hidden=\"true\" class=\"wp-block-spacer\"><\/div>\n\n\n\n<p>O MEJ est\u00e1 a servi\u00e7o da comunidade, nas celebra\u00e7\u00f5es eucar\u00edsticas e a\u00e7\u00f5es evangelizadoras que forem propostas.<\/p>\n\n\n\n<div style=\"height:26px\" aria-hidden=\"true\" class=\"wp-block-spacer\"><\/div>\n\n\n\n<p>Atualmente, o MEJ, na Par\u00f3quia Sagrado Cora\u00e7\u00e3o de Jesus, acolhe jovens entre 14 e 26 anos, que al\u00e9m de atuarem na comunidade, est\u00e3o a disposi\u00e7\u00e3o da Arquidiocese de S\u00e3o Lu\u00eds, e em atividades que envolvam o Movimento dentro do estado e do pa\u00eds, de acordo com o seu regimento interno.<\/p>\n\n\n\n<figure class=\"wp-block-image aligncenter size-full\"><img decoding=\"async\" width=\"1024\" height=\"768\" src=\"https:\/\/pscjslz.com.br\/wp-content\/uploads\/2023\/07\/WhatsApp-Image-2023-07-14-at-09.18.28.jpeg\" alt=\"\" class=\"wp-image-2178\" srcset=\"https:\/\/pscjslz.com.br\/wp-content\/uploads\/2023\/07\/WhatsApp-Image-2023-07-14-at-09.18.28.jpeg 1024w, https:\/\/pscjslz.com.br\/wp-content\/uploads\/2023\/07\/WhatsApp-Image-2023-07-14-at-09.18.28-300x225.jpeg 300w, https:\/\/pscjslz.com.br\/wp-content\/uploads\/2023\/07\/WhatsApp-Image-2023-07-14-at-09.18.28-768x576.jpeg 768w\" sizes=\"(max-width: 1024px) 100vw, 1024px\" \/><\/figure>\n\n\n\n<p><\/p>\n","protected":false},"excerpt":{"rendered":"<p>Movimento Eucar\u00edstico Jovem &#8211; MEJ O Movimento Eucar\u00edstico Jovem \u00e9 um movimento internacional de adolescentes e jovens de 07 a 25 anos que est\u00e1 presente em mais de 50 pa\u00edses. \u00c9 a ramifica\u00e7\u00e3o juvenil do Apostolado da Ora\u00e7\u00e3o que busca ensinar a juventude a ter uma rela\u00e7\u00e3o amorosa, amiga, de cora\u00e7\u00e3o a cora\u00e7\u00e3o, com Jesus. Sua espiritualidade est\u00e1 centrada na Eucaristia, preparando e formando jovens comprometidos no servi\u00e7o aos irm\u00e3os mais necessitados. Fazer mem\u00f3ria desse sacrif\u00edcio \u00e9, antes de tudo, celebrar a alegria de receber tanto amor gratuito. Cristo convida a cada um de n\u00f3s a fazer o mesmo que Ele: \u201cFa\u00e7am isto em minha mem\u00f3ria\u201d (conf. Lc 22,19); portanto, celebrar a Eucaristia \u00e9 fazer mem\u00f3ria de Cristo e dar a vida em favor dos outros (dar nossos cora\u00e7\u00f5es). O jovem \u00e9 chamado a se identificar com este estilo de vida, com esta atitude radical de entrega e de oferta atrav\u00e9s dos pilares de sustenta\u00e7\u00e3o: Eucaristia, Evangelho e Miss\u00e3o. Viver da Eucaristia, Sacramento do Amor, \u00e9 estar de cora\u00e7\u00e3o aberto a tudo e a todos. N\u00e3o h\u00e1 fronteiras para o Amor! Os mejistas (membros do MEJ) vivem esta miss\u00e3o ao estilo mais simples e completo: o de Jesus! Na Par\u00f3quia Sagrado Cora\u00e7\u00e3o de Jesus, o MEJ se re\u00fane semanalmente, todos os s\u00e1bados, \u00e0s 17h, com encontros formativos, sendo o 4\u00b0 s\u00e1bado do m\u00eas destinado a Adora\u00e7\u00e3o ao Sant\u00edssimo Sacramento. O MEJ est\u00e1 a servi\u00e7o da comunidade, nas celebra\u00e7\u00f5es eucar\u00edsticas e a\u00e7\u00f5es evangelizadoras que forem propostas. Atualmente, o MEJ, na Par\u00f3quia Sagrado Cora\u00e7\u00e3o de Jesus, acolhe jovens entre 14 e 26 anos, que al\u00e9m de atuarem na comunidade, est\u00e3o a disposi\u00e7\u00e3o da Arquidiocese de S\u00e3o Lu\u00eds, e em atividades que envolvam o Movimento dentro do estado e do pa\u00eds, de acordo com o seu regimento interno.<\/p>\n","protected":false},"author":1,"featured_media":0,"parent":0,"menu_order":0,"comment_status":"closed","ping_status":"closed","template":"","meta":{"site-sidebar-layout":"default","site-content-layout":"","ast-site-content-layout":"default","site-content-style":"default","site-sidebar-style":"default","ast-global-header-display":"","ast-banner-title-visibility":"","ast-main-header-display":"","ast-hfb-above-header-display":"","ast-hfb-below-header-display":"","ast-hfb-mobile-header-display":"","site-post-title":"disabled","ast-breadcrumbs-content":"","ast-featured-img":"","footer-sml-layout":"","ast-disable-related-posts":"","theme-transparent-header-meta":"","adv-header-id-meta":"","stick-header-meta":"","header-above-stick-meta":"","header-main-stick-meta":"","header-below-stick-meta":"","astra-migrate-meta-layouts":"default","ast-page-background-enabled":"default","ast-page-background-meta":{"desktop":{"background-color":"var(--ast-global-color-5)","background-image":"","background-repeat":"repeat","background-position":"center center","background-size":"auto","background-attachment":"scroll","background-type":"","background-media":"","overlay-type":"","overlay-color":"","overlay-opacity":"","overlay-gradient":""},"tablet":{"background-color":"","background-image":"","background-repeat":"repeat","background-position":"center center","background-size":"auto","background-attachment":"scroll","background-type":"","background-media":"","overlay-type":"","overlay-color":"","overlay-opacity":"","overlay-gradient":""},"mobile":{"background-color":"","background-image":"","background-repeat":"repeat","background-position":"center center","background-size":"auto","background-attachment":"scroll","background-type":"","background-media":"","overlay-type":"","overlay-color":"","overlay-opacity":"","overlay-gradient":""}},"ast-content-background-meta":{"desktop":{"background-color":"var(--ast-global-color-4)","background-image":"","background-repeat":"repeat","background-position":"center center","background-size":"auto","background-attachment":"scroll","background-type":"","background-media":"","overlay-type":"","overlay-color":"","overlay-opacity":"","overlay-gradient":""},"tablet":{"background-color":"var(--ast-global-color-4)","background-image":"","background-repeat":"repeat","background-position":"center center","background-size":"auto","background-attachment":"scroll","background-type":"","background-media":"","overlay-type":"","overlay-color":"","overlay-opacity":"","overlay-gradient":""},"mobile":{"background-color":"var(--ast-global-color-4)","background-image":"","background-repeat":"repeat","background-position":"center center","background-size":"auto","background-attachment":"scroll","background-type":"","background-media":"","overlay-type":"","overlay-color":"","overlay-opacity":"","overlay-gradient":""}},"footnotes":""},"class_list":["post-1761","page","type-page","status-publish","hentry"],"_links":{"self":[{"href":"https:\/\/pscjslz.com.br\/index.php?rest_route=\/wp\/v2\/pages\/1761","targetHints":{"allow":["GET"]}}],"collection":[{"href":"https:\/\/pscjslz.com.br\/index.php?rest_route=\/wp\/v2\/pages"}],"about":[{"href":"https:\/\/pscjslz.com.br\/index.php?rest_route=\/wp\/v2\/types\/page"}],"author":[{"embeddable":true,"href":"https:\/\/pscjslz.com.br\/index.php?rest_route=\/wp\/v2\/users\/1"}],"replies":[{"embeddable":true,"href":"https:\/\/pscjslz.com.br\/index.php?rest_route=%2Fwp%2Fv2%2Fcomments&post=1761"}],"version-history":[{"count":9,"href":"https:\/\/pscjslz.com.br\/index.php?rest_route=\/wp\/v2\/pages\/1761\/revisions"}],"predecessor-version":[{"id":13576,"href":"https:\/\/pscjslz.com.br\/index.php?rest_route=\/wp\/v2\/pages\/1761\/revisions\/13576"}],"wp:attachment":[{"href":"https:\/\/pscjslz.com.br\/index.php?rest_route=%2Fwp%2Fv2%2Fmedia&parent=1761"}],"curies":[{"name":"wp","href":"https:\/\/api.w.org\/{rel}","templated":true}]}}