{"id":1757,"date":"2023-06-25T18:44:48","date_gmt":"2023-06-25T21:44:48","guid":{"rendered":"http:\/\/pscjslz.com.br\/?page_id=1757"},"modified":"2026-02-26T16:33:53","modified_gmt":"2026-02-26T19:33:53","slug":"rcc-brasil-renovacao-carismatica-catolica","status":"publish","type":"page","link":"https:\/\/pscjslz.com.br\/?page_id=1757","title":{"rendered":"Sobre o Grupo de Ora\u00e7\u00e3o Jesus Est\u00e1 Conosco"},"content":{"rendered":"\n<h1 class=\"wp-block-heading has-text-align-center\">Grupo de Ora\u00e7\u00e3o Jesus Est\u00e1 Conosco<\/h1>\n\n\n\n<p>O Grupo de Ora\u00e7\u00e3o Jesus Est\u00e1 Conosco, assim como todos os grupos de ora\u00e7\u00e3o da Renova\u00e7\u00e3o Carism\u00e1tica Cat\u00f3lica, configura-se como a c\u00e9lula fundamental do movimento; \u00e9 cen\u00e1culo de Pentecostes dos dias atuais, onde, juntamente com Maria, nos reunimos em humildade e un\u00e2nime ora\u00e7\u00e3o, para que se cumpra a promessa do Senhor de derramamento do Esp\u00edrito Santo. <\/p>\n\n\n\n<figure class=\"wp-block-image size-large is-style-default\"><img fetchpriority=\"high\" decoding=\"async\" width=\"1024\" height=\"608\" src=\"https:\/\/pscjslz.com.br\/wp-content\/uploads\/2023\/07\/Jean-Ii-Restout-Pentecost-1024x608.jpg\" alt=\"\" class=\"wp-image-2170\" srcset=\"https:\/\/pscjslz.com.br\/wp-content\/uploads\/2023\/07\/Jean-Ii-Restout-Pentecost-1024x608.jpg 1024w, https:\/\/pscjslz.com.br\/wp-content\/uploads\/2023\/07\/Jean-Ii-Restout-Pentecost-300x178.jpg 300w, https:\/\/pscjslz.com.br\/wp-content\/uploads\/2023\/07\/Jean-Ii-Restout-Pentecost-768x456.jpg 768w, https:\/\/pscjslz.com.br\/wp-content\/uploads\/2023\/07\/Jean-Ii-Restout-Pentecost-1536x911.jpg 1536w, https:\/\/pscjslz.com.br\/wp-content\/uploads\/2023\/07\/Jean-Ii-Restout-Pentecost.jpg 1800w\" sizes=\"(max-width: 1024px) 100vw, 1024px\" \/><figcaption class=\"wp-element-caption\"><em><sup>Pentescoste &#8211; Jean Ii Restout&nbsp;&#8211;&nbsp;1732&nbsp;&#8211;&nbsp;(Mus\u00e9e du Louvre (Paris, France))<\/sup><\/em><\/figcaption><\/figure>\n\n\n\n<div style=\"height:32px\" aria-hidden=\"true\" class=\"wp-block-spacer\"><\/div>\n\n\n\n<p>O Grupo de Ora\u00e7\u00e3o (GO) da RCC cultiva a ora\u00e7\u00e3o, a partilha, e todos os outros aspectos da viv\u00eancia do Evangelho, a partir da experi\u00eancia com o Esp\u00edrito Santo. Tem na reuni\u00e3o de ora\u00e7\u00e3o sua express\u00e3o principal de evangeliza\u00e7\u00e3o querigm\u00e1tica e que, conforme sua especificidade e mantendo sua identidade, se insere no conjunto de comunh\u00e3o, participa\u00e7\u00e3o, obedi\u00eancia e servi\u00e7o. <\/p>\n\n\n\n<p>Pessoas engajadas na RCC, l\u00edderes e servos \u2013 atrav\u00e9s de encontros, ora\u00e7\u00f5es e forma\u00e7\u00e3o \u2013 buscam \u201cfazer acontecer um processo poderoso de renova\u00e7\u00e3o espiritual, que transforma a vida pessoal do crist\u00e3o e todos os seus relacionamentos com Deus, com a fam\u00edlia, com a Igreja e a comunidade\u201d.<\/p>\n\n\n\n<figure class=\"wp-block-table is-style-stripes\"><table><tbody><tr><td><img decoding=\"async\" width=\"1200\" height=\"900\" class=\"wp-image-2171\" style=\"width: 1200px;\" src=\"https:\/\/pscjslz.com.br\/wp-content\/uploads\/2023\/07\/pentecostes-espirito-santo-fotoArquivoCancaoNova.png\" alt=\"\" srcset=\"https:\/\/pscjslz.com.br\/wp-content\/uploads\/2023\/07\/pentecostes-espirito-santo-fotoArquivoCancaoNova.png 1600w, https:\/\/pscjslz.com.br\/wp-content\/uploads\/2023\/07\/pentecostes-espirito-santo-fotoArquivoCancaoNova-300x225.png 300w, https:\/\/pscjslz.com.br\/wp-content\/uploads\/2023\/07\/pentecostes-espirito-santo-fotoArquivoCancaoNova-1024x768.png 1024w, https:\/\/pscjslz.com.br\/wp-content\/uploads\/2023\/07\/pentecostes-espirito-santo-fotoArquivoCancaoNova-768x576.png 768w, https:\/\/pscjslz.com.br\/wp-content\/uploads\/2023\/07\/pentecostes-espirito-santo-fotoArquivoCancaoNova-1536x1152.png 1536w\" sizes=\"(max-width: 1200px) 100vw, 1200px\" \/><\/td><td>O objetivo do Grupo de Ora\u00e7\u00e3o \u00e9 levar os participantes a experimentarem o pentecostes pessoal, a crescer e chegar \u00e0 maturidade da vida crist\u00e3 plena do Esp\u00edrito, segundo os desejos de Jesus. Nesse sentido, caracteriza-se por tr\u00eas momentos distintos, por\u00e9m, interdependentes: n\u00facleo de servi\u00e7o, reuni\u00e3o de ora\u00e7\u00e3o e grupo de perseveran\u00e7a.<\/td><\/tr><\/tbody><\/table><\/figure>\n\n\n\n<div style=\"height:32px\" aria-hidden=\"true\" class=\"wp-block-spacer\"><\/div>\n\n\n\n<p>Aqui na par\u00f3quia, a reuni\u00e3o de n\u00facleo ocorre toda quinta-feira para orar e organizar a reuni\u00e3o de ora\u00e7\u00e3o que acontecer\u00e1 na semana seguinte. Nesta, re\u00fane-se a coordenadora, representantes de minist\u00e9rios e a coordenadora anterior. <\/p>\n\n\n\n<p class=\"has-text-align-center has-white-color has-vivid-purple-background-color has-text-color has-background has-medium-font-size\">A reuni\u00e3o de ora\u00e7\u00e3o acontece toda quarta-feira, sendo que, na primeira de cada m\u00eas \u00e9 realizado um momento de Adora\u00e7\u00e3o. Esse segundo momento do grupo \u00e9 aberto a todos os membros do grupo e visitantes que desejam conhecer ou participar. <\/p>\n\n\n\n<p>No Grupo de Ora\u00e7\u00e3o Jesus Est\u00e1 Conosco, ainda n\u00e3o h\u00e1 a realiza\u00e7\u00e3o do grupo de perseveran\u00e7a.<\/p>\n\n\n\n<p>O GO Jesus Est\u00e1 Conosco abrange toda a Par\u00f3quia do Sagrado Cora\u00e7\u00e3o de Jesus. Atualmente, possui com 20 membros.<\/p>\n\n\n\n<p><strong>SERVI\u00c7O:<\/strong><\/p>\n\n\n\n<p><strong>Grupo de Ora\u00e7\u00e3o Jesus Est\u00e1 Conosco (RCC)<br>Reuni\u00f5es: <\/strong>Quarta-feira<br><strong>Hor\u00e1rio<\/strong>: 19h30<br><strong>Coordenador(a):<\/strong> N\u00farzia Cristina C. Santana\/ (98) 98405-5259<\/p>\n","protected":false},"excerpt":{"rendered":"<p>Grupo de Ora\u00e7\u00e3o Jesus Est\u00e1 Conosco O Grupo de Ora\u00e7\u00e3o Jesus Est\u00e1 Conosco, assim como todos os grupos de ora\u00e7\u00e3o da Renova\u00e7\u00e3o Carism\u00e1tica Cat\u00f3lica, configura-se como a c\u00e9lula fundamental do movimento; \u00e9 cen\u00e1culo de Pentecostes dos dias atuais, onde, juntamente com Maria, nos reunimos em humildade e un\u00e2nime ora\u00e7\u00e3o, para que se cumpra a promessa do Senhor de derramamento do Esp\u00edrito Santo. O Grupo de Ora\u00e7\u00e3o (GO) da RCC cultiva a ora\u00e7\u00e3o, a partilha, e todos os outros aspectos da viv\u00eancia do Evangelho, a partir da experi\u00eancia com o Esp\u00edrito Santo. Tem na reuni\u00e3o de ora\u00e7\u00e3o sua express\u00e3o principal de evangeliza\u00e7\u00e3o querigm\u00e1tica e que, conforme sua especificidade e mantendo sua identidade, se insere no conjunto de comunh\u00e3o, participa\u00e7\u00e3o, obedi\u00eancia e servi\u00e7o. Pessoas engajadas na RCC, l\u00edderes e servos \u2013 atrav\u00e9s de encontros, ora\u00e7\u00f5es e forma\u00e7\u00e3o \u2013 buscam \u201cfazer acontecer um processo poderoso de renova\u00e7\u00e3o espiritual, que transforma a vida pessoal do crist\u00e3o e todos os seus relacionamentos com Deus, com a fam\u00edlia, com a Igreja e a comunidade\u201d. O objetivo do Grupo de Ora\u00e7\u00e3o \u00e9 levar os participantes a experimentarem o pentecostes pessoal, a crescer e chegar \u00e0 maturidade da vida crist\u00e3 plena do Esp\u00edrito, segundo os desejos de Jesus. Nesse sentido, caracteriza-se por tr\u00eas momentos distintos, por\u00e9m, interdependentes: n\u00facleo de servi\u00e7o, reuni\u00e3o de ora\u00e7\u00e3o e grupo de perseveran\u00e7a. Aqui na par\u00f3quia, a reuni\u00e3o de n\u00facleo ocorre toda quinta-feira para orar e organizar a reuni\u00e3o de ora\u00e7\u00e3o que acontecer\u00e1 na semana seguinte. Nesta, re\u00fane-se a coordenadora, representantes de minist\u00e9rios e a coordenadora anterior. A reuni\u00e3o de ora\u00e7\u00e3o acontece toda quarta-feira, sendo que, na primeira de cada m\u00eas \u00e9 realizado um momento de Adora\u00e7\u00e3o. Esse segundo momento do grupo \u00e9 aberto a todos os membros do grupo e visitantes que desejam conhecer ou participar. No Grupo de Ora\u00e7\u00e3o Jesus Est\u00e1 Conosco, ainda n\u00e3o h\u00e1 a realiza\u00e7\u00e3o do grupo de perseveran\u00e7a. O GO Jesus Est\u00e1 Conosco abrange toda a Par\u00f3quia do Sagrado Cora\u00e7\u00e3o de Jesus. Atualmente, possui com 20 membros. SERVI\u00c7O: Grupo de Ora\u00e7\u00e3o Jesus Est\u00e1 Conosco (RCC)Reuni\u00f5es: Quarta-feiraHor\u00e1rio: 19h30Coordenador(a): N\u00farzia Cristina C. Santana\/ (98) 98405-5259<\/p>\n","protected":false},"author":1,"featured_media":0,"parent":0,"menu_order":0,"comment_status":"closed","ping_status":"closed","template":"","meta":{"site-sidebar-layout":"default","site-content-layout":"","ast-site-content-layout":"default","site-content-style":"default","site-sidebar-style":"default","ast-global-header-display":"","ast-banner-title-visibility":"","ast-main-header-display":"","ast-hfb-above-header-display":"","ast-hfb-below-header-display":"","ast-hfb-mobile-header-display":"","site-post-title":"disabled","ast-breadcrumbs-content":"","ast-featured-img":"","footer-sml-layout":"","ast-disable-related-posts":"","theme-transparent-header-meta":"","adv-header-id-meta":"","stick-header-meta":"","header-above-stick-meta":"","header-main-stick-meta":"","header-below-stick-meta":"","astra-migrate-meta-layouts":"default","ast-page-background-enabled":"default","ast-page-background-meta":{"desktop":{"background-color":"var(--ast-global-color-5)","background-image":"","background-repeat":"repeat","background-position":"center center","background-size":"auto","background-attachment":"scroll","background-type":"","background-media":"","overlay-type":"","overlay-color":"","overlay-opacity":"","overlay-gradient":""},"tablet":{"background-color":"","background-image":"","background-repeat":"repeat","background-position":"center center","background-size":"auto","background-attachment":"scroll","background-type":"","background-media":"","overlay-type":"","overlay-color":"","overlay-opacity":"","overlay-gradient":""},"mobile":{"background-color":"","background-image":"","background-repeat":"repeat","background-position":"center center","background-size":"auto","background-attachment":"scroll","background-type":"","background-media":"","overlay-type":"","overlay-color":"","overlay-opacity":"","overlay-gradient":""}},"ast-content-background-meta":{"desktop":{"background-color":"var(--ast-global-color-4)","background-image":"","background-repeat":"repeat","background-position":"center center","background-size":"auto","background-attachment":"scroll","background-type":"","background-media":"","overlay-type":"","overlay-color":"","overlay-opacity":"","overlay-gradient":""},"tablet":{"background-color":"var(--ast-global-color-4)","background-image":"","background-repeat":"repeat","background-position":"center center","background-size":"auto","background-attachment":"scroll","background-type":"","background-media":"","overlay-type":"","overlay-color":"","overlay-opacity":"","overlay-gradient":""},"mobile":{"background-color":"var(--ast-global-color-4)","background-image":"","background-repeat":"repeat","background-position":"center center","background-size":"auto","background-attachment":"scroll","background-type":"","background-media":"","overlay-type":"","overlay-color":"","overlay-opacity":"","overlay-gradient":""}},"footnotes":""},"class_list":["post-1757","page","type-page","status-publish","hentry"],"_links":{"self":[{"href":"https:\/\/pscjslz.com.br\/index.php?rest_route=\/wp\/v2\/pages\/1757","targetHints":{"allow":["GET"]}}],"collection":[{"href":"https:\/\/pscjslz.com.br\/index.php?rest_route=\/wp\/v2\/pages"}],"about":[{"href":"https:\/\/pscjslz.com.br\/index.php?rest_route=\/wp\/v2\/types\/page"}],"author":[{"embeddable":true,"href":"https:\/\/pscjslz.com.br\/index.php?rest_route=\/wp\/v2\/users\/1"}],"replies":[{"embeddable":true,"href":"https:\/\/pscjslz.com.br\/index.php?rest_route=%2Fwp%2Fv2%2Fcomments&post=1757"}],"version-history":[{"count":7,"href":"https:\/\/pscjslz.com.br\/index.php?rest_route=\/wp\/v2\/pages\/1757\/revisions"}],"predecessor-version":[{"id":13597,"href":"https:\/\/pscjslz.com.br\/index.php?rest_route=\/wp\/v2\/pages\/1757\/revisions\/13597"}],"wp:attachment":[{"href":"https:\/\/pscjslz.com.br\/index.php?rest_route=%2Fwp%2Fv2%2Fmedia&parent=1757"}],"curies":[{"name":"wp","href":"https:\/\/api.w.org\/{rel}","templated":true}]}}