{"id":1754,"date":"2023-06-25T18:43:32","date_gmt":"2023-06-25T21:43:32","guid":{"rendered":"http:\/\/pscjslz.com.br\/?page_id=1754"},"modified":"2026-02-26T13:05:22","modified_gmt":"2026-02-26T16:05:22","slug":"pastoral-do-dizimo","status":"publish","type":"page","link":"https:\/\/pscjslz.com.br\/?page_id=1754","title":{"rendered":"Sobre a Pastoral do D\u00edzimo"},"content":{"rendered":"\n<h1 class=\"wp-block-heading has-text-align-center\">Pastoral do D\u00edzimo<\/h1>\n\n\n\n<p>\u00c9 um servi\u00e7o realizado na Igreja e tem como a\u00e7\u00e3o principal de conscientizar as pessoas da Par\u00f3quia e comunidades da sua responsabilidade, levando-a&nbsp; a refletir e estabelecer &nbsp;as contribui\u00e7\u00f5es, bem como conscientizar&nbsp; o crist\u00e3o a ser respos\u00e1vel comunitariamente&nbsp; e mostrar que a sua devolu\u00e7\u00e3o \u00e9 uma express\u00e3o de gratid\u00e3o a Deus por tudo o que recebe.<\/p>\n\n\n\n<p>\u00c9 uma contribui\u00e7\u00e3o volunt\u00e1ria regular, peri\u00f3dica e proporcional aos rendimento recebidos, que todo batizado deve assumir como sua obriga\u00e7\u00e3o em rela\u00e7\u00e3o \u00e0 manuten\u00e7\u00e3o da vida da Igreja.<\/p>\n\n\n\n<p><\/p>\n\n\n\n<p><strong>O que faz?<\/strong><strong><\/strong><\/p>\n\n\n\n<p>Receber a devolu\u00e7\u00e3o dos d\u00edzimos dos paroquianos, contabilizar as ofertas&nbsp; e os d\u00edzimos&nbsp; recebidos pela Par\u00f3quia; controlar os valores dos d\u00edzimos recebidos mensalmente; identificar os dizimistas aniversariantes do m\u00eas, celebrar &nbsp;mensalmente missas dedicadas aos dizimistas da Par\u00f3quia.<\/p>\n\n\n\n<p><strong>Qual \u00e1rea de abrang\u00eancia?<\/strong><strong><\/strong><\/p>\n\n\n\n<p>Conscientizar os fieis sobre a dimens\u00e3o biblica , teol\u00f3gica e espiritual, mostrar que o d\u00edzimo \u00e9 um ato de f\u00e9, de esperan\u00e7a e caridade: testemunhar a alegria de uma vida agradecida a Deus atrav\u00e9s da oferta mensal do d\u00edzimo.<\/p>\n\n\n\n<p>Formado por leigos, dizimistas conscientes, volunt\u00e1rios dispostos a prestarem servi\u00e7os sem remunera\u00e7\u00e3o, distribui\u00e7\u00e3o de lucros, bonifica\u00e7\u00f5es ou vantagens de qualquer esp\u00e9cie.<\/p>\n\n\n\n<div style=\"height:10px\" aria-hidden=\"true\" class=\"wp-block-spacer\"><\/div>\n\n\n\n<p><strong>O d\u00edzimo \u00e9 aplicado em 4 dimens\u00f5es:<\/strong><\/p>\n\n\n\n<div class=\"wp-block-columns is-layout-flex wp-container-core-columns-is-layout-28f84493 wp-block-columns-is-layout-flex\">\n<div class=\"wp-block-column is-vertically-aligned-center is-layout-flow wp-block-column-is-layout-flow\" style=\"flex-basis:33.33%\">\n<figure class=\"wp-block-image size-full\"><img fetchpriority=\"high\" decoding=\"async\" width=\"791\" height=\"585\" src=\"https:\/\/pscjslz.com.br\/wp-content\/uploads\/2023\/09\/image-35.png\" alt=\"\" class=\"wp-image-3018\" srcset=\"https:\/\/pscjslz.com.br\/wp-content\/uploads\/2023\/09\/image-35.png 791w, https:\/\/pscjslz.com.br\/wp-content\/uploads\/2023\/09\/image-35-300x222.png 300w, https:\/\/pscjslz.com.br\/wp-content\/uploads\/2023\/09\/image-35-768x568.png 768w\" sizes=\"(max-width: 791px) 100vw, 791px\" \/><\/figure>\n<\/div>\n\n\n\n<div class=\"wp-block-column is-layout-flow wp-block-column-is-layout-flow\" style=\"flex-basis:66.66%\">\n<ul class=\"wp-block-list\">\n<li><strong>Dimens\u00e3o Religiosa<\/strong>: despesas com o Culto, com o sacerdote, com o templo.<\/li>\n<\/ul>\n\n\n\n<ul class=\"wp-block-list\">\n<li><strong>Dimens\u00e3o Social<\/strong>: ajuda aos mais necessitados.<\/li>\n<\/ul>\n\n\n\n<ul class=\"wp-block-list\">\n<li><strong>Dimens\u00e3o Mission\u00e1ria<\/strong>: despesas com a Evangeliza\u00e7\u00e3o fora dos limites da comunidade. Ajuda a outras par\u00f3quias e comunidades, obras mission\u00e1rias.<\/li>\n<\/ul>\n\n\n\n<ul class=\"wp-block-list\">\n<li><strong>Dimens\u00e3o Caritativa<\/strong>: manifesta-se no cuidado com os pobres, por parte da comunidade.<\/li>\n<\/ul>\n<\/div>\n<\/div>\n\n\n\n<div style=\"height:10px\" aria-hidden=\"true\" class=\"wp-block-spacer\"><\/div>\n\n\n\n<p>Formado por leigos, dizimistas conscientes, volunt\u00e1rios dispostos a prestarem servi\u00e7os sem remunera\u00e7\u00e3o, distribui\u00e7\u00e3o de lucros, bonifica\u00e7\u00f5es ou vantagens de qualquer esp\u00e9cie.<\/p>\n\n\n\n<p>Os membros que compete a Pastoral do D\u00edzimo s\u00e3o compostos por: &nbsp;Coordenador, Vice Coordenador e membros com escala permanente no Plant\u00e3o do D\u00edzimo, momento de espiritualidade, Celebra\u00e7\u00f5es mensais &nbsp;voltadas aos dizimistas da Matriz, a\u00e7\u00f5es volunt\u00e1rias&nbsp; como: cafezinhos e acolhida.<\/p>\n\n\n\n<p><strong>Outras atividades:<\/strong> Novenas dos Tempos Fortes, Semana do D\u00edzimo envolvendo as CEM\u00b4s que comp\u00f5es a Matriz., confraterniza\u00e7\u00e3o anual da equipe, Festa do Padroeiro, prepara\u00e7\u00e3o da Celebra\u00e7\u00f5es mensais e viv\u00eancia da Palavra. Participa\u00e7\u00e3o de cursos e forma\u00e7\u00f5es for\u00e2nica e paroquial.<\/p>\n\n\n\n<p><strong>Especificamente na par\u00f3quia SCJ\/Bequim\u00e3o:<\/strong><\/p>\n\n\n\n<p>O Conjunto Bequim\u00e3o foi entregue aos moradores atrav\u00e9s de sorteio no final do ano de 1978. Esses moradores vieram de v\u00e1rios bairros da Capital, outros do interior do Estado.<\/p>\n\n\n\n<p>Aos poucos, foram se conhecendo nos encontros em Col\u00e9gio, A\u00e7ougue, Mercado da Cobal, etc. Da\u00ed foram surgindo amizades das pessoas, em especial, as mulheres. Em Conversas, foram se revelando sobre suas religi\u00f5es e a necessidade de formar a Comunidade Cat\u00f3lica. Algumas revelaram que pertenciam a determinados movimentos, tais como: Legi\u00e3o de Maria, Catequese e outros.&nbsp; Isso proporcionou encontros da Reza do Ter\u00e7o e C\u00edrculos B\u00edblicos, nas casas.<\/p>\n\n\n\n<p>Com isso, surgiu a necessidade de saber a qual Par\u00f3quia pertencia este Conjunto. Pela sua localiza\u00e7\u00e3o, em primeiro lugar, pensou-se em pertencer a Par\u00f3quia Nossa Senhora da Concei\u00e7\u00e3o, do Anil; raz\u00e3o pela qual o Sacerdote que veio Celebrar a primeira Missa no Col\u00e9gio Manoel Beckman (antigo CEMA) foi Frei Jo\u00e3o de Deus, pertencente \u00e0quela Par\u00f3quia.<\/p>\n\n\n\n<p>Depois descobriu-se que este Conjunto, em Territ\u00f3rio Paroquial, pertencia a Par\u00f3quia S\u00e3o Jo\u00e3o Batista dos Vinhais, representada pela Igreja Menino Jesus de Praga, na Cohama, que tinha como P\u00e1roco Frei Mario Paloni. Assim, esses grupos j\u00e1 caminhavam com assist\u00eancia daquele sacerdote, surgindo da\u00ed a necessidade da constru\u00e7\u00e3o de uma Capela, \u00e0 qual o dito sacerdote muito se empenhou.<\/p>\n\n\n\n<p>Nesse \u00ednterim, foram surgindo os primeiros grupos como: Catequese e Liturgia. A frente desses Grupos estavam: Joven\u00edlia, Luiza Queiroz, Dagmar, Gra\u00e7a Coelho, outras; <strong>IN-MEM\u00d3RIAM:<\/strong>&nbsp; Maria Jos\u00e9 Pires, Vanilde, Cacilda, Odineia, Cotinha, Maria Ant\u00f4nia, Maria da Cruz, outras.<\/p>\n\n\n\n<p>Essas mesmas pessoas que caminhavam em ora\u00e7\u00e3o, uniram-se para formar <strong>\u201cGrupos Arrecadadores\u201d<\/strong> do chamado <strong>\u201c\u00d3BOLO SAGRADO\u201d, <\/strong>recebendo cada uma, uma folha individual para arrecadar valores dos vizinhos mais pr\u00f3ximos, por ruas e quadras do bairro. (os Setores de hoje). As arrecada\u00e7\u00f5es eram entregues a Frei M\u00e1rio Paloni quando vinha celebrar ou nas reuni\u00f5es na Igreja da Cohama. Al\u00e9m das coletas do <strong>\u201c\u00d3bolo\u201d, <\/strong>aconteciam mutir\u00f5es para conseguir material de constru\u00e7\u00e3o. Assim deu-se in\u00edcio a Constru\u00e7\u00e3o da Capela, nos anos de 1980\/1981.<\/p>\n\n\n\n<p>Os Grupos em reuni\u00e3o, decidiram escolher como Padroeiro da Comunidade o <strong>\u201cSagrado Cora\u00e7\u00e3o de Jesus\u201c&nbsp; <\/strong>por sugest\u00e3o de Joven\u00edlia. Considerando esse breve relato, destaca-se, assim, o surgimento do<strong> D\u00cdZIMO<\/strong>.<\/p>\n\n\n\n<p><\/p>\n\n\n\n<p>Tendo sido constru\u00eddo a Capela, foi promovido pela Sede da Cohama um curso de <strong>\u201cAdministra\u00e7\u00e3o Paroquial\u201d <\/strong>que foi ministrado por Pomp\u00e9ia e pelo Professor Monteiro, considerados pessoas habilitadas; por ser um tema de alto relev\u00e2ncia. Participaram desse curso Ant\u00f4nio Jos\u00e9, Durans e representantes das Comunidades.<\/p>\n\n\n\n<p>Ao final do Curso, que durou mais de um ano, Ant\u00f4nio Jos\u00e9 ficou como respons\u00e1vel do D\u00edzimo, at\u00e9 a chegada de Padre Carmelino quando da Cria\u00e7\u00e3o da Par\u00f3quia Sagrado Cora\u00e7\u00e3o de Jesus do Bequim\u00e3o.<\/p>\n\n\n\n<p><\/p>\n\n\n\n<p>&nbsp;&nbsp;&nbsp;&nbsp;&nbsp;&nbsp; Na primeira Assembleia Paroquial realizada por Padre J\u00e2nio, a Comunidade reivindicou melhoria na Igreja Templo; climatiza\u00e7\u00e3o e informatiza\u00e7\u00e3o do D\u00edzimo, o que foi atendido. Nosso P\u00e1roco Pe. J\u00e2nio muito tem contribu\u00eddo para melhorar a <strong>Casa do Senhor<\/strong>, incluindo as salas, banheiros e grande reforma do interior da Igreja com forro, pinturas, pain\u00e9is, ilustra\u00e7\u00f5es nas janelas, lumin\u00e1rias, som, energia solar e climatiza\u00e7\u00e3o. Tudo isso com a contribui\u00e7\u00e3o dos dizimistas que tem se tornado cada vez mais consciente pela sua motiva\u00e7\u00e3o e com a Campanha <strong>\u201cMelhorando a Casa do Senhor\u201d. <\/strong>&nbsp;<\/p>\n\n\n\n<p>N\u00e3o obstante, sem deixar de enfatizar o <strong>CENTRO DE ACOLHIMENTO <\/strong>que funciona na casa que seria destinada a ser <strong>\u201cCasa Paroquial\u201d.<\/strong><strong><\/strong><\/p>\n\n\n\n<p>E como a <strong>MISS\u00c3O <\/strong>continua, ainda temos a melhoria da fachada externa da Igreja, gra\u00e7as a sua garra e determina\u00e7\u00e3o a qual se concretiza com a contribui\u00e7\u00e3o dos dizimistas.<\/p>\n\n\n\n<p>Conscientizar os fieis sobre a dimens\u00e3o biblica , teol\u00f3gica e espiritual, mostrar que o d\u00edzimo \u00e9 um ato de f\u00e9, de esperan\u00e7a e caridade: testemunhar a alegria de uma vida agradecida a Deus atrav\u00e9s da oferta mensal do d\u00edzimo.<\/p>\n\n\n\n<p>Formado por leigos, dizimistas conscientes, volunt\u00e1rios dispostos a prestarem servi\u00e7os sem remunera\u00e7\u00e3o, distribui\u00e7\u00e3o de lucros, bonifica\u00e7\u00f5es ou vantagens de qualquer esp\u00e9cie.<\/p>\n\n\n\n<p><\/p>\n","protected":false},"excerpt":{"rendered":"<p>Pastoral do D\u00edzimo \u00c9 um servi\u00e7o realizado na Igreja e tem como a\u00e7\u00e3o principal de conscientizar as pessoas da Par\u00f3quia e comunidades da sua responsabilidade, levando-a&nbsp; a refletir e estabelecer &nbsp;as contribui\u00e7\u00f5es, bem como conscientizar&nbsp; o crist\u00e3o a ser respos\u00e1vel comunitariamente&nbsp; e mostrar que a sua devolu\u00e7\u00e3o \u00e9 uma express\u00e3o de gratid\u00e3o a Deus por tudo o que recebe. \u00c9 uma contribui\u00e7\u00e3o volunt\u00e1ria regular, peri\u00f3dica e proporcional aos rendimento recebidos, que todo batizado deve assumir como sua obriga\u00e7\u00e3o em rela\u00e7\u00e3o \u00e0 manuten\u00e7\u00e3o da vida da Igreja. O que faz? Receber a devolu\u00e7\u00e3o dos d\u00edzimos dos paroquianos, contabilizar as ofertas&nbsp; e os d\u00edzimos&nbsp; recebidos pela Par\u00f3quia; controlar os valores dos d\u00edzimos recebidos mensalmente; identificar os dizimistas aniversariantes do m\u00eas, celebrar &nbsp;mensalmente missas dedicadas aos dizimistas da Par\u00f3quia. Qual \u00e1rea de abrang\u00eancia? Conscientizar os fieis sobre a dimens\u00e3o biblica , teol\u00f3gica e espiritual, mostrar que o d\u00edzimo \u00e9 um ato de f\u00e9, de esperan\u00e7a e caridade: testemunhar a alegria de uma vida agradecida a Deus atrav\u00e9s da oferta mensal do d\u00edzimo. Formado por leigos, dizimistas conscientes, volunt\u00e1rios dispostos a prestarem servi\u00e7os sem remunera\u00e7\u00e3o, distribui\u00e7\u00e3o de lucros, bonifica\u00e7\u00f5es ou vantagens de qualquer esp\u00e9cie. O d\u00edzimo \u00e9 aplicado em 4 dimens\u00f5es: Formado por leigos, dizimistas conscientes, volunt\u00e1rios dispostos a prestarem servi\u00e7os sem remunera\u00e7\u00e3o, distribui\u00e7\u00e3o de lucros, bonifica\u00e7\u00f5es ou vantagens de qualquer esp\u00e9cie. Os membros que compete a Pastoral do D\u00edzimo s\u00e3o compostos por: &nbsp;Coordenador, Vice Coordenador e membros com escala permanente no Plant\u00e3o do D\u00edzimo, momento de espiritualidade, Celebra\u00e7\u00f5es mensais &nbsp;voltadas aos dizimistas da Matriz, a\u00e7\u00f5es volunt\u00e1rias&nbsp; como: cafezinhos e acolhida. Outras atividades: Novenas dos Tempos Fortes, Semana do D\u00edzimo envolvendo as CEM\u00b4s que comp\u00f5es a Matriz., confraterniza\u00e7\u00e3o anual da equipe, Festa do Padroeiro, prepara\u00e7\u00e3o da Celebra\u00e7\u00f5es mensais e viv\u00eancia da Palavra. Participa\u00e7\u00e3o de cursos e forma\u00e7\u00f5es for\u00e2nica e paroquial. Especificamente na par\u00f3quia SCJ\/Bequim\u00e3o: O Conjunto Bequim\u00e3o foi entregue aos moradores atrav\u00e9s de sorteio no final do ano de 1978. Esses moradores vieram de v\u00e1rios bairros da Capital, outros do interior do Estado. Aos poucos, foram se conhecendo nos encontros em Col\u00e9gio, A\u00e7ougue, Mercado da Cobal, etc. Da\u00ed foram surgindo amizades das pessoas, em especial, as mulheres. Em Conversas, foram se revelando sobre suas religi\u00f5es e a necessidade de formar a Comunidade Cat\u00f3lica. Algumas revelaram que pertenciam a determinados movimentos, tais como: Legi\u00e3o de Maria, Catequese e outros.&nbsp; Isso proporcionou encontros da Reza do Ter\u00e7o e C\u00edrculos B\u00edblicos, nas casas. Com isso, surgiu a necessidade de saber a qual Par\u00f3quia pertencia este Conjunto. Pela sua localiza\u00e7\u00e3o, em primeiro lugar, pensou-se em pertencer a Par\u00f3quia Nossa Senhora da Concei\u00e7\u00e3o, do Anil; raz\u00e3o pela qual o Sacerdote que veio Celebrar a primeira Missa no Col\u00e9gio Manoel Beckman (antigo CEMA) foi Frei Jo\u00e3o de Deus, pertencente \u00e0quela Par\u00f3quia. Depois descobriu-se que este Conjunto, em Territ\u00f3rio Paroquial, pertencia a Par\u00f3quia S\u00e3o Jo\u00e3o Batista dos Vinhais, representada pela Igreja Menino Jesus de Praga, na Cohama, que tinha como P\u00e1roco Frei Mario Paloni. Assim, esses grupos j\u00e1 caminhavam com assist\u00eancia daquele sacerdote, surgindo da\u00ed a necessidade da constru\u00e7\u00e3o de uma Capela, \u00e0 qual o dito sacerdote muito se empenhou. Nesse \u00ednterim, foram surgindo os primeiros grupos como: Catequese e Liturgia. A frente desses Grupos estavam: Joven\u00edlia, Luiza Queiroz, Dagmar, Gra\u00e7a Coelho, outras; IN-MEM\u00d3RIAM:&nbsp; Maria Jos\u00e9 Pires, Vanilde, Cacilda, Odineia, Cotinha, Maria Ant\u00f4nia, Maria da Cruz, outras. Essas mesmas pessoas que caminhavam em ora\u00e7\u00e3o, uniram-se para formar \u201cGrupos Arrecadadores\u201d do chamado \u201c\u00d3BOLO SAGRADO\u201d, recebendo cada uma, uma folha individual para arrecadar valores dos vizinhos mais pr\u00f3ximos, por ruas e quadras do bairro. (os Setores de hoje). As arrecada\u00e7\u00f5es eram entregues a Frei M\u00e1rio Paloni quando vinha celebrar ou nas reuni\u00f5es na Igreja da Cohama. Al\u00e9m das coletas do \u201c\u00d3bolo\u201d, aconteciam mutir\u00f5es para conseguir material de constru\u00e7\u00e3o. Assim deu-se in\u00edcio a Constru\u00e7\u00e3o da Capela, nos anos de 1980\/1981. Os Grupos em reuni\u00e3o, decidiram escolher como Padroeiro da Comunidade o \u201cSagrado Cora\u00e7\u00e3o de Jesus\u201c&nbsp; por sugest\u00e3o de Joven\u00edlia. Considerando esse breve relato, destaca-se, assim, o surgimento do D\u00cdZIMO. Tendo sido constru\u00eddo a Capela, foi promovido pela Sede da Cohama um curso de \u201cAdministra\u00e7\u00e3o Paroquial\u201d que foi ministrado por Pomp\u00e9ia e pelo Professor Monteiro, considerados pessoas habilitadas; por ser um tema de alto relev\u00e2ncia. Participaram desse curso Ant\u00f4nio Jos\u00e9, Durans e representantes das Comunidades. Ao final do Curso, que durou mais de um ano, Ant\u00f4nio Jos\u00e9 ficou como respons\u00e1vel do D\u00edzimo, at\u00e9 a chegada de Padre Carmelino quando da Cria\u00e7\u00e3o da Par\u00f3quia Sagrado Cora\u00e7\u00e3o de Jesus do Bequim\u00e3o. &nbsp;&nbsp;&nbsp;&nbsp;&nbsp;&nbsp; Na primeira Assembleia Paroquial realizada por Padre J\u00e2nio, a Comunidade reivindicou melhoria na Igreja Templo; climatiza\u00e7\u00e3o e informatiza\u00e7\u00e3o do D\u00edzimo, o que foi atendido. Nosso P\u00e1roco Pe. J\u00e2nio muito tem contribu\u00eddo para melhorar a Casa do Senhor, incluindo as salas, banheiros e grande reforma do interior da Igreja com forro, pinturas, pain\u00e9is, ilustra\u00e7\u00f5es nas janelas, lumin\u00e1rias, som, energia solar e climatiza\u00e7\u00e3o. Tudo isso com a contribui\u00e7\u00e3o dos dizimistas que tem se tornado cada vez mais consciente pela sua motiva\u00e7\u00e3o e com a Campanha \u201cMelhorando a Casa do Senhor\u201d. &nbsp; N\u00e3o obstante, sem deixar de enfatizar o CENTRO DE ACOLHIMENTO que funciona na casa que seria destinada a ser \u201cCasa Paroquial\u201d. E como a MISS\u00c3O continua, ainda temos a melhoria da fachada externa da Igreja, gra\u00e7as a sua garra e determina\u00e7\u00e3o a qual se concretiza com a contribui\u00e7\u00e3o dos dizimistas. Conscientizar os fieis sobre a dimens\u00e3o biblica , teol\u00f3gica e espiritual, mostrar que o d\u00edzimo \u00e9 um ato de f\u00e9, de esperan\u00e7a e caridade: testemunhar a alegria de uma vida agradecida a Deus atrav\u00e9s da oferta mensal do d\u00edzimo. Formado por leigos, dizimistas conscientes, volunt\u00e1rios dispostos a prestarem servi\u00e7os sem remunera\u00e7\u00e3o, distribui\u00e7\u00e3o de lucros, bonifica\u00e7\u00f5es ou vantagens de qualquer esp\u00e9cie.<\/p>\n","protected":false},"author":1,"featured_media":0,"parent":0,"menu_order":0,"comment_status":"closed","ping_status":"closed","template":"","meta":{"site-sidebar-layout":"default","site-content-layout":"","ast-site-content-layout":"default","site-content-style":"default","site-sidebar-style":"default","ast-global-header-display":"","ast-banner-title-visibility":"","ast-main-header-display":"","ast-hfb-above-header-display":"","ast-hfb-below-header-display":"","ast-hfb-mobile-header-display":"","site-post-title":"disabled","ast-breadcrumbs-content":"","ast-featured-img":"","footer-sml-layout":"","ast-disable-related-posts":"","theme-transparent-header-meta":"","adv-header-id-meta":"","stick-header-meta":"","header-above-stick-meta":"","header-main-stick-meta":"","header-below-stick-meta":"","astra-migrate-meta-layouts":"default","ast-page-background-enabled":"default","ast-page-background-meta":{"desktop":{"background-color":"var(--ast-global-color-5)","background-image":"","background-repeat":"repeat","background-position":"center center","background-size":"auto","background-attachment":"scroll","background-type":"","background-media":"","overlay-type":"","overlay-color":"","overlay-opacity":"","overlay-gradient":""},"tablet":{"background-color":"","background-image":"","background-repeat":"repeat","background-position":"center center","background-size":"auto","background-attachment":"scroll","background-type":"","background-media":"","overlay-type":"","overlay-color":"","overlay-opacity":"","overlay-gradient":""},"mobile":{"background-color":"","background-image":"","background-repeat":"repeat","background-position":"center center","background-size":"auto","background-attachment":"scroll","background-type":"","background-media":"","overlay-type":"","overlay-color":"","overlay-opacity":"","overlay-gradient":""}},"ast-content-background-meta":{"desktop":{"background-color":"var(--ast-global-color-4)","background-image":"","background-repeat":"repeat","background-position":"center center","background-size":"auto","background-attachment":"scroll","background-type":"","background-media":"","overlay-type":"","overlay-color":"","overlay-opacity":"","overlay-gradient":""},"tablet":{"background-color":"var(--ast-global-color-4)","background-image":"","background-repeat":"repeat","background-position":"center center","background-size":"auto","background-attachment":"scroll","background-type":"","background-media":"","overlay-type":"","overlay-color":"","overlay-opacity":"","overlay-gradient":""},"mobile":{"background-color":"var(--ast-global-color-4)","background-image":"","background-repeat":"repeat","background-position":"center center","background-size":"auto","background-attachment":"scroll","background-type":"","background-media":"","overlay-type":"","overlay-color":"","overlay-opacity":"","overlay-gradient":""}},"footnotes":""},"class_list":["post-1754","page","type-page","status-publish","hentry"],"_links":{"self":[{"href":"https:\/\/pscjslz.com.br\/index.php?rest_route=\/wp\/v2\/pages\/1754","targetHints":{"allow":["GET"]}}],"collection":[{"href":"https:\/\/pscjslz.com.br\/index.php?rest_route=\/wp\/v2\/pages"}],"about":[{"href":"https:\/\/pscjslz.com.br\/index.php?rest_route=\/wp\/v2\/types\/page"}],"author":[{"embeddable":true,"href":"https:\/\/pscjslz.com.br\/index.php?rest_route=\/wp\/v2\/users\/1"}],"replies":[{"embeddable":true,"href":"https:\/\/pscjslz.com.br\/index.php?rest_route=%2Fwp%2Fv2%2Fcomments&post=1754"}],"version-history":[{"count":7,"href":"https:\/\/pscjslz.com.br\/index.php?rest_route=\/wp\/v2\/pages\/1754\/revisions"}],"predecessor-version":[{"id":13498,"href":"https:\/\/pscjslz.com.br\/index.php?rest_route=\/wp\/v2\/pages\/1754\/revisions\/13498"}],"wp:attachment":[{"href":"https:\/\/pscjslz.com.br\/index.php?rest_route=%2Fwp%2Fv2%2Fmedia&parent=1754"}],"curies":[{"name":"wp","href":"https:\/\/api.w.org\/{rel}","templated":true}]}}