{"id":1750,"date":"2023-06-25T18:42:44","date_gmt":"2023-06-25T21:42:44","guid":{"rendered":"http:\/\/pscjslz.com.br\/?page_id=1750"},"modified":"2026-02-26T16:29:54","modified_gmt":"2026-02-26T19:29:54","slug":"ministerio-extraordinario-da-sagrada-comuniao-eucaristica","status":"publish","type":"page","link":"https:\/\/pscjslz.com.br\/?page_id=1750","title":{"rendered":"Sobre o Minist\u00e9rio Extraordin\u00e1rio da Sagrada Comunh\u00e3o Eucar\u00edstica"},"content":{"rendered":"\n<p class=\"has-text-align-center has-ast-global-color-0-color has-text-color has-link-color has-large-font-size wp-elements-a4a8ed139a2b835362e4653618578a2c\">Minist\u00e9rio Extraordin\u00e1rio da Sagrada Comunh\u00e3o Eucar\u00edstica<\/p>\n\n\n\n<p>Os Ministros Extraordin\u00e1rios da Eucaristia s\u00e3o os leigos que atuam nas atividades da comunidade, levando a Palavra e Eucaristia.<\/p>\n\n\n\n<p class=\"has-text-align-center has-white-color has-vivid-red-background-color has-text-color has-background has-medium-font-size\">Al\u00e9m de ajudar durante as celebra\u00e7\u00f5es, eles levam a Eucaristia para idosos incapacitados de ir a Igreja, aos doentes em casa, nos hospitais e asilos.<\/p>\n\n\n\n<div style=\"height:30px\" aria-hidden=\"true\" class=\"wp-block-spacer\"><\/div>\n\n\n\n<p>O Grupo teve in\u00edcio&nbsp;juntamente com a Igreja Matriz do Sagrado Cora\u00e7\u00e3o&nbsp;de Jesus. Na \u00e9poca, a igreja fazia parte da Par\u00f3quia&nbsp; Menino Jesus de Praga, no bairro da Cohama. Um do primeiros ministros foi a Sra. Lu\u00edza Queiroz. Com ela, tinham, os j\u00e1 felecidos, Maria Leite, Carlos Coelho, Odineia e Ma.Carvalho. <\/p>\n\n\n\n<figure class=\"wp-block-table is-style-stripes\"><table><tbody><tr><td>Apesar do nome ter mudado de Grupo de Ministros para Ministros da Sagrada Eucaristia (n\u00e3o sabe-se a \u00e9poca da mudan\u00e7a), a sua miss\u00e3o continua a mesma: apoio nas Missas e atendimento nas casas e hospitais ou asilos, para pessoas doentes e em dificuldade de locomo\u00e7\u00e3o, locais onde nem sempre o Sacerdote consegue atender, devido suas atribui\u00e7\u00f5es na Igreja.<\/td><td><img fetchpriority=\"high\" decoding=\"async\" width=\"1200\" height=\"1906\" class=\"wp-image-2188\" style=\"width: 1200px;\" src=\"https:\/\/pscjslz.com.br\/wp-content\/uploads\/2023\/07\/mesc_1.png\" alt=\"\" srcset=\"https:\/\/pscjslz.com.br\/wp-content\/uploads\/2023\/07\/mesc_1.png 459w, https:\/\/pscjslz.com.br\/wp-content\/uploads\/2023\/07\/mesc_1-189x300.png 189w\" sizes=\"(max-width: 1200px) 100vw, 1200px\" \/><\/td><\/tr><\/tbody><\/table><\/figure>\n\n\n\n<div style=\"height:30px\" aria-hidden=\"true\" class=\"wp-block-spacer\"><\/div>\n\n\n\n<p class=\"has-text-align-center has-white-color has-vivid-red-background-color has-text-color has-background has-medium-font-size\">Atualmente, a Par\u00f3quia Sagrado Cora\u00e7\u00e3o de Jesus possui 23 ministros: 16 atuantes e 9 que levam a Eucaristia e a Palavra em casa e hospitais quando chamados. Temos, ainda, 17 candidatos a ministros em forma\u00e7\u00e3o.<\/p>\n\n\n\n<hr class=\"wp-block-separator has-alpha-channel-opacity\"\/>\n","protected":false},"excerpt":{"rendered":"<p>Minist\u00e9rio Extraordin\u00e1rio da Sagrada Comunh\u00e3o Eucar\u00edstica Os Ministros Extraordin\u00e1rios da Eucaristia s\u00e3o os leigos que atuam nas atividades da comunidade, levando a Palavra e Eucaristia. Al\u00e9m de ajudar durante as celebra\u00e7\u00f5es, eles levam a Eucaristia para idosos incapacitados de ir a Igreja, aos doentes em casa, nos hospitais e asilos. O Grupo teve in\u00edcio&nbsp;juntamente com a Igreja Matriz do Sagrado Cora\u00e7\u00e3o&nbsp;de Jesus. Na \u00e9poca, a igreja fazia parte da Par\u00f3quia&nbsp; Menino Jesus de Praga, no bairro da Cohama. Um do primeiros ministros foi a Sra. Lu\u00edza Queiroz. Com ela, tinham, os j\u00e1 felecidos, Maria Leite, Carlos Coelho, Odineia e Ma.Carvalho. Apesar do nome ter mudado de Grupo de Ministros para Ministros da Sagrada Eucaristia (n\u00e3o sabe-se a \u00e9poca da mudan\u00e7a), a sua miss\u00e3o continua a mesma: apoio nas Missas e atendimento nas casas e hospitais ou asilos, para pessoas doentes e em dificuldade de locomo\u00e7\u00e3o, locais onde nem sempre o Sacerdote consegue atender, devido suas atribui\u00e7\u00f5es na Igreja. Atualmente, a Par\u00f3quia Sagrado Cora\u00e7\u00e3o de Jesus possui 23 ministros: 16 atuantes e 9 que levam a Eucaristia e a Palavra em casa e hospitais quando chamados. Temos, ainda, 17 candidatos a ministros em forma\u00e7\u00e3o.<\/p>\n","protected":false},"author":1,"featured_media":0,"parent":0,"menu_order":0,"comment_status":"closed","ping_status":"closed","template":"","meta":{"site-sidebar-layout":"default","site-content-layout":"","ast-site-content-layout":"default","site-content-style":"default","site-sidebar-style":"default","ast-global-header-display":"","ast-banner-title-visibility":"","ast-main-header-display":"","ast-hfb-above-header-display":"","ast-hfb-below-header-display":"","ast-hfb-mobile-header-display":"","site-post-title":"disabled","ast-breadcrumbs-content":"","ast-featured-img":"","footer-sml-layout":"","ast-disable-related-posts":"","theme-transparent-header-meta":"","adv-header-id-meta":"","stick-header-meta":"","header-above-stick-meta":"","header-main-stick-meta":"","header-below-stick-meta":"","astra-migrate-meta-layouts":"default","ast-page-background-enabled":"default","ast-page-background-meta":{"desktop":{"background-color":"var(--ast-global-color-5)","background-image":"","background-repeat":"repeat","background-position":"center center","background-size":"auto","background-attachment":"scroll","background-type":"","background-media":"","overlay-type":"","overlay-color":"","overlay-opacity":"","overlay-gradient":""},"tablet":{"background-color":"","background-image":"","background-repeat":"repeat","background-position":"center center","background-size":"auto","background-attachment":"scroll","background-type":"","background-media":"","overlay-type":"","overlay-color":"","overlay-opacity":"","overlay-gradient":""},"mobile":{"background-color":"","background-image":"","background-repeat":"repeat","background-position":"center center","background-size":"auto","background-attachment":"scroll","background-type":"","background-media":"","overlay-type":"","overlay-color":"","overlay-opacity":"","overlay-gradient":""}},"ast-content-background-meta":{"desktop":{"background-color":"var(--ast-global-color-4)","background-image":"","background-repeat":"repeat","background-position":"center center","background-size":"auto","background-attachment":"scroll","background-type":"","background-media":"","overlay-type":"","overlay-color":"","overlay-opacity":"","overlay-gradient":""},"tablet":{"background-color":"var(--ast-global-color-4)","background-image":"","background-repeat":"repeat","background-position":"center center","background-size":"auto","background-attachment":"scroll","background-type":"","background-media":"","overlay-type":"","overlay-color":"","overlay-opacity":"","overlay-gradient":""},"mobile":{"background-color":"var(--ast-global-color-4)","background-image":"","background-repeat":"repeat","background-position":"center center","background-size":"auto","background-attachment":"scroll","background-type":"","background-media":"","overlay-type":"","overlay-color":"","overlay-opacity":"","overlay-gradient":""}},"footnotes":""},"class_list":["post-1750","page","type-page","status-publish","hentry"],"_links":{"self":[{"href":"https:\/\/pscjslz.com.br\/index.php?rest_route=\/wp\/v2\/pages\/1750","targetHints":{"allow":["GET"]}}],"collection":[{"href":"https:\/\/pscjslz.com.br\/index.php?rest_route=\/wp\/v2\/pages"}],"about":[{"href":"https:\/\/pscjslz.com.br\/index.php?rest_route=\/wp\/v2\/types\/page"}],"author":[{"embeddable":true,"href":"https:\/\/pscjslz.com.br\/index.php?rest_route=\/wp\/v2\/users\/1"}],"replies":[{"embeddable":true,"href":"https:\/\/pscjslz.com.br\/index.php?rest_route=%2Fwp%2Fv2%2Fcomments&post=1750"}],"version-history":[{"count":5,"href":"https:\/\/pscjslz.com.br\/index.php?rest_route=\/wp\/v2\/pages\/1750\/revisions"}],"predecessor-version":[{"id":13596,"href":"https:\/\/pscjslz.com.br\/index.php?rest_route=\/wp\/v2\/pages\/1750\/revisions\/13596"}],"wp:attachment":[{"href":"https:\/\/pscjslz.com.br\/index.php?rest_route=%2Fwp%2Fv2%2Fmedia&parent=1750"}],"curies":[{"name":"wp","href":"https:\/\/api.w.org\/{rel}","templated":true}]}}