{"id":1735,"date":"2023-06-25T18:38:07","date_gmt":"2023-06-25T21:38:07","guid":{"rendered":"http:\/\/pscjslz.com.br\/?page_id=1735"},"modified":"2026-02-26T16:22:48","modified_gmt":"2026-02-26T19:22:48","slug":"movimento-mae-rainha","status":"publish","type":"page","link":"https:\/\/pscjslz.com.br\/?page_id=1735","title":{"rendered":"Sobre o Movimento da M\u00e3e Peregrina de Schoenstatt"},"content":{"rendered":"\n<p class=\"has-text-align-center has-ast-global-color-0-color has-text-color has-link-color has-large-font-size wp-elements-ff9577f5f930d4712b53268bea85b6c3\">Movimento da M\u00e3e Peregrina de Schoenstatt<\/p>\n\n\n\n<p>\u00c9 um movimento surgido na Alemanha em 18\/10\/1914. A campanha da M\u00e3e Peregrina \u00e9 animada e vivificada pela espiritualidade do movimento Apost\u00f3lico de Schoenstatt e fundamenta-se na realidade da alian\u00e7a de amor com a M\u00e3e, Rainha e vencedora tr\u00eas vezes admir\u00e1vel de schoesntatt. Fundada pelo Padre Jose Kentenich, este enviou as irm\u00e3s de Maria para o Brasil em 10\/06\/1935 onde empenhavam-se na renova\u00e7\u00e3o do mundo em Cristo por Maria, mais tarde ele estimulou a constru\u00e7\u00e3o de santu\u00e1rios e participou da inaugura\u00e7\u00e3o do Santu\u00e1rio Tabor em Santa Maria\/ RS em 11\/04\/1948. As imagens s\u00e3o bentas no santu\u00e1rio onde partem para visitar as fam\u00edlias e lugares distribuindo as gra\u00e7as que seus filhos necessitam.<\/p>\n\n\n\n<p><\/p>\n\n\n\n<p>J\u00e1 em setembro de 1950 ao participar de um retiro, o Di\u00e1cono Joao Luiz Pozzobon deu seu sim ao plano de Deus e se responsabilizou pela imagem da Mae Rainha, a Irm\u00e3 M. Tereza Gobbo idealizou e reproduziu tr\u00eas imagens grandes para que peregrinasse de casa em casa. Devido ao pedido das fam\u00edlias que visitava no ano de 1959, o Sr. Joao Pozzobon teve a inspira\u00e7\u00e3o de iniciar a peregrina\u00e7\u00e3o de pequenas imagens da Mae Peregrina de casa em casa organizando grupos de 30 fam\u00edlias. A partir da d\u00e9cada de 1980 estendeu-se para o mundo inteiro, tornando-se um movimento internacional.<\/p>\n\n\n\n<p><\/p>\n\n\n\n<p>Existiu uma coordena\u00e7\u00e3o composta por uma freira, Ir. Elmira, e uma leiga, sra. Arlete Rocha. Na par\u00f3quia Sagrado Cora\u00e7\u00e3o de Jesus o movimento existe h\u00e1, pelo menos, 23 anos. Foi introduzida pela sra. Maria Leite, que em contato com sra. Odin\u00e9ia Souza, e com o conhecimento do p\u00e1roco da \u00e9poca, padre Carmelino Farias implantaram o Movimento na par\u00f3quia. Ficaram como coordenadora a sra. Rita Lisboa e vice a sra. Odin\u00e9ia. Iniciado com 7 mission\u00e1rios e atualmente temos 12.<\/p>\n\n\n\n<p><\/p>\n\n\n\n<p>Como apostolado mariano inserido na igreja, \u00e9 um m\u00e9todo de pastoral que tem como fim especifico a evangeliza\u00e7\u00e3o. Fam\u00edlias evangelizando fam\u00edlias.&nbsp;&nbsp; Este movimento \u00e9 composto por uma coordena\u00e7\u00e3o de missionarias(os) que \u00e9 respons\u00e1vel por 30 fam\u00edlias onde a imagem percorre os lares permanecendo 24 horas em cada lar. Ao receber a visita da Mae Rainha deve-se rezar o ter\u00e7o ou pelo menos rezar tr\u00eas Ave Maria para participar das gra\u00e7as do santu\u00e1rio (a gra\u00e7a do abrigo espiritual, a gra\u00e7a da transforma\u00e7\u00e3o interior e a gra\u00e7a da fecundidade apost\u00f3lica). Todo dia 18 celebra-se a alian\u00e7a de amor com Maria.&nbsp;<\/p>\n\n\n\n<p><\/p>\n\n\n\n<p>Est\u00e1 inserida em toda a arquidiocese de S\u00e3o Lu\u00eds e algumas cidades do Maranh\u00e3o. Em particular na Par\u00f3quia Sagrado Cora\u00e7\u00e3o de Jesus estamos distribu\u00eddos nas comunidades Sagrado Cora\u00e7\u00e3o de Jesus e comunidade de S\u00e3o Sebasti\u00e3o e possui um total de 15 mission\u00e1rias que s\u00e3o respons\u00e1veis pelas fam\u00edlias que recebem a imagem da Mae e Rainha.<\/p>\n\n\n\n<p><\/p>\n","protected":false},"excerpt":{"rendered":"<p>Movimento da M\u00e3e Peregrina de Schoenstatt \u00c9 um movimento surgido na Alemanha em 18\/10\/1914. A campanha da M\u00e3e Peregrina \u00e9 animada e vivificada pela espiritualidade do movimento Apost\u00f3lico de Schoenstatt e fundamenta-se na realidade da alian\u00e7a de amor com a M\u00e3e, Rainha e vencedora tr\u00eas vezes admir\u00e1vel de schoesntatt. Fundada pelo Padre Jose Kentenich, este enviou as irm\u00e3s de Maria para o Brasil em 10\/06\/1935 onde empenhavam-se na renova\u00e7\u00e3o do mundo em Cristo por Maria, mais tarde ele estimulou a constru\u00e7\u00e3o de santu\u00e1rios e participou da inaugura\u00e7\u00e3o do Santu\u00e1rio Tabor em Santa Maria\/ RS em 11\/04\/1948. As imagens s\u00e3o bentas no santu\u00e1rio onde partem para visitar as fam\u00edlias e lugares distribuindo as gra\u00e7as que seus filhos necessitam. J\u00e1 em setembro de 1950 ao participar de um retiro, o Di\u00e1cono Joao Luiz Pozzobon deu seu sim ao plano de Deus e se responsabilizou pela imagem da Mae Rainha, a Irm\u00e3 M. Tereza Gobbo idealizou e reproduziu tr\u00eas imagens grandes para que peregrinasse de casa em casa. Devido ao pedido das fam\u00edlias que visitava no ano de 1959, o Sr. Joao Pozzobon teve a inspira\u00e7\u00e3o de iniciar a peregrina\u00e7\u00e3o de pequenas imagens da Mae Peregrina de casa em casa organizando grupos de 30 fam\u00edlias. A partir da d\u00e9cada de 1980 estendeu-se para o mundo inteiro, tornando-se um movimento internacional. Existiu uma coordena\u00e7\u00e3o composta por uma freira, Ir. Elmira, e uma leiga, sra. Arlete Rocha. Na par\u00f3quia Sagrado Cora\u00e7\u00e3o de Jesus o movimento existe h\u00e1, pelo menos, 23 anos. Foi introduzida pela sra. Maria Leite, que em contato com sra. Odin\u00e9ia Souza, e com o conhecimento do p\u00e1roco da \u00e9poca, padre Carmelino Farias implantaram o Movimento na par\u00f3quia. Ficaram como coordenadora a sra. Rita Lisboa e vice a sra. Odin\u00e9ia. Iniciado com 7 mission\u00e1rios e atualmente temos 12. Como apostolado mariano inserido na igreja, \u00e9 um m\u00e9todo de pastoral que tem como fim especifico a evangeliza\u00e7\u00e3o. Fam\u00edlias evangelizando fam\u00edlias.&nbsp;&nbsp; Este movimento \u00e9 composto por uma coordena\u00e7\u00e3o de missionarias(os) que \u00e9 respons\u00e1vel por 30 fam\u00edlias onde a imagem percorre os lares permanecendo 24 horas em cada lar. Ao receber a visita da Mae Rainha deve-se rezar o ter\u00e7o ou pelo menos rezar tr\u00eas Ave Maria para participar das gra\u00e7as do santu\u00e1rio (a gra\u00e7a do abrigo espiritual, a gra\u00e7a da transforma\u00e7\u00e3o interior e a gra\u00e7a da fecundidade apost\u00f3lica). Todo dia 18 celebra-se a alian\u00e7a de amor com Maria.&nbsp; Est\u00e1 inserida em toda a arquidiocese de S\u00e3o Lu\u00eds e algumas cidades do Maranh\u00e3o. Em particular na Par\u00f3quia Sagrado Cora\u00e7\u00e3o de Jesus estamos distribu\u00eddos nas comunidades Sagrado Cora\u00e7\u00e3o de Jesus e comunidade de S\u00e3o Sebasti\u00e3o e possui um total de 15 mission\u00e1rias que s\u00e3o respons\u00e1veis pelas fam\u00edlias que recebem a imagem da Mae e Rainha.<\/p>\n","protected":false},"author":1,"featured_media":0,"parent":0,"menu_order":0,"comment_status":"closed","ping_status":"closed","template":"","meta":{"site-sidebar-layout":"default","site-content-layout":"","ast-site-content-layout":"default","site-content-style":"default","site-sidebar-style":"default","ast-global-header-display":"","ast-banner-title-visibility":"","ast-main-header-display":"","ast-hfb-above-header-display":"","ast-hfb-below-header-display":"","ast-hfb-mobile-header-display":"","site-post-title":"disabled","ast-breadcrumbs-content":"","ast-featured-img":"","footer-sml-layout":"","ast-disable-related-posts":"","theme-transparent-header-meta":"","adv-header-id-meta":"","stick-header-meta":"","header-above-stick-meta":"","header-main-stick-meta":"","header-below-stick-meta":"","astra-migrate-meta-layouts":"default","ast-page-background-enabled":"default","ast-page-background-meta":{"desktop":{"background-color":"var(--ast-global-color-5)","background-image":"","background-repeat":"repeat","background-position":"center center","background-size":"auto","background-attachment":"scroll","background-type":"","background-media":"","overlay-type":"","overlay-color":"","overlay-opacity":"","overlay-gradient":""},"tablet":{"background-color":"","background-image":"","background-repeat":"repeat","background-position":"center center","background-size":"auto","background-attachment":"scroll","background-type":"","background-media":"","overlay-type":"","overlay-color":"","overlay-opacity":"","overlay-gradient":""},"mobile":{"background-color":"","background-image":"","background-repeat":"repeat","background-position":"center center","background-size":"auto","background-attachment":"scroll","background-type":"","background-media":"","overlay-type":"","overlay-color":"","overlay-opacity":"","overlay-gradient":""}},"ast-content-background-meta":{"desktop":{"background-color":"var(--ast-global-color-4)","background-image":"","background-repeat":"repeat","background-position":"center center","background-size":"auto","background-attachment":"scroll","background-type":"","background-media":"","overlay-type":"","overlay-color":"","overlay-opacity":"","overlay-gradient":""},"tablet":{"background-color":"var(--ast-global-color-4)","background-image":"","background-repeat":"repeat","background-position":"center center","background-size":"auto","background-attachment":"scroll","background-type":"","background-media":"","overlay-type":"","overlay-color":"","overlay-opacity":"","overlay-gradient":""},"mobile":{"background-color":"var(--ast-global-color-4)","background-image":"","background-repeat":"repeat","background-position":"center center","background-size":"auto","background-attachment":"scroll","background-type":"","background-media":"","overlay-type":"","overlay-color":"","overlay-opacity":"","overlay-gradient":""}},"footnotes":""},"class_list":["post-1735","page","type-page","status-publish","hentry"],"_links":{"self":[{"href":"https:\/\/pscjslz.com.br\/index.php?rest_route=\/wp\/v2\/pages\/1735","targetHints":{"allow":["GET"]}}],"collection":[{"href":"https:\/\/pscjslz.com.br\/index.php?rest_route=\/wp\/v2\/pages"}],"about":[{"href":"https:\/\/pscjslz.com.br\/index.php?rest_route=\/wp\/v2\/types\/page"}],"author":[{"embeddable":true,"href":"https:\/\/pscjslz.com.br\/index.php?rest_route=\/wp\/v2\/users\/1"}],"replies":[{"embeddable":true,"href":"https:\/\/pscjslz.com.br\/index.php?rest_route=%2Fwp%2Fv2%2Fcomments&post=1735"}],"version-history":[{"count":7,"href":"https:\/\/pscjslz.com.br\/index.php?rest_route=\/wp\/v2\/pages\/1735\/revisions"}],"predecessor-version":[{"id":13591,"href":"https:\/\/pscjslz.com.br\/index.php?rest_route=\/wp\/v2\/pages\/1735\/revisions\/13591"}],"wp:attachment":[{"href":"https:\/\/pscjslz.com.br\/index.php?rest_route=%2Fwp%2Fv2%2Fmedia&parent=1735"}],"curies":[{"name":"wp","href":"https:\/\/api.w.org\/{rel}","templated":true}]}}