{"id":1732,"date":"2023-06-25T18:37:26","date_gmt":"2023-06-25T21:37:26","guid":{"rendered":"http:\/\/pscjslz.com.br\/?page_id=1732"},"modified":"2026-02-26T16:21:51","modified_gmt":"2026-02-26T19:21:51","slug":"apostalado-da-oracao","status":"publish","type":"page","link":"https:\/\/pscjslz.com.br\/?page_id=1732","title":{"rendered":"Sobre o Movimento Apostolado da Ora\u00e7\u00e3o"},"content":{"rendered":"\n<h1 class=\"wp-block-heading has-text-align-center\">Movimento Apostolado da Ora\u00e7\u00e3o<\/h1>\n\n\n\n<p>O Apostolado da Ora\u00e7\u00e3o nasceu em 03 de dezembro de 1844, numa casa de forma\u00e7\u00e3o de jovens jesu\u00edtas, em Vals, no sul de Fran\u00e7a. O padre Francisco Xavier Gautrelet, sacerdote jesu\u00edta, diretor espiritual destes jovens, prop\u00f4s-lhes um modo de ser ap\u00f3stolos e mission\u00e1rios na sua vida corrente, unindo-se a Cristo em tudo o que faziam durante o dia.<\/p>\n\n\n\n<p>O apostolado da ora\u00e7\u00e3o logo tomou enorme propor\u00e7\u00e3o alcan\u00e7ando&nbsp;v\u00e1rios pa\u00edses, tendo, em pouco tempo, a aprova\u00e7\u00e3o do papa Le\u00e3o XIII .<\/p>\n\n\n\n<div style=\"height:30px\" aria-hidden=\"true\" class=\"wp-block-spacer\"><\/div>\n\n\n\n<p class=\"has-white-color has-vivid-red-background-color has-text-color has-background\">O Apostolado da Ora\u00e7\u00e3o \u00e9 um movimento religioso composto por leigos cat\u00f3licos.&nbsp;A finalidade \u00e9 a santifica\u00e7\u00e3o pessoal e a evangeliza\u00e7\u00e3o das fam\u00edlias com especial devo\u00e7\u00e3o ao Sagrado Cora\u00e7\u00e3o de Jesus.<\/p>\n\n\n\n<div style=\"height:30px\" aria-hidden=\"true\" class=\"wp-block-spacer\"><\/div>\n\n\n\n<p>Chegou no Brasil no ano de 1867 pelo padre jesu\u00edta Bento Schembi&nbsp; que fundou em Recife&nbsp; o 1\u00b0 centro do AO em 1967,em Itu ,o padre Taddei fundou o centro do Apostolado da Ora\u00e7\u00e3o que se espalhou por todo o Brasil<\/p>\n\n\n\n<div style=\"height:30px\" aria-hidden=\"true\" class=\"wp-block-spacer\"><\/div>\n\n\n\n<p>Na Par\u00f3quia Sagrado Cora\u00e7\u00e3o de Jesus, o Apostolado da Ora\u00e7\u00e3o foi introduzido pela Sra. Mar\u00edlia,  zeladora da Igreja Menino Jesus de Praga,&nbsp; que fundou um centro com algumas irm\u00e3s da nossa par\u00f3quia em 07 de setembro de 1990.<\/p>\n\n\n\n<figure class=\"wp-block-image aligncenter size-large\"><img fetchpriority=\"high\" decoding=\"async\" width=\"1024\" height=\"768\" src=\"https:\/\/pscjslz.com.br\/wp-content\/uploads\/2023\/09\/002340d8-84f3-4c9d-bf8e-0ad1de60f65f-1024x768.jpeg\" alt=\"\" class=\"wp-image-2894\" srcset=\"https:\/\/pscjslz.com.br\/wp-content\/uploads\/2023\/09\/002340d8-84f3-4c9d-bf8e-0ad1de60f65f-1024x768.jpeg 1024w, https:\/\/pscjslz.com.br\/wp-content\/uploads\/2023\/09\/002340d8-84f3-4c9d-bf8e-0ad1de60f65f-300x225.jpeg 300w, https:\/\/pscjslz.com.br\/wp-content\/uploads\/2023\/09\/002340d8-84f3-4c9d-bf8e-0ad1de60f65f-768x576.jpeg 768w, https:\/\/pscjslz.com.br\/wp-content\/uploads\/2023\/09\/002340d8-84f3-4c9d-bf8e-0ad1de60f65f-1536x1152.jpeg 1536w, https:\/\/pscjslz.com.br\/wp-content\/uploads\/2023\/09\/002340d8-84f3-4c9d-bf8e-0ad1de60f65f.jpeg 1600w\" sizes=\"(max-width: 1024px) 100vw, 1024px\" \/><\/figure>\n\n\n\n<p>Atualmente, o Apostolado tem 51 zeladores, todos ativos.<\/p>\n\n\n\n<p>O objetivo do apostolado \u00e9 tornar a igreja mais mission\u00e1ria, atrav\u00e9s dos trabalhos de evangeliza\u00e7\u00e3o nas fam\u00edlias, hospitais, etc. Os seus&nbsp;zeladores devem ter como pr\u00e1tica di\u00e1ria o oferecimento do dia, como tamb\u00e9m, adora\u00e7\u00e3o ao Sant\u00edssimo e a participa\u00e7\u00e3o, se poss\u00edvel, di\u00e1ria na santa missa.<\/p>\n\n\n\n<p><\/p>\n","protected":false},"excerpt":{"rendered":"<p>Movimento Apostolado da Ora\u00e7\u00e3o O Apostolado da Ora\u00e7\u00e3o nasceu em 03 de dezembro de 1844, numa casa de forma\u00e7\u00e3o de jovens jesu\u00edtas, em Vals, no sul de Fran\u00e7a. O padre Francisco Xavier Gautrelet, sacerdote jesu\u00edta, diretor espiritual destes jovens, prop\u00f4s-lhes um modo de ser ap\u00f3stolos e mission\u00e1rios na sua vida corrente, unindo-se a Cristo em tudo o que faziam durante o dia. O apostolado da ora\u00e7\u00e3o logo tomou enorme propor\u00e7\u00e3o alcan\u00e7ando&nbsp;v\u00e1rios pa\u00edses, tendo, em pouco tempo, a aprova\u00e7\u00e3o do papa Le\u00e3o XIII . O Apostolado da Ora\u00e7\u00e3o \u00e9 um movimento religioso composto por leigos cat\u00f3licos.&nbsp;A finalidade \u00e9 a santifica\u00e7\u00e3o pessoal e a evangeliza\u00e7\u00e3o das fam\u00edlias com especial devo\u00e7\u00e3o ao Sagrado Cora\u00e7\u00e3o de Jesus. Chegou no Brasil no ano de 1867 pelo padre jesu\u00edta Bento Schembi&nbsp; que fundou em Recife&nbsp; o 1\u00b0 centro do AO em 1967,em Itu ,o padre Taddei fundou o centro do Apostolado da Ora\u00e7\u00e3o que se espalhou por todo o Brasil Na Par\u00f3quia Sagrado Cora\u00e7\u00e3o de Jesus, o Apostolado da Ora\u00e7\u00e3o foi introduzido pela Sra. Mar\u00edlia, zeladora da Igreja Menino Jesus de Praga,&nbsp; que fundou um centro com algumas irm\u00e3s da nossa par\u00f3quia em 07 de setembro de 1990. Atualmente, o Apostolado tem 51 zeladores, todos ativos. O objetivo do apostolado \u00e9 tornar a igreja mais mission\u00e1ria, atrav\u00e9s dos trabalhos de evangeliza\u00e7\u00e3o nas fam\u00edlias, hospitais, etc. Os seus&nbsp;zeladores devem ter como pr\u00e1tica di\u00e1ria o oferecimento do dia, como tamb\u00e9m, adora\u00e7\u00e3o ao Sant\u00edssimo e a participa\u00e7\u00e3o, se poss\u00edvel, di\u00e1ria na santa missa.<\/p>\n","protected":false},"author":1,"featured_media":0,"parent":0,"menu_order":0,"comment_status":"closed","ping_status":"closed","template":"","meta":{"site-sidebar-layout":"default","site-content-layout":"","ast-site-content-layout":"default","site-content-style":"default","site-sidebar-style":"default","ast-global-header-display":"","ast-banner-title-visibility":"","ast-main-header-display":"","ast-hfb-above-header-display":"","ast-hfb-below-header-display":"","ast-hfb-mobile-header-display":"","site-post-title":"disabled","ast-breadcrumbs-content":"","ast-featured-img":"","footer-sml-layout":"","ast-disable-related-posts":"","theme-transparent-header-meta":"","adv-header-id-meta":"","stick-header-meta":"","header-above-stick-meta":"","header-main-stick-meta":"","header-below-stick-meta":"","astra-migrate-meta-layouts":"default","ast-page-background-enabled":"default","ast-page-background-meta":{"desktop":{"background-color":"var(--ast-global-color-5)","background-image":"","background-repeat":"repeat","background-position":"center center","background-size":"auto","background-attachment":"scroll","background-type":"","background-media":"","overlay-type":"","overlay-color":"","overlay-opacity":"","overlay-gradient":""},"tablet":{"background-color":"","background-image":"","background-repeat":"repeat","background-position":"center center","background-size":"auto","background-attachment":"scroll","background-type":"","background-media":"","overlay-type":"","overlay-color":"","overlay-opacity":"","overlay-gradient":""},"mobile":{"background-color":"","background-image":"","background-repeat":"repeat","background-position":"center center","background-size":"auto","background-attachment":"scroll","background-type":"","background-media":"","overlay-type":"","overlay-color":"","overlay-opacity":"","overlay-gradient":""}},"ast-content-background-meta":{"desktop":{"background-color":"var(--ast-global-color-4)","background-image":"","background-repeat":"repeat","background-position":"center center","background-size":"auto","background-attachment":"scroll","background-type":"","background-media":"","overlay-type":"","overlay-color":"","overlay-opacity":"","overlay-gradient":""},"tablet":{"background-color":"var(--ast-global-color-4)","background-image":"","background-repeat":"repeat","background-position":"center center","background-size":"auto","background-attachment":"scroll","background-type":"","background-media":"","overlay-type":"","overlay-color":"","overlay-opacity":"","overlay-gradient":""},"mobile":{"background-color":"var(--ast-global-color-4)","background-image":"","background-repeat":"repeat","background-position":"center center","background-size":"auto","background-attachment":"scroll","background-type":"","background-media":"","overlay-type":"","overlay-color":"","overlay-opacity":"","overlay-gradient":""}},"footnotes":""},"class_list":["post-1732","page","type-page","status-publish","hentry"],"_links":{"self":[{"href":"https:\/\/pscjslz.com.br\/index.php?rest_route=\/wp\/v2\/pages\/1732","targetHints":{"allow":["GET"]}}],"collection":[{"href":"https:\/\/pscjslz.com.br\/index.php?rest_route=\/wp\/v2\/pages"}],"about":[{"href":"https:\/\/pscjslz.com.br\/index.php?rest_route=\/wp\/v2\/types\/page"}],"author":[{"embeddable":true,"href":"https:\/\/pscjslz.com.br\/index.php?rest_route=\/wp\/v2\/users\/1"}],"replies":[{"embeddable":true,"href":"https:\/\/pscjslz.com.br\/index.php?rest_route=%2Fwp%2Fv2%2Fcomments&post=1732"}],"version-history":[{"count":14,"href":"https:\/\/pscjslz.com.br\/index.php?rest_route=\/wp\/v2\/pages\/1732\/revisions"}],"predecessor-version":[{"id":13589,"href":"https:\/\/pscjslz.com.br\/index.php?rest_route=\/wp\/v2\/pages\/1732\/revisions\/13589"}],"wp:attachment":[{"href":"https:\/\/pscjslz.com.br\/index.php?rest_route=%2Fwp%2Fv2%2Fmedia&parent=1732"}],"curies":[{"name":"wp","href":"https:\/\/api.w.org\/{rel}","templated":true}]}}