{"id":1710,"date":"2023-06-25T18:31:54","date_gmt":"2023-06-25T21:31:54","guid":{"rendered":"http:\/\/pscjslz.com.br\/?page_id=1710"},"modified":"2026-02-26T15:35:29","modified_gmt":"2026-02-26T18:35:29","slug":"pastoral-da-pessoa-idosa","status":"publish","type":"page","link":"https:\/\/pscjslz.com.br\/?page_id=1710","title":{"rendered":"Sobre a Pastoral da Pessoa Idosa &#8211; PPI"},"content":{"rendered":"\n<p class=\"has-text-align-center has-ast-global-color-0-color has-text-color has-link-color has-large-font-size wp-elements-f3dc3ace346cdd761a030f00c2a1db6c\">Pastoral da Pessoa Idosa &#8211; PPI<\/p>\n\n\n\n<p>Fundada em 05 de novembro de 2004 por Dra. Zilda Arns, a Pastoral da Pessoa Idosa acompanha 170.000 (cento e setenta mil) pessoas idosas mensalmente, atrav\u00e9s de visitas domiciliares, de maneira sistematizada, por meio de 25.000 (vinte e cinco mil) L\u00edderes Volunt\u00e1rios em mais de 1.000 (mil) Munic\u00edpios em todo Brasil.<\/p>\n\n\n\n<div style=\"height:31px\" aria-hidden=\"true\" class=\"wp-block-spacer\"><\/div>\n\n\n\n<figure class=\"wp-block-image size-full\"><img fetchpriority=\"high\" decoding=\"async\" width=\"720\" height=\"450\" src=\"https:\/\/pscjslz.com.br\/wp-content\/uploads\/2023\/07\/75fc6d31-b9c6-41db-bd24-f39f4f084fa0-edited.jpeg\" alt=\"\" class=\"wp-image-2262\" srcset=\"https:\/\/pscjslz.com.br\/wp-content\/uploads\/2023\/07\/75fc6d31-b9c6-41db-bd24-f39f4f084fa0-edited.jpeg 720w, https:\/\/pscjslz.com.br\/wp-content\/uploads\/2023\/07\/75fc6d31-b9c6-41db-bd24-f39f4f084fa0-edited-300x188.jpeg 300w\" sizes=\"(max-width: 720px) 100vw, 720px\" \/><\/figure>\n\n\n\n<div style=\"height:31px\" aria-hidden=\"true\" class=\"wp-block-spacer\"><\/div>\n\n\n\n<p class=\"has-text-align-center has-white-color has-luminous-vivid-orange-background-color has-text-color has-background has-medium-font-size\"><strong>Na Par\u00f3quia do Sagrado Cora\u00e7\u00e3o de Jesus iniciou suas atividades de 14\/12\/2016, autorizada pelo Padre Ricardo Moreira. Atualmente conta com 31 l\u00edderes.<\/strong><\/p>\n\n\n\n<div style=\"height:31px\" aria-hidden=\"true\" class=\"wp-block-spacer\"><\/div>\n\n\n\n<p>A Pastoral da Pessoa Idosa faz o acompanhamento de pessoas idosas, em especial, as que tem algum grau de dificuldade de mobilidade, que impede sua presen\u00e7a na Par\u00f3quia.<\/p>\n\n\n\n<p>Al\u00e9m das visitas domiciliares (acompanhamento presencial ou, em especial ap\u00f3s a pandemia, por telefone), a PPI faz, sempre que poss\u00edvel, atividades f\u00edsicas, culturais, art\u00edsticas,&nbsp;carreatas, tudo em prol dos nossos idosos e da sua fam\u00edlia.<\/p>\n\n\n\n<p>Embora tenha sido cadastrado na Pastoral Nacional apenas a Igreja Matriz, atualmente, os agentes da PPI da Par\u00f3quia Sagrado Cora\u00e7\u00e3o de Jesus acompanham um total de 91 idosos que residem nas diferentes comunidades ligadas \u00e0 nossa Par\u00f3quia (Bequim\u00e3o,&nbsp; Maranh\u00e3o Novo, Ipase, Vila Padre Xavier e Rio Anil). <\/p>\n\n\n\n<p><strong>SERVI\u00c7O:<\/strong><\/p>\n\n\n\n<p><strong>Pastoral da Pessoa Idosa<\/strong> <br><strong>Reuni\u00f5es<\/strong>: Todo final do m\u00eas, sem data fixa, mas em local a definir pelos l\u00edderes.<br><strong>Hor\u00e1rio<\/strong>: **<br><strong>Coordenador(a)<\/strong>: Jorge Ribeiro: 9898823-0001 \/ Vice: Francisca Maria: 989826-9856<\/p>\n\n\n\n<p><\/p>\n","protected":false},"excerpt":{"rendered":"<p>Pastoral da Pessoa Idosa &#8211; PPI Fundada em 05 de novembro de 2004 por Dra. Zilda Arns, a Pastoral da Pessoa Idosa acompanha 170.000 (cento e setenta mil) pessoas idosas mensalmente, atrav\u00e9s de visitas domiciliares, de maneira sistematizada, por meio de 25.000 (vinte e cinco mil) L\u00edderes Volunt\u00e1rios em mais de 1.000 (mil) Munic\u00edpios em todo Brasil. Na Par\u00f3quia do Sagrado Cora\u00e7\u00e3o de Jesus iniciou suas atividades de 14\/12\/2016, autorizada pelo Padre Ricardo Moreira. Atualmente conta com 31 l\u00edderes. A Pastoral da Pessoa Idosa faz o acompanhamento de pessoas idosas, em especial, as que tem algum grau de dificuldade de mobilidade, que impede sua presen\u00e7a na Par\u00f3quia. Al\u00e9m das visitas domiciliares (acompanhamento presencial ou, em especial ap\u00f3s a pandemia, por telefone), a PPI faz, sempre que poss\u00edvel, atividades f\u00edsicas, culturais, art\u00edsticas,&nbsp;carreatas, tudo em prol dos nossos idosos e da sua fam\u00edlia. Embora tenha sido cadastrado na Pastoral Nacional apenas a Igreja Matriz, atualmente, os agentes da PPI da Par\u00f3quia Sagrado Cora\u00e7\u00e3o de Jesus acompanham um total de 91 idosos que residem nas diferentes comunidades ligadas \u00e0 nossa Par\u00f3quia (Bequim\u00e3o,&nbsp; Maranh\u00e3o Novo, Ipase, Vila Padre Xavier e Rio Anil). SERVI\u00c7O: Pastoral da Pessoa Idosa Reuni\u00f5es: Todo final do m\u00eas, sem data fixa, mas em local a definir pelos l\u00edderes.Hor\u00e1rio: **Coordenador(a): Jorge Ribeiro: 9898823-0001 \/ Vice: Francisca Maria: 989826-9856<\/p>\n","protected":false},"author":1,"featured_media":0,"parent":0,"menu_order":0,"comment_status":"closed","ping_status":"closed","template":"","meta":{"site-sidebar-layout":"default","site-content-layout":"","ast-site-content-layout":"default","site-content-style":"default","site-sidebar-style":"default","ast-global-header-display":"","ast-banner-title-visibility":"","ast-main-header-display":"","ast-hfb-above-header-display":"","ast-hfb-below-header-display":"","ast-hfb-mobile-header-display":"","site-post-title":"disabled","ast-breadcrumbs-content":"","ast-featured-img":"","footer-sml-layout":"","ast-disable-related-posts":"","theme-transparent-header-meta":"","adv-header-id-meta":"","stick-header-meta":"","header-above-stick-meta":"","header-main-stick-meta":"","header-below-stick-meta":"","astra-migrate-meta-layouts":"default","ast-page-background-enabled":"default","ast-page-background-meta":{"desktop":{"background-color":"var(--ast-global-color-5)","background-image":"","background-repeat":"repeat","background-position":"center center","background-size":"auto","background-attachment":"scroll","background-type":"","background-media":"","overlay-type":"","overlay-color":"","overlay-opacity":"","overlay-gradient":""},"tablet":{"background-color":"","background-image":"","background-repeat":"repeat","background-position":"center center","background-size":"auto","background-attachment":"scroll","background-type":"","background-media":"","overlay-type":"","overlay-color":"","overlay-opacity":"","overlay-gradient":""},"mobile":{"background-color":"","background-image":"","background-repeat":"repeat","background-position":"center center","background-size":"auto","background-attachment":"scroll","background-type":"","background-media":"","overlay-type":"","overlay-color":"","overlay-opacity":"","overlay-gradient":""}},"ast-content-background-meta":{"desktop":{"background-color":"var(--ast-global-color-4)","background-image":"","background-repeat":"repeat","background-position":"center center","background-size":"auto","background-attachment":"scroll","background-type":"","background-media":"","overlay-type":"","overlay-color":"","overlay-opacity":"","overlay-gradient":""},"tablet":{"background-color":"var(--ast-global-color-4)","background-image":"","background-repeat":"repeat","background-position":"center center","background-size":"auto","background-attachment":"scroll","background-type":"","background-media":"","overlay-type":"","overlay-color":"","overlay-opacity":"","overlay-gradient":""},"mobile":{"background-color":"var(--ast-global-color-4)","background-image":"","background-repeat":"repeat","background-position":"center center","background-size":"auto","background-attachment":"scroll","background-type":"","background-media":"","overlay-type":"","overlay-color":"","overlay-opacity":"","overlay-gradient":""}},"footnotes":""},"class_list":["post-1710","page","type-page","status-publish","hentry"],"_links":{"self":[{"href":"https:\/\/pscjslz.com.br\/index.php?rest_route=\/wp\/v2\/pages\/1710","targetHints":{"allow":["GET"]}}],"collection":[{"href":"https:\/\/pscjslz.com.br\/index.php?rest_route=\/wp\/v2\/pages"}],"about":[{"href":"https:\/\/pscjslz.com.br\/index.php?rest_route=\/wp\/v2\/types\/page"}],"author":[{"embeddable":true,"href":"https:\/\/pscjslz.com.br\/index.php?rest_route=\/wp\/v2\/users\/1"}],"replies":[{"embeddable":true,"href":"https:\/\/pscjslz.com.br\/index.php?rest_route=%2Fwp%2Fv2%2Fcomments&post=1710"}],"version-history":[{"count":6,"href":"https:\/\/pscjslz.com.br\/index.php?rest_route=\/wp\/v2\/pages\/1710\/revisions"}],"predecessor-version":[{"id":13512,"href":"https:\/\/pscjslz.com.br\/index.php?rest_route=\/wp\/v2\/pages\/1710\/revisions\/13512"}],"wp:attachment":[{"href":"https:\/\/pscjslz.com.br\/index.php?rest_route=%2Fwp%2Fv2%2Fmedia&parent=1710"}],"curies":[{"name":"wp","href":"https:\/\/api.w.org\/{rel}","templated":true}]}}