{"id":1706,"date":"2023-06-25T18:29:43","date_gmt":"2023-06-25T21:29:43","guid":{"rendered":"http:\/\/pscjslz.com.br\/?page_id=1706"},"modified":"2026-02-26T15:44:07","modified_gmt":"2026-02-26T18:44:07","slug":"pastoral-liturgica","status":"publish","type":"page","link":"https:\/\/pscjslz.com.br\/?page_id=1706","title":{"rendered":"Sobre a Pastoral Lit\u00fargica"},"content":{"rendered":"\n<p class=\"has-text-align-center has-ast-global-color-0-color has-text-color has-link-color has-large-font-size wp-elements-2e76454997383f769b148b379f561388\">Pastoral Lit\u00fargica<\/p>\n\n\n\n<p>Pastoral Lit\u00fargica&nbsp;\u00e9 o servi\u00e7o de anima\u00e7\u00e3o da vida lit\u00fargica, visando \u00e0 participa\u00e7\u00e3o ativa, consciente e plena da comunidade, para a obten\u00e7\u00e3o dos melhores frutos espirituais. A liturgia bem celebrada leva as pessoas \u00e0 plena viv\u00eancia do Mist\u00e9rio Pascal de Cristo. <\/p>\n\n\n\n<figure class=\"wp-block-image aligncenter size-large is-resized is-style-default\"><img fetchpriority=\"high\" decoding=\"async\" width=\"1024\" height=\"768\" src=\"https:\/\/pscjslz.com.br\/wp-content\/uploads\/2023\/07\/image-1-1024x768.png\" alt=\"\" class=\"wp-image-2255\" style=\"width:502px;height:377px\" srcset=\"https:\/\/pscjslz.com.br\/wp-content\/uploads\/2023\/07\/image-1-1024x768.png 1024w, https:\/\/pscjslz.com.br\/wp-content\/uploads\/2023\/07\/image-1-300x225.png 300w, https:\/\/pscjslz.com.br\/wp-content\/uploads\/2023\/07\/image-1-768x576.png 768w, https:\/\/pscjslz.com.br\/wp-content\/uploads\/2023\/07\/image-1-1536x1152.png 1536w, https:\/\/pscjslz.com.br\/wp-content\/uploads\/2023\/07\/image-1.png 1600w\" sizes=\"(max-width: 1024px) 100vw, 1024px\" \/><\/figure>\n\n\n\n<p>A Pastoral Lit\u00fargica visa promover a dimens\u00e3o lit\u00fargico-celebrativa, fonte e cume da a\u00e7\u00e3o evangelizadora e pastoral da par\u00f3quia, tendo em vista a participa\u00e7\u00e3o consciente e ativa dos Fi\u00e9is, por meio de express\u00f5es simb\u00f3licas, adaptadas a cultura e \u00e0 compreens\u00e3o do povo.<\/p>\n\n\n\n<div style=\"height:30px\" aria-hidden=\"true\" class=\"wp-block-spacer\"><\/div>\n\n\n\n<p class=\"has-text-align-center has-white-color has-light-green-cyan-background-color has-text-color has-background has-medium-font-size\"><strong>A liturgia \u00e9 a a\u00e7\u00e3o de Cristo na Igreja e atrav\u00e9s desta anuncia sua identidade sua miss\u00e3o e sua finalidade com a compila\u00e7\u00e3o de ritos e cerimonias relativas aos of\u00edcios das Igrejas Crist\u00e3s.<\/strong><\/p>\n\n\n\n<p>A&nbsp; equipe ela \u00e9 respons\u00e1vel:<\/p>\n\n\n\n<ul class=\"wp-block-list\">\n<li>por preparar as celebra\u00e7\u00f5es mensais, inclusive nos tempos fortes (Advento, Natal, Quaresma , Festejo);<\/li>\n\n\n\n<li>pelos os paramentos lit\u00fargicos;<\/li>\n\n\n\n<li>pela equipe celebrativa;<\/li>\n\n\n\n<li>pela divis\u00e3o das missas dominicais entre as Pastorais, Movimentos e Comunidades;<\/li>\n\n\n\n<li>por ajudar a Pastoral do Batismo, ou outras pastorais, quando requisitado;<\/li>\n\n\n\n<li>por ornamentar a Igreja;<\/li>\n\n\n\n<li>pelas viv\u00eancias que antecedem as celebra\u00e7\u00f5es dominicais;<\/li>\n\n\n\n<li>por observar como est\u00e3o sendo desenvolvidas as celebra\u00e7\u00f5es, a proclama\u00e7\u00e3o da palavra, administrando para que tudo saia da melhor forma poss\u00edvel.<\/li>\n<\/ul>\n\n\n\n<p>As reuni\u00f5es da Pastoral Lit\u00fargica acontecem na Igreja Matriz, sempre \u00e0s segundas-feiras. E nas ter\u00e7as-feiras, acontecem, tamb\u00e9m na igreja matriz forma\u00e7\u00f5es lit\u00fargicas para toda a comunidade.<\/p>\n\n\n\n<p><strong>SERVI\u00c7O<\/strong>:<\/p>\n\n\n\n<p><strong>Pastoral Lit\u00fargica<\/strong><br><strong>Reuni\u00f5es<\/strong>: Segunda-feira<br><strong>Hor\u00e1rio<\/strong>: 19h00<br><strong>Coordenador(a): <\/strong>Nasar\u00e9 Maluf\/99-9657561 VICE: Selma\/98-98167-8741<\/p>\n","protected":false},"excerpt":{"rendered":"<p>Pastoral Lit\u00fargica Pastoral Lit\u00fargica&nbsp;\u00e9 o servi\u00e7o de anima\u00e7\u00e3o da vida lit\u00fargica, visando \u00e0 participa\u00e7\u00e3o ativa, consciente e plena da comunidade, para a obten\u00e7\u00e3o dos melhores frutos espirituais. A liturgia bem celebrada leva as pessoas \u00e0 plena viv\u00eancia do Mist\u00e9rio Pascal de Cristo. A Pastoral Lit\u00fargica visa promover a dimens\u00e3o lit\u00fargico-celebrativa, fonte e cume da a\u00e7\u00e3o evangelizadora e pastoral da par\u00f3quia, tendo em vista a participa\u00e7\u00e3o consciente e ativa dos Fi\u00e9is, por meio de express\u00f5es simb\u00f3licas, adaptadas a cultura e \u00e0 compreens\u00e3o do povo. A liturgia \u00e9 a a\u00e7\u00e3o de Cristo na Igreja e atrav\u00e9s desta anuncia sua identidade sua miss\u00e3o e sua finalidade com a compila\u00e7\u00e3o de ritos e cerimonias relativas aos of\u00edcios das Igrejas Crist\u00e3s. A&nbsp; equipe ela \u00e9 respons\u00e1vel: As reuni\u00f5es da Pastoral Lit\u00fargica acontecem na Igreja Matriz, sempre \u00e0s segundas-feiras. E nas ter\u00e7as-feiras, acontecem, tamb\u00e9m na igreja matriz forma\u00e7\u00f5es lit\u00fargicas para toda a comunidade. SERVI\u00c7O: Pastoral Lit\u00fargicaReuni\u00f5es: Segunda-feiraHor\u00e1rio: 19h00Coordenador(a): Nasar\u00e9 Maluf\/99-9657561 VICE: Selma\/98-98167-8741<\/p>\n","protected":false},"author":1,"featured_media":0,"parent":0,"menu_order":0,"comment_status":"closed","ping_status":"closed","template":"","meta":{"site-sidebar-layout":"default","site-content-layout":"","ast-site-content-layout":"default","site-content-style":"default","site-sidebar-style":"default","ast-global-header-display":"","ast-banner-title-visibility":"","ast-main-header-display":"","ast-hfb-above-header-display":"","ast-hfb-below-header-display":"","ast-hfb-mobile-header-display":"","site-post-title":"disabled","ast-breadcrumbs-content":"","ast-featured-img":"","footer-sml-layout":"","ast-disable-related-posts":"","theme-transparent-header-meta":"","adv-header-id-meta":"","stick-header-meta":"","header-above-stick-meta":"","header-main-stick-meta":"","header-below-stick-meta":"","astra-migrate-meta-layouts":"default","ast-page-background-enabled":"default","ast-page-background-meta":{"desktop":{"background-color":"var(--ast-global-color-5)","background-image":"","background-repeat":"repeat","background-position":"center center","background-size":"auto","background-attachment":"scroll","background-type":"","background-media":"","overlay-type":"","overlay-color":"","overlay-opacity":"","overlay-gradient":""},"tablet":{"background-color":"","background-image":"","background-repeat":"repeat","background-position":"center center","background-size":"auto","background-attachment":"scroll","background-type":"","background-media":"","overlay-type":"","overlay-color":"","overlay-opacity":"","overlay-gradient":""},"mobile":{"background-color":"","background-image":"","background-repeat":"repeat","background-position":"center center","background-size":"auto","background-attachment":"scroll","background-type":"","background-media":"","overlay-type":"","overlay-color":"","overlay-opacity":"","overlay-gradient":""}},"ast-content-background-meta":{"desktop":{"background-color":"var(--ast-global-color-4)","background-image":"","background-repeat":"repeat","background-position":"center center","background-size":"auto","background-attachment":"scroll","background-type":"","background-media":"","overlay-type":"","overlay-color":"","overlay-opacity":"","overlay-gradient":""},"tablet":{"background-color":"var(--ast-global-color-4)","background-image":"","background-repeat":"repeat","background-position":"center center","background-size":"auto","background-attachment":"scroll","background-type":"","background-media":"","overlay-type":"","overlay-color":"","overlay-opacity":"","overlay-gradient":""},"mobile":{"background-color":"var(--ast-global-color-4)","background-image":"","background-repeat":"repeat","background-position":"center center","background-size":"auto","background-attachment":"scroll","background-type":"","background-media":"","overlay-type":"","overlay-color":"","overlay-opacity":"","overlay-gradient":""}},"footnotes":""},"class_list":["post-1706","page","type-page","status-publish","hentry"],"_links":{"self":[{"href":"https:\/\/pscjslz.com.br\/index.php?rest_route=\/wp\/v2\/pages\/1706","targetHints":{"allow":["GET"]}}],"collection":[{"href":"https:\/\/pscjslz.com.br\/index.php?rest_route=\/wp\/v2\/pages"}],"about":[{"href":"https:\/\/pscjslz.com.br\/index.php?rest_route=\/wp\/v2\/types\/page"}],"author":[{"embeddable":true,"href":"https:\/\/pscjslz.com.br\/index.php?rest_route=\/wp\/v2\/users\/1"}],"replies":[{"embeddable":true,"href":"https:\/\/pscjslz.com.br\/index.php?rest_route=%2Fwp%2Fv2%2Fcomments&post=1706"}],"version-history":[{"count":7,"href":"https:\/\/pscjslz.com.br\/index.php?rest_route=\/wp\/v2\/pages\/1706\/revisions"}],"predecessor-version":[{"id":13514,"href":"https:\/\/pscjslz.com.br\/index.php?rest_route=\/wp\/v2\/pages\/1706\/revisions\/13514"}],"wp:attachment":[{"href":"https:\/\/pscjslz.com.br\/index.php?rest_route=%2Fwp%2Fv2%2Fmedia&parent=1706"}],"curies":[{"name":"wp","href":"https:\/\/api.w.org\/{rel}","templated":true}]}}