{"id":12766,"date":"2026-02-23T21:49:40","date_gmt":"2026-02-24T00:49:40","guid":{"rendered":"https:\/\/pscjslz.com.br\/?page_id=12766"},"modified":"2026-03-19T15:03:14","modified_gmt":"2026-03-19T18:03:14","slug":"inicio","status":"publish","type":"page","link":"https:\/\/pscjslz.com.br\/","title":{"rendered":"In\u00edcio"},"content":{"rendered":"\t\t<div data-elementor-type=\"wp-page\" data-elementor-id=\"12766\" class=\"elementor elementor-12766\">\n\t\t\t\t\t\t<section class=\"elementor-section elementor-top-section elementor-element elementor-element-6a1fe5b elementor-section-boxed elementor-section-height-default elementor-section-height-default wpr-particle-no wpr-jarallax-no wpr-parallax-no wpr-sticky-section-no\" data-id=\"6a1fe5b\" data-element_type=\"section\" data-e-type=\"section\">\n\t\t\t\t\t\t<div class=\"elementor-container elementor-column-gap-default\">\n\t\t\t\t\t<div class=\"elementor-column elementor-col-100 elementor-top-column elementor-element elementor-element-084d07c\" data-id=\"084d07c\" data-element_type=\"column\" data-e-type=\"column\">\n\t\t\t<div class=\"elementor-widget-wrap elementor-element-populated\">\n\t\t\t\t\t\t<div class=\"elementor-element elementor-element-3d8ee11 elementor-widget elementor-widget-html\" data-id=\"3d8ee11\" data-element_type=\"widget\" data-e-type=\"widget\" data-widget_type=\"html.default\">\n\t\t\t\t<div class=\"elementor-widget-container\">\n\t\t\t\t\t<script>\r\n\t'use strict';\r\n\tdocument.addEventListener('DOMContentLoaded', function () {\r\n\t\t\/\/ Seleciona todos os elementos com a classe \"swiper-slide\"\r\n\t\tconst slides = document.querySelectorAll('.swiper-slide');\r\n\t\t\/\/ Lista de links correspondentes a cada slide de imagem\r\n\t\tconst links = [\r\n\t\t\t'https:\/\/pscjslz.com.br\/?p=2744',\r\n\t\t];\r\n\t\t\/\/ Adiciona evento de clique a cada slide\r\n\t\tslides.forEach((slide, index) => {\r\n\t\t\tslide.addEventListener('click', () => {\r\n\t\t\t\t\/\/ Abre o link correspondente ao slide em uma nova aba do navegador, para abrir em uma nova aba altere o \"window.location.href = links[index];\" para \"window.open(links[index]);\"\r\n\t\t\t\twindow.location.href = links[index];\r\n\t\t\t});\r\n\t\t});\r\n\t});\r\n<\/script>\r\n\r\n<style>\r\n\t.swiper-slide {\r\n\t\tcursor: pointer;\r\n\t}\r\n<\/style>\t\t\t\t<\/div>\n\t\t\t\t<\/div>\n\t\t\t\t<div class=\"elementor-element elementor-element-bd9176c elementor-pagination-position-outside elementor-widget elementor-widget-image-carousel\" data-id=\"bd9176c\" data-element_type=\"widget\" data-e-type=\"widget\" data-settings=\"{&quot;slides_to_show&quot;:&quot;1&quot;,&quot;navigation&quot;:&quot;dots&quot;,&quot;autoplay_speed&quot;:3000,&quot;autoplay&quot;:&quot;yes&quot;,&quot;pause_on_hover&quot;:&quot;yes&quot;,&quot;pause_on_interaction&quot;:&quot;yes&quot;,&quot;infinite&quot;:&quot;yes&quot;,&quot;effect&quot;:&quot;slide&quot;,&quot;speed&quot;:500}\" data-widget_type=\"image-carousel.default\">\n\t\t\t\t<div class=\"elementor-widget-container\">\n\t\t\t\t\t\t\t<div class=\"elementor-image-carousel-wrapper swiper\" role=\"region\" aria-roledescription=\"carousel\" aria-label=\"Carrossel de imagens\" dir=\"ltr\">\n\t\t\t<div class=\"elementor-image-carousel swiper-wrapper swiper-image-stretch\" aria-live=\"off\">\n\t\t\t\t\t\t\t\t<div class=\"swiper-slide\" role=\"group\" aria-roledescription=\"slide\" aria-label=\"1 de 1\"><figure class=\"swiper-slide-inner\"><img decoding=\"async\" class=\"swiper-slide-image\" src=\"https:\/\/pscjslz.com.br\/wp-content\/uploads\/2024\/12\/VI-RETIRO-ESPIRITUAL-SCJ-960-x-240-px-1600-x-650-px-1024x416.png\" alt=\"Centro de Acolhimento\" \/><\/figure><\/div>\t\t\t<\/div>\n\t\t\t\t\t<\/div>\n\t\t\t\t\t\t<\/div>\n\t\t\t\t<\/div>\n\t\t\t\t\t<\/div>\n\t\t<\/div>\n\t\t\t\t\t<\/div>\n\t\t<\/section>\n\t\t\t\t<section class=\"elementor-section elementor-top-section elementor-element elementor-element-e25328a elementor-section-boxed elementor-section-height-default elementor-section-height-default wpr-particle-no wpr-jarallax-no wpr-parallax-no wpr-sticky-section-no\" data-id=\"e25328a\" data-element_type=\"section\" data-e-type=\"section\">\n\t\t\t\t\t\t<div class=\"elementor-container elementor-column-gap-default\">\n\t\t\t\t\t<div class=\"elementor-column elementor-col-100 elementor-top-column elementor-element elementor-element-2fe1acb\" data-id=\"2fe1acb\" data-element_type=\"column\" data-e-type=\"column\">\n\t\t\t<div class=\"elementor-widget-wrap elementor-element-populated\">\n\t\t\t\t\t\t<div class=\"elementor-element elementor-element-955bfb2 elementor-widget elementor-widget-heading\" data-id=\"955bfb2\" data-element_type=\"widget\" data-e-type=\"widget\" data-widget_type=\"heading.default\">\n\t\t\t\t<div class=\"elementor-widget-container\">\n\t\t\t\t\t<h2 class=\"elementor-heading-title elementor-size-default\">Avisos<\/h2>\t\t\t\t<\/div>\n\t\t\t\t<\/div>\n\t\t\t\t\t<\/div>\n\t\t<\/div>\n\t\t\t\t\t<\/div>\n\t\t<\/section>\n\t\t\t\t<section class=\"elementor-section elementor-top-section elementor-element elementor-element-e14f7b9 elementor-section-boxed elementor-section-height-default elementor-section-height-default wpr-particle-no wpr-jarallax-no wpr-parallax-no wpr-sticky-section-no\" data-id=\"e14f7b9\" data-element_type=\"section\" data-e-type=\"section\">\n\t\t\t\t\t\t<div class=\"elementor-container elementor-column-gap-default\">\n\t\t\t\t\t<div class=\"elementor-column elementor-col-25 elementor-top-column elementor-element elementor-element-d12c4e1\" data-id=\"d12c4e1\" data-element_type=\"column\" data-e-type=\"column\" data-settings=\"{&quot;background_background&quot;:&quot;classic&quot;}\">\n\t\t\t<div class=\"elementor-widget-wrap elementor-element-populated\">\n\t\t\t\t\t\t<div class=\"elementor-element elementor-element-668efa0 elementor-widget elementor-widget-image\" data-id=\"668efa0\" data-element_type=\"widget\" data-e-type=\"widget\" data-widget_type=\"image.default\">\n\t\t\t\t<div class=\"elementor-widget-container\">\n\t\t\t\t\t\t\t\t\t\t\t\t\t\t\t\t<a href=\"https:\/\/pscjslz.com.br\/?p=12950\">\n\t\t\t\t\t\t\t<img fetchpriority=\"high\" decoding=\"async\" width=\"819\" height=\"1024\" src=\"https:\/\/pscjslz.com.br\/wp-content\/uploads\/2026\/03\/Vagas-esgotadas-Inscricoes-encerradas-XV-Retiro-Espiritual-SCJ-819x1024.jpg\" class=\"attachment-large size-large wp-image-13926\" alt=\"\" srcset=\"https:\/\/pscjslz.com.br\/wp-content\/uploads\/2026\/03\/Vagas-esgotadas-Inscricoes-encerradas-XV-Retiro-Espiritual-SCJ-819x1024.jpg 819w, https:\/\/pscjslz.com.br\/wp-content\/uploads\/2026\/03\/Vagas-esgotadas-Inscricoes-encerradas-XV-Retiro-Espiritual-SCJ-240x300.jpg 240w, https:\/\/pscjslz.com.br\/wp-content\/uploads\/2026\/03\/Vagas-esgotadas-Inscricoes-encerradas-XV-Retiro-Espiritual-SCJ-768x960.jpg 768w, https:\/\/pscjslz.com.br\/wp-content\/uploads\/2026\/03\/Vagas-esgotadas-Inscricoes-encerradas-XV-Retiro-Espiritual-SCJ.jpg 1080w\" sizes=\"(max-width: 819px) 100vw, 819px\" \/>\t\t\t\t\t\t\t\t<\/a>\n\t\t\t\t\t\t\t\t\t\t\t\t\t\t\t<\/div>\n\t\t\t\t<\/div>\n\t\t\t\t<div class=\"elementor-element elementor-element-6d5af04 elementor-widget elementor-widget-text-editor\" data-id=\"6d5af04\" data-element_type=\"widget\" data-e-type=\"widget\" data-widget_type=\"text-editor.default\">\n\t\t\t\t<div class=\"elementor-widget-container\">\n\t\t\t\t\t\t\t\t\t<p><a href=\"https:\/\/pscjslz.com.br\/?p=13930\"><span style=\"color: #ff0000;\">Vagas esgotadas &#8211;<\/span> <span style=\"color: #ff0000;\">Inscri\u00e7\u00f5es encerradas para o XV Retiro Espiritual com o tema: <em><mark class=\"has-inline-color has-ast-global-color-0-color\">\u201cEle veio morar entre n\u00f3s\u201d (Jo 1,14)<\/mark><\/em><\/span><\/a><\/p>\t\t\t\t\t\t\t\t<\/div>\n\t\t\t\t<\/div>\n\t\t\t\t\t<\/div>\n\t\t<\/div>\n\t\t\t\t<div class=\"elementor-column elementor-col-25 elementor-top-column elementor-element elementor-element-7eaec7d\" data-id=\"7eaec7d\" data-element_type=\"column\" data-e-type=\"column\">\n\t\t\t<div class=\"elementor-widget-wrap\">\n\t\t\t\t\t\t\t<\/div>\n\t\t<\/div>\n\t\t\t\t<div class=\"elementor-column elementor-col-25 elementor-top-column elementor-element elementor-element-518fcd9\" data-id=\"518fcd9\" data-element_type=\"column\" data-e-type=\"column\">\n\t\t\t<div class=\"elementor-widget-wrap\">\n\t\t\t\t\t\t\t<\/div>\n\t\t<\/div>\n\t\t\t\t<div class=\"elementor-column elementor-col-25 elementor-top-column elementor-element elementor-element-54909a7\" data-id=\"54909a7\" data-element_type=\"column\" data-e-type=\"column\">\n\t\t\t<div class=\"elementor-widget-wrap\">\n\t\t\t\t\t\t\t<\/div>\n\t\t<\/div>\n\t\t\t\t\t<\/div>\n\t\t<\/section>\n\t\t\t\t<section class=\"elementor-section elementor-top-section elementor-element elementor-element-7ed8706 elementor-section-boxed elementor-section-height-default elementor-section-height-default wpr-particle-no wpr-jarallax-no wpr-parallax-no wpr-sticky-section-no\" data-id=\"7ed8706\" data-element_type=\"section\" data-e-type=\"section\">\n\t\t\t\t\t\t<div class=\"elementor-container elementor-column-gap-default\">\n\t\t\t\t\t<div class=\"elementor-column elementor-col-100 elementor-top-column elementor-element elementor-element-23710c3\" data-id=\"23710c3\" data-element_type=\"column\" data-e-type=\"column\">\n\t\t\t<div class=\"elementor-widget-wrap elementor-element-populated\">\n\t\t\t\t\t\t<div class=\"elementor-element elementor-element-3950655 elementor-widget elementor-widget-spacer\" data-id=\"3950655\" data-element_type=\"widget\" data-e-type=\"widget\" data-widget_type=\"spacer.default\">\n\t\t\t\t<div class=\"elementor-widget-container\">\n\t\t\t\t\t\t\t<div class=\"elementor-spacer\">\n\t\t\t<div class=\"elementor-spacer-inner\"><\/div>\n\t\t<\/div>\n\t\t\t\t\t\t<\/div>\n\t\t\t\t<\/div>\n\t\t\t\t\t<\/div>\n\t\t<\/div>\n\t\t\t\t\t<\/div>\n\t\t<\/section>\n\t\t\t\t<section class=\"elementor-section elementor-top-section elementor-element elementor-element-315f470 elementor-section-boxed elementor-section-height-default elementor-section-height-default wpr-particle-no wpr-jarallax-no wpr-parallax-no wpr-sticky-section-no\" data-id=\"315f470\" data-element_type=\"section\" data-e-type=\"section\">\n\t\t\t\t\t\t<div class=\"elementor-container elementor-column-gap-default\">\n\t\t\t\t\t<div class=\"elementor-column elementor-col-50 elementor-top-column elementor-element elementor-element-dfa552a\" data-id=\"dfa552a\" data-element_type=\"column\" data-e-type=\"column\">\n\t\t\t<div class=\"elementor-widget-wrap elementor-element-populated\">\n\t\t\t\t\t\t<div class=\"elementor-element elementor-element-535a9f9 elementor-widget elementor-widget-heading\" data-id=\"535a9f9\" data-element_type=\"widget\" data-e-type=\"widget\" data-widget_type=\"heading.default\">\n\t\t\t\t<div class=\"elementor-widget-container\">\n\t\t\t\t\t<h2 class=\"elementor-heading-title elementor-size-default\">Hor\u00e1rios de Missas<\/h2>\t\t\t\t<\/div>\n\t\t\t\t<\/div>\n\t\t\t\t<div class=\"elementor-element elementor-element-27f3f24 elementor-widget elementor-widget-text-editor\" data-id=\"27f3f24\" data-element_type=\"widget\" data-e-type=\"widget\" data-widget_type=\"text-editor.default\">\n\t\t\t\t<div class=\"elementor-widget-container\">\n\t\t\t\t\t\t\t\t\t<p>Sexta-feira &#8211; 18h<\/p><p>S\u00e1bado &#8211; 19h<\/p><p>Domingo &#8211; 7h, 9h, 17h, 19h<\/p><p>Toda 4\u00aa quinta-feira do m\u00eas &#8211; Celebra\u00e7\u00f5es Mission\u00e1rias &#8211; CEM&#8217;S ruas e resid\u00eancias &#8211; 19h30<\/p>\t\t\t\t\t\t\t\t<\/div>\n\t\t\t\t<\/div>\n\t\t\t\t\t<\/div>\n\t\t<\/div>\n\t\t\t\t<div class=\"elementor-column elementor-col-50 elementor-top-column elementor-element elementor-element-e916e96\" data-id=\"e916e96\" data-element_type=\"column\" data-e-type=\"column\">\n\t\t\t<div class=\"elementor-widget-wrap elementor-element-populated\">\n\t\t\t\t\t\t<div class=\"elementor-element elementor-element-5f08316 elementor-widget elementor-widget-heading\" data-id=\"5f08316\" data-element_type=\"widget\" data-e-type=\"widget\" data-widget_type=\"heading.default\">\n\t\t\t\t<div class=\"elementor-widget-container\">\n\t\t\t\t\t<h2 class=\"elementor-heading-title elementor-size-default\">Hor\u00e1rios da Secretaria<\/h2>\t\t\t\t<\/div>\n\t\t\t\t<\/div>\n\t\t\t\t<div class=\"elementor-element elementor-element-d0d734b elementor-widget elementor-widget-text-editor\" data-id=\"d0d734b\" data-element_type=\"widget\" data-e-type=\"widget\" data-widget_type=\"text-editor.default\">\n\t\t\t\t<div class=\"elementor-widget-container\">\n\t\t\t\t\t\t\t\t\t<p>Ter\u00e7a a Sexta &#8211; 8h \u00e0s 11h30 | 14h \u00e0s 17h30<\/p><p>S\u00e1bado &#8211; 8h \u00e0s 11h30 | 15h30 \u00e0s 20h<\/p><p>Domingo &#8211; 6h30 \u00e0s 10h30 | 16h30 \u00e0s 20h30<\/p>\t\t\t\t\t\t\t\t<\/div>\n\t\t\t\t<\/div>\n\t\t\t\t\t<\/div>\n\t\t<\/div>\n\t\t\t\t\t<\/div>\n\t\t<\/section>\n\t\t\t\t<section class=\"elementor-section elementor-top-section elementor-element elementor-element-5800bfe elementor-section-boxed elementor-section-height-default elementor-section-height-default wpr-particle-no wpr-jarallax-no wpr-parallax-no wpr-sticky-section-no\" data-id=\"5800bfe\" data-element_type=\"section\" data-e-type=\"section\">\n\t\t\t\t\t\t<div class=\"elementor-container elementor-column-gap-default\">\n\t\t\t\t\t<div class=\"elementor-column elementor-col-100 elementor-top-column elementor-element elementor-element-4cd19b9\" data-id=\"4cd19b9\" data-element_type=\"column\" data-e-type=\"column\">\n\t\t\t<div class=\"elementor-widget-wrap elementor-element-populated\">\n\t\t\t\t\t\t<div class=\"elementor-element elementor-element-c2e30d7 elementor-widget elementor-widget-spacer\" data-id=\"c2e30d7\" data-element_type=\"widget\" data-e-type=\"widget\" data-widget_type=\"spacer.default\">\n\t\t\t\t<div class=\"elementor-widget-container\">\n\t\t\t\t\t\t\t<div class=\"elementor-spacer\">\n\t\t\t<div class=\"elementor-spacer-inner\"><\/div>\n\t\t<\/div>\n\t\t\t\t\t\t<\/div>\n\t\t\t\t<\/div>\n\t\t\t\t\t<\/div>\n\t\t<\/div>\n\t\t\t\t\t<\/div>\n\t\t<\/section>\n\t\t\t\t<section class=\"elementor-section elementor-top-section elementor-element elementor-element-afef68c elementor-section-boxed elementor-section-height-default elementor-section-height-default wpr-particle-no wpr-jarallax-no wpr-parallax-no wpr-sticky-section-no\" data-id=\"afef68c\" data-element_type=\"section\" data-e-type=\"section\">\n\t\t\t\t\t\t<div class=\"elementor-container elementor-column-gap-default\">\n\t\t\t\t\t<div class=\"elementor-column elementor-col-100 elementor-top-column elementor-element elementor-element-b58880c\" data-id=\"b58880c\" data-element_type=\"column\" data-e-type=\"column\">\n\t\t\t<div class=\"elementor-widget-wrap elementor-element-populated\">\n\t\t\t\t\t\t<div class=\"elementor-element elementor-element-1cbfdaf elementor-widget elementor-widget-heading\" data-id=\"1cbfdaf\" data-element_type=\"widget\" data-e-type=\"widget\" data-widget_type=\"heading.default\">\n\t\t\t\t<div class=\"elementor-widget-container\">\n\t\t\t\t\t<h2 class=\"elementor-heading-title elementor-size-default\">Resumo sobre a Hist\u00f3ria da Par\u00f3quia Sagrado Cora\u00e7\u00e3o de Jesus - Bequim\u00e3o<\/h2>\t\t\t\t<\/div>\n\t\t\t\t<\/div>\n\t\t\t\t\t<\/div>\n\t\t<\/div>\n\t\t\t\t\t<\/div>\n\t\t<\/section>\n\t\t\t\t<section class=\"elementor-section elementor-top-section elementor-element elementor-element-7057ff3 elementor-section-boxed elementor-section-height-default elementor-section-height-default wpr-particle-no wpr-jarallax-no wpr-parallax-no wpr-sticky-section-no\" data-id=\"7057ff3\" data-element_type=\"section\" data-e-type=\"section\">\n\t\t\t\t\t\t<div class=\"elementor-container elementor-column-gap-default\">\n\t\t\t\t\t<div class=\"elementor-column elementor-col-50 elementor-top-column elementor-element elementor-element-9e23221\" data-id=\"9e23221\" data-element_type=\"column\" data-e-type=\"column\">\n\t\t\t<div class=\"elementor-widget-wrap elementor-element-populated\">\n\t\t\t\t\t\t<div class=\"elementor-element elementor-element-1f21284 elementor-widget elementor-widget-text-editor\" data-id=\"1f21284\" data-element_type=\"widget\" data-e-type=\"widget\" data-widget_type=\"text-editor.default\">\n\t\t\t\t<div class=\"elementor-widget-container\">\n\t\t\t\t\t\t\t\t\t<p>A Par\u00f3quia Sagrado Cora\u00e7\u00e3o de Jesus nasceu em <strong>1979<\/strong>, junto com o conjunto Bequim\u00e3o. Desde a primeira missa celebrada em um terreno simples, a comunidade cresceu, organizou grupos pastorais e construiu sua primeira capela. Em <strong>1997<\/strong>, foi oficialmente elevada a par\u00f3quia, e em <strong>2008<\/strong> inaugurou a atual Igreja Matriz.<\/p>\t\t\t\t\t\t\t\t<\/div>\n\t\t\t\t<\/div>\n\t\t\t\t\t<\/div>\n\t\t<\/div>\n\t\t\t\t<div class=\"elementor-column elementor-col-50 elementor-top-column elementor-element elementor-element-acf9c14\" data-id=\"acf9c14\" data-element_type=\"column\" data-e-type=\"column\">\n\t\t\t<div class=\"elementor-widget-wrap elementor-element-populated\">\n\t\t\t\t\t\t<div class=\"elementor-element elementor-element-f517872 elementor-widget elementor-widget-text-editor\" data-id=\"f517872\" data-element_type=\"widget\" data-e-type=\"widget\" data-widget_type=\"text-editor.default\">\n\t\t\t\t<div class=\"elementor-widget-container\">\n\t\t\t\t\t\t\t\t\t<p>Ao longo dos anos, novos movimentos, obras e a\u00e7\u00f5es sociais fortaleceram a f\u00e9 e o compromisso comunit\u00e1rio. Hoje, a par\u00f3quia segue viva e atuante, acolhendo fi\u00e9is e promovendo evangeliza\u00e7\u00e3o, celebra\u00e7\u00f5es e projetos sociais.<\/p>\t\t\t\t\t\t\t\t<\/div>\n\t\t\t\t<\/div>\n\t\t\t\t\t<\/div>\n\t\t<\/div>\n\t\t\t\t\t<\/div>\n\t\t<\/section>\n\t\t\t\t<section class=\"elementor-section elementor-top-section elementor-element elementor-element-c4fa83f elementor-section-boxed elementor-section-height-default elementor-section-height-default wpr-particle-no wpr-jarallax-no wpr-parallax-no wpr-sticky-section-no\" data-id=\"c4fa83f\" data-element_type=\"section\" data-e-type=\"section\">\n\t\t\t\t\t\t<div class=\"elementor-container elementor-column-gap-default\">\n\t\t\t\t\t<div class=\"elementor-column elementor-col-100 elementor-top-column elementor-element elementor-element-7acee5d\" data-id=\"7acee5d\" data-element_type=\"column\" data-e-type=\"column\">\n\t\t\t<div class=\"elementor-widget-wrap elementor-element-populated\">\n\t\t\t\t\t\t<div class=\"elementor-element elementor-element-cb845df elementor-widget elementor-widget-spacer\" data-id=\"cb845df\" data-element_type=\"widget\" data-e-type=\"widget\" data-widget_type=\"spacer.default\">\n\t\t\t\t<div class=\"elementor-widget-container\">\n\t\t\t\t\t\t\t<div class=\"elementor-spacer\">\n\t\t\t<div class=\"elementor-spacer-inner\"><\/div>\n\t\t<\/div>\n\t\t\t\t\t\t<\/div>\n\t\t\t\t<\/div>\n\t\t\t\t\t<\/div>\n\t\t<\/div>\n\t\t\t\t\t<\/div>\n\t\t<\/section>\n\t\t\t\t<\/div>\n\t\t","protected":false},"excerpt":{"rendered":"<p>Avisos Vagas esgotadas &#8211; Inscri\u00e7\u00f5es encerradas para o XV Retiro Espiritual com o tema: \u201cEle veio morar entre n\u00f3s\u201d (Jo 1,14) Hor\u00e1rios de Missas Sexta-feira &#8211; 18h S\u00e1bado &#8211; 19h Domingo &#8211; 7h, 9h, 17h, 19h Toda 4\u00aa quinta-feira do m\u00eas &#8211; Celebra\u00e7\u00f5es Mission\u00e1rias &#8211; CEM&#8217;S ruas e resid\u00eancias &#8211; 19h30 Hor\u00e1rios da Secretaria Ter\u00e7a a Sexta &#8211; 8h \u00e0s 11h30 | 14h \u00e0s 17h30 S\u00e1bado &#8211; 8h \u00e0s 11h30 | 15h30 \u00e0s 20h Domingo &#8211; 6h30 \u00e0s 10h30 | 16h30 \u00e0s 20h30 Resumo sobre a Hist\u00f3ria da Par\u00f3quia Sagrado Cora\u00e7\u00e3o de Jesus &#8211; Bequim\u00e3o A Par\u00f3quia Sagrado Cora\u00e7\u00e3o de Jesus nasceu em 1979, junto com o conjunto Bequim\u00e3o. Desde a primeira missa celebrada em um terreno simples, a comunidade cresceu, organizou grupos pastorais e construiu sua primeira capela. Em 1997, foi oficialmente elevada a par\u00f3quia, e em 2008 inaugurou a atual Igreja Matriz. Ao longo dos anos, novos movimentos, obras e a\u00e7\u00f5es sociais fortaleceram a f\u00e9 e o compromisso comunit\u00e1rio. Hoje, a par\u00f3quia segue viva e atuante, acolhendo fi\u00e9is e promovendo evangeliza\u00e7\u00e3o, celebra\u00e7\u00f5es e projetos sociais.<\/p>\n","protected":false},"author":1,"featured_media":0,"parent":0,"menu_order":0,"comment_status":"closed","ping_status":"closed","template":"elementor_header_footer","meta":{"site-sidebar-layout":"no-sidebar","site-content-layout":"","ast-site-content-layout":"full-width-container","site-content-style":"default","site-sidebar-style":"default","ast-global-header-display":"","ast-banner-title-visibility":"","ast-main-header-display":"","ast-hfb-above-header-display":"","ast-hfb-below-header-display":"","ast-hfb-mobile-header-display":"","site-post-title":"disabled","ast-breadcrumbs-content":"","ast-featured-img":"disabled","footer-sml-layout":"","ast-disable-related-posts":"","theme-transparent-header-meta":"","adv-header-id-meta":"","stick-header-meta":"","header-above-stick-meta":"","header-main-stick-meta":"","header-below-stick-meta":"","astra-migrate-meta-layouts":"default","ast-page-background-enabled":"default","ast-page-background-meta":{"desktop":{"background-color":"var(--ast-global-color-5)","background-image":"","background-repeat":"repeat","background-position":"center center","background-size":"auto","background-attachment":"scroll","background-type":"","background-media":"","overlay-type":"","overlay-color":"","overlay-opacity":"","overlay-gradient":""},"tablet":{"background-color":"","background-image":"","background-repeat":"repeat","background-position":"center center","background-size":"auto","background-attachment":"scroll","background-type":"","background-media":"","overlay-type":"","overlay-color":"","overlay-opacity":"","overlay-gradient":""},"mobile":{"background-color":"","background-image":"","background-repeat":"repeat","background-position":"center center","background-size":"auto","background-attachment":"scroll","background-type":"","background-media":"","overlay-type":"","overlay-color":"","overlay-opacity":"","overlay-gradient":""}},"ast-content-background-meta":{"desktop":{"background-color":"var(--ast-global-color-4)","background-image":"","background-repeat":"repeat","background-position":"center center","background-size":"auto","background-attachment":"scroll","background-type":"","background-media":"","overlay-type":"","overlay-color":"","overlay-opacity":"","overlay-gradient":""},"tablet":{"background-color":"var(--ast-global-color-4)","background-image":"","background-repeat":"repeat","background-position":"center center","background-size":"auto","background-attachment":"scroll","background-type":"","background-media":"","overlay-type":"","overlay-color":"","overlay-opacity":"","overlay-gradient":""},"mobile":{"background-color":"var(--ast-global-color-4)","background-image":"","background-repeat":"repeat","background-position":"center center","background-size":"auto","background-attachment":"scroll","background-type":"","background-media":"","overlay-type":"","overlay-color":"","overlay-opacity":"","overlay-gradient":""}},"footnotes":""},"class_list":["post-12766","page","type-page","status-publish","hentry"],"_links":{"self":[{"href":"https:\/\/pscjslz.com.br\/index.php?rest_route=\/wp\/v2\/pages\/12766","targetHints":{"allow":["GET"]}}],"collection":[{"href":"https:\/\/pscjslz.com.br\/index.php?rest_route=\/wp\/v2\/pages"}],"about":[{"href":"https:\/\/pscjslz.com.br\/index.php?rest_route=\/wp\/v2\/types\/page"}],"author":[{"embeddable":true,"href":"https:\/\/pscjslz.com.br\/index.php?rest_route=\/wp\/v2\/users\/1"}],"replies":[{"embeddable":true,"href":"https:\/\/pscjslz.com.br\/index.php?rest_route=%2Fwp%2Fv2%2Fcomments&post=12766"}],"version-history":[{"count":128,"href":"https:\/\/pscjslz.com.br\/index.php?rest_route=\/wp\/v2\/pages\/12766\/revisions"}],"predecessor-version":[{"id":13935,"href":"https:\/\/pscjslz.com.br\/index.php?rest_route=\/wp\/v2\/pages\/12766\/revisions\/13935"}],"wp:attachment":[{"href":"https:\/\/pscjslz.com.br\/index.php?rest_route=%2Fwp%2Fv2%2Fmedia&parent=12766"}],"curies":[{"name":"wp","href":"https:\/\/api.w.org\/{rel}","templated":true}]}}